{"id":1252,"date":"2020-08-10T08:00:56","date_gmt":"2020-08-10T08:00:56","guid":{"rendered":"http:\/\/80.98.34.177\/kezdooldal\/"},"modified":"2026-03-03T12:46:32","modified_gmt":"2026-03-03T12:46:32","slug":"kezdooldal","status":"publish","type":"page","link":"https:\/\/mtsimtech.hu\/en\/","title":{"rendered":""},"content":{"rendered":"\n<h2 class=\"wp-block-heading\">Egy kis \u00edzel\u00edt\u0151 a k\u00edn\u00e1latb\u00f3l:<\/h2>\n\n\n\n<div class=\"wp-block-group\"><div class=\"wp-block-group__inner-container is-layout-constrained wp-block-group-is-layout-constrained\"><div data-block-name=\"woocommerce\/handpicked-products\" data-products=\"[10410,1816,10827]\" class=\"wc-block-grid wp-block-handpicked-products wp-block-woocommerce-handpicked-products wc-block-handpicked-products has-3-columns has-multiple-rows\"><ul class=\"wc-block-grid__products\"><li class=\"wc-block-grid__product\">\n\t\t\t\t<a href=\"https:\/\/mtsimtech.hu\/en\/product\/szekvencialis-valto\/\" class=\"wc-block-grid__product-link\">\n\t\t\t\t\t\n\t\t\t\t\t<div class=\"wc-block-grid__product-image\"><img loading=\"lazy\" decoding=\"async\" width=\"300\" height=\"188\" src=\"https:\/\/mtsimtech.hu\/wp-content\/uploads\/2026\/02\/625640850_2135046087030741_3069518079076134460_n-300x188.jpg\" class=\"attachment-woocommerce_thumbnail size-woocommerce_thumbnail\" alt=\"MT szekvenci\u00e1lis v\u00e1lt\u00f3\" srcset=\"https:\/\/mtsimtech.hu\/wp-content\/uploads\/2026\/02\/625640850_2135046087030741_3069518079076134460_n-300x188.jpg 300w, https:\/\/mtsimtech.hu\/wp-content\/uploads\/2026\/02\/625640850_2135046087030741_3069518079076134460_n-18x12.jpg 18w\" sizes=\"auto, (max-width: 300px) 100vw, 300px\" \/><\/div>\n\t\t\t\t\t<div class=\"wc-block-grid__product-title\">MT szekvenci\u00e1lis v\u00e1lt\u00f3<\/div>\n\t\t\t\t<\/a>\n\t\t\t\t<div class=\"wc-block-grid__product-price price\"><span class=\"woocs_price_code\" data-currency=\"\" data-redraw-id=\"69e0be11973b0\" data-product-id=\"10827\"><span class=\"woocommerce-Price-amount amount\" aria-hidden=\"true\">40,2<span class=\"woocommerce-Price-currencySymbol\">&euro;<\/span><\/span> <span aria-hidden=\"true\">&ndash;<\/span> <span class=\"woocommerce-Price-amount amount\" aria-hidden=\"true\">53,7<span class=\"woocommerce-Price-currencySymbol\">&euro;<\/span><\/span><span class=\"screen-reader-text\">\u00c1rtartom\u00e1ny: 40,2&euro; &#8211; 53,7&euro;<\/span><\/span><\/div>\n\t\t\t\t\n\t\t\t\t<div class=\"wp-block-button wc-block-grid__product-add-to-cart\"><a href=\"https:\/\/mtsimtech.hu\/en\/product\/szekvencialis-valto\/\" aria-label=\"Select options for &ldquo;MT szekvenci\u00e1lis v\u00e1lt\u00f3&rdquo;\" data-quantity=\"1\" data-product_id=\"10827\" data-product_sku=\"\" data-price=\"14900\" rel=\"nofollow\" class=\"wp-block-button__link  add_to_cart_button\">Select options<\/a><\/div>\n\t\t\t<\/li><li class=\"wc-block-grid__product\">\n\t\t\t\t<a href=\"https:\/\/mtsimtech.hu\/en\/product\/mt-szimulator-index\/\" class=\"wc-block-grid__product-link\">\n\t\t\t\t\t\n\t\t\t\t\t<div class=\"wc-block-grid__product-image\"><img loading=\"lazy\" decoding=\"async\" width=\"300\" height=\"188\" src=\"https:\/\/mtsimtech.hu\/wp-content\/uploads\/2025\/08\/IMG_1566_ws-300x188.jpg\" class=\"attachment-woocommerce_thumbnail size-woocommerce_thumbnail\" alt=\"MT Index\" srcset=\"https:\/\/mtsimtech.hu\/wp-content\/uploads\/2025\/08\/IMG_1566_ws-300x188.jpg 300w, https:\/\/mtsimtech.hu\/wp-content\/uploads\/2025\/08\/IMG_1566_ws-18x12.jpg 18w\" sizes=\"auto, (max-width: 300px) 100vw, 300px\" \/><\/div>\n\t\t\t\t\t<div class=\"wc-block-grid__product-title\">MT Index<\/div>\n\t\t\t\t<\/a>\n\t\t\t\t<div class=\"wc-block-grid__product-price price\"><span class=\"woocs_price_code\" data-currency=\"\" data-redraw-id=\"69e0be1197ae1\" data-product-id=\"10410\"><span class=\"woocommerce-Price-amount amount\" aria-hidden=\"true\">78,0<span class=\"woocommerce-Price-currencySymbol\">&euro;<\/span><\/span> <span aria-hidden=\"true\">&ndash;<\/span> <span class=\"woocommerce-Price-amount amount\" aria-hidden=\"true\">88,6<span class=\"woocommerce-Price-currencySymbol\">&euro;<\/span><\/span><span class=\"screen-reader-text\">\u00c1rtartom\u00e1ny: 78,0&euro; &#8211; 88,6&euro;<\/span><\/span><\/div>\n\t\t\t\t\n\t\t\t\t<div class=\"wp-block-button wc-block-grid__product-add-to-cart\"><a href=\"https:\/\/mtsimtech.hu\/en\/product\/mt-szimulator-index\/\" aria-label=\"Select options for &ldquo;MT Index&rdquo;\" data-quantity=\"1\" data-product_id=\"10410\" data-product_sku=\"\" data-price=\"28900\" rel=\"nofollow\" class=\"wp-block-button__link  add_to_cart_button\">Select options<\/a><\/div>\n\t\t\t<\/li><li class=\"wc-block-grid__product\">\n\t\t\t\t<a href=\"https:\/\/mtsimtech.hu\/en\/product\/wrc-szimulator-kezifek\/\" class=\"wc-block-grid__product-link\">\n\t\t\t\t\t\n\t\t\t\t\t<div class=\"wc-block-grid__product-image\"><img loading=\"lazy\" decoding=\"async\" width=\"300\" height=\"188\" src=\"https:\/\/mtsimtech.hu\/wp-content\/uploads\/2021\/02\/IMG_0003-1-300x188.jpg\" class=\"attachment-woocommerce_thumbnail size-woocommerce_thumbnail\" alt=\"WRC szimul\u00e1tor k\u00e9zif\u00e9k\" srcset=\"https:\/\/mtsimtech.hu\/wp-content\/uploads\/2021\/02\/IMG_0003-1-300x188.jpg 300w, https:\/\/mtsimtech.hu\/wp-content\/uploads\/2021\/02\/IMG_0003-1-18x12.jpg 18w\" sizes=\"auto, (max-width: 300px) 100vw, 300px\" \/><\/div>\n\t\t\t\t\t<div class=\"wc-block-grid__product-title\">WRC szimul\u00e1tor k\u00e9zif\u00e9k<\/div>\n\t\t\t\t<\/a>\n\t\t\t\t<div class=\"wc-block-grid__product-price price\"><span class=\"woocs_price_code\" data-currency=\"\" data-redraw-id=\"69e0be1198139\" data-product-id=\"1816\"><span class=\"woocommerce-Price-amount amount\" aria-hidden=\"true\">80,7<span class=\"woocommerce-Price-currencySymbol\">&euro;<\/span><\/span> <span aria-hidden=\"true\">&ndash;<\/span> <span class=\"woocommerce-Price-amount amount\" aria-hidden=\"true\">96,7<span class=\"woocommerce-Price-currencySymbol\">&euro;<\/span><\/span><span class=\"screen-reader-text\">\u00c1rtartom\u00e1ny: 80,7&euro; &#8211; 96,7&euro;<\/span><\/span><\/div>\n\t\t\t\t<div class=\"wc-block-grid__product-rating\"><div class=\"star-rating\" role=\"img\" aria-label=\"Rated 5.00 out of 5\"><span style=\"width:100%\">Rated <strong class=\"rating\">5.00<\/strong> out of 5 based on <span class=\"rating\">3<\/span> customer rating<\/span><\/div><\/div>\n\t\t\t\t<div class=\"wp-block-button wc-block-grid__product-add-to-cart\"><a href=\"https:\/\/mtsimtech.hu\/en\/product\/wrc-szimulator-kezifek\/\" aria-label=\"Select options for &ldquo;WRC szimul\u00e1tor k\u00e9zif\u00e9k&rdquo;\" data-quantity=\"1\" data-product_id=\"1816\" data-product_sku=\"\" data-price=\"29900\" rel=\"nofollow\" class=\"wp-block-button__link  add_to_cart_button\">Select options<\/a><\/div>\n\t\t\t<\/li><\/ul><\/div>\n\n<div data-block-name=\"woocommerce\/handpicked-products\" data-products=\"[1321,9668,10546]\" class=\"wc-block-grid wp-block-handpicked-products wp-block-woocommerce-handpicked-products wc-block-handpicked-products has-3-columns has-multiple-rows\"><ul class=\"wc-block-grid__products\"><li class=\"wc-block-grid__product\">\n\t\t\t\t<a href=\"https:\/\/mtsimtech.hu\/en\/product\/logitech-pedal-gt-inverz-pedaltarto\/\" class=\"wc-block-grid__product-link\">\n\t\t\t\t\t\n\t\t\t\t\t<div class=\"wc-block-grid__product-image\"><img loading=\"lazy\" decoding=\"async\" width=\"300\" height=\"188\" src=\"https:\/\/mtsimtech.hu\/wp-content\/uploads\/2025\/11\/IMG_2336-300x188.jpg\" class=\"attachment-woocommerce_thumbnail size-woocommerce_thumbnail\" alt=\"Logitech GT\/inverz ped\u00e1ltart\u00f3\" \/><\/div>\n\t\t\t\t\t<div class=\"wc-block-grid__product-title\">Logitech GT\/inverz ped\u00e1ltart\u00f3<\/div>\n\t\t\t\t<\/a>\n\t\t\t\t<div class=\"wc-block-grid__product-price price\"><span class=\"woocs_price_code\" data-currency=\"\" data-redraw-id=\"69e0be119fba6\" data-product-id=\"10546\"><span class=\"woocommerce-Price-amount amount\" aria-hidden=\"true\">37,5<span class=\"woocommerce-Price-currencySymbol\">&euro;<\/span><\/span> <span aria-hidden=\"true\">&ndash;<\/span> <span class=\"woocommerce-Price-amount amount\" aria-hidden=\"true\">52,7<span class=\"woocommerce-Price-currencySymbol\">&euro;<\/span><\/span><span class=\"screen-reader-text\">\u00c1rtartom\u00e1ny: 37,5&euro; &#8211; 52,7&euro;<\/span><\/span><\/div>\n\t\t\t\t\n\t\t\t\t<div class=\"wp-block-button wc-block-grid__product-add-to-cart\"><a href=\"https:\/\/mtsimtech.hu\/en\/product\/logitech-pedal-gt-inverz-pedaltarto\/\" aria-label=\"Select options for &ldquo;Logitech GT\/inverz ped\u00e1ltart\u00f3&rdquo;\" data-quantity=\"1\" data-product_id=\"10546\" data-product_sku=\"\" data-price=\"13900\" rel=\"nofollow\" class=\"wp-block-button__link  add_to_cart_button\">Select options<\/a><\/div>\n\t\t\t<\/li><li class=\"wc-block-grid__product\">\n\t\t\t\t<a href=\"https:\/\/mtsimtech.hu\/en\/product\/logitech-load-cell\/\" class=\"wc-block-grid__product-link\">\n\t\t\t\t\t\n\t\t\t\t\t<div class=\"wc-block-grid__product-image\"><img loading=\"lazy\" decoding=\"async\" width=\"300\" height=\"188\" src=\"https:\/\/mtsimtech.hu\/wp-content\/uploads\/2024\/11\/loadcell3-300x188.jpg\" class=\"attachment-woocommerce_thumbnail size-woocommerce_thumbnail\" alt=\"Logitech G29\/G920\/G923 load-cell\" \/><\/div>\n\t\t\t\t\t<div class=\"wc-block-grid__product-title\">Logitech G29\/G920\/G923 load-cell<\/div>\n\t\t\t\t<\/a>\n\t\t\t\t<div class=\"wc-block-grid__product-price price\"><span class=\"woocs_price_code\" data-currency=\"\" data-redraw-id=\"69e0be11a0194\" data-product-id=\"9668\"><span class=\"woocommerce-Price-amount amount\" aria-hidden=\"true\">40,2<span class=\"woocommerce-Price-currencySymbol\">&euro;<\/span><\/span> <span aria-hidden=\"true\">&ndash;<\/span> <span class=\"woocommerce-Price-amount amount\" aria-hidden=\"true\">58,6<span class=\"woocommerce-Price-currencySymbol\">&euro;<\/span><\/span><span class=\"screen-reader-text\">\u00c1rtartom\u00e1ny: 40,2&euro; &#8211; 58,6&euro;<\/span><\/span><\/div>\n\t\t\t\t\n\t\t\t\t<div class=\"wp-block-button wc-block-grid__product-add-to-cart\"><a href=\"https:\/\/mtsimtech.hu\/en\/product\/logitech-load-cell\/\" aria-label=\"Select options for &ldquo;Logitech G29\/G920\/G923 load-cell&rdquo;\" data-quantity=\"1\" data-product_id=\"9668\" data-product_sku=\"mt-simtech-logitech-loadcell\" data-price=\"14900\" rel=\"nofollow\" class=\"wp-block-button__link  add_to_cart_button\">Select options<\/a><\/div>\n\t\t\t<\/li><li class=\"wc-block-grid__product\">\n\t\t\t\t<a href=\"https:\/\/mtsimtech.hu\/en\/product\/f1-advanced\/\" class=\"wc-block-grid__product-link\">\n\t\t\t\t\t\n\t\t\t\t\t<div class=\"wc-block-grid__product-image\"><img loading=\"lazy\" decoding=\"async\" width=\"300\" height=\"188\" src=\"https:\/\/mtsimtech.hu\/wp-content\/uploads\/2020\/11\/DSC_0327-300x188.jpg\" class=\"attachment-woocommerce_thumbnail size-woocommerce_thumbnail\" alt=\"F1 Advanced\" srcset=\"https:\/\/mtsimtech.hu\/wp-content\/uploads\/2020\/11\/DSC_0327-300x188.jpg 300w, https:\/\/mtsimtech.hu\/wp-content\/uploads\/2020\/11\/DSC_0327-16x10.jpg 16w\" sizes=\"auto, (max-width: 300px) 100vw, 300px\" \/><\/div>\n\t\t\t\t\t<div class=\"wc-block-grid__product-title\">F1 Advanced<\/div>\n\t\t\t\t<\/a>\n\t\t\t\t<div class=\"wc-block-grid__product-price price\"><span class=\"woocs_price_code\" data-currency=\"\" data-redraw-id=\"69e0be11a05b3\" data-product-id=\"1321\"><span class=\"woocommerce-Price-amount amount\">59,1<span class=\"woocommerce-Price-currencySymbol\">&euro;<\/span><\/span><\/span><\/div>\n\t\t\t\t<div class=\"wc-block-grid__product-rating\"><div class=\"star-rating\" role=\"img\" aria-label=\"Rated 5.00 out of 5\"><span style=\"width:100%\">Rated <strong class=\"rating\">5.00<\/strong> out of 5 based on <span class=\"rating\">1<\/span> customer rating<\/span><\/div><\/div>\n\t\t\t\t<div class=\"wp-block-button wc-block-grid__product-add-to-cart\"><a href=\"https:\/\/mtsimtech.hu\/en\/product\/f1-advanced\/\" aria-label=\"Select options for &ldquo;F1 Advanced&rdquo;\" data-quantity=\"1\" data-product_id=\"1321\" data-product_sku=\"addon_g29_1-1\" data-price=\"21900\" rel=\"nofollow\" class=\"wp-block-button__link  add_to_cart_button\">Select options<\/a><\/div>\n\t\t\t<\/li><\/ul><\/div>\n\n<div data-block-name=\"woocommerce\/handpicked-products\" data-products=\"[3504,10297,6377]\" class=\"wc-block-grid wp-block-handpicked-products wp-block-woocommerce-handpicked-products wc-block-handpicked-products has-3-columns has-multiple-rows\"><ul class=\"wc-block-grid__products\"><li class=\"wc-block-grid__product\">\n\t\t\t\t<a href=\"https:\/\/mtsimtech.hu\/en\/product\/fanatec-wrc-bmw-p1-magneses-valto-mod\/\" class=\"wc-block-grid__product-link\">\n\t\t\t\t\t\n\t\t\t\t\t<div class=\"wc-block-grid__product-image\"><img loading=\"lazy\" decoding=\"async\" width=\"300\" height=\"188\" src=\"https:\/\/mtsimtech.hu\/wp-content\/uploads\/2025\/06\/IMG_0768_ws-300x188.jpg\" class=\"attachment-woocommerce_thumbnail size-woocommerce_thumbnail\" alt=\"Fanatec WRC\/BMW\/P1 m\u00e1gneses v\u00e1lt\u00f3 mod\" srcset=\"https:\/\/mtsimtech.hu\/wp-content\/uploads\/2025\/06\/IMG_0768_ws-300x188.jpg 300w, https:\/\/mtsimtech.hu\/wp-content\/uploads\/2025\/06\/IMG_0768_ws-18x10.jpg 18w\" sizes=\"auto, (max-width: 300px) 100vw, 300px\" \/><\/div>\n\t\t\t\t\t<div class=\"wc-block-grid__product-title\">Fanatec WRC\/BMW\/P1 m\u00e1gneses v\u00e1lt\u00f3 mod<\/div>\n\t\t\t\t<\/a>\n\t\t\t\t<div class=\"wc-block-grid__product-price price\"><span class=\"woocs_price_code\" data-currency=\"\" data-redraw-id=\"69e0be11a4cc1\" data-product-id=\"10297\"><span class=\"woocommerce-Price-amount amount\">15,9<span class=\"woocommerce-Price-currencySymbol\">&euro;<\/span><\/span><\/span><\/div>\n\t\t\t\t\n\t\t\t\t<div class=\"wp-block-button wc-block-grid__product-add-to-cart\"><a href=\"https:\/\/mtsimtech.hu\/en\/product\/fanatec-wrc-bmw-p1-magneses-valto-mod\/\" aria-label=\"Select options for &ldquo;Fanatec WRC\/BMW\/P1 m\u00e1gneses v\u00e1lt\u00f3 mod&rdquo;\" data-quantity=\"1\" data-product_id=\"10297\" data-product_sku=\"\" data-price=\"5900\" rel=\"nofollow\" class=\"wp-block-button__link  add_to_cart_button\">Select options<\/a><\/div>\n\t\t\t<\/li><li class=\"wc-block-grid__product\">\n\t\t\t\t<a href=\"https:\/\/mtsimtech.hu\/en\/product\/csl-v2-fekmod\/\" class=\"wc-block-grid__product-link\">\n\t\t\t\t\t\n\t\t\t\t\t<div class=\"wc-block-grid__product-image\"><img loading=\"lazy\" decoding=\"async\" width=\"300\" height=\"188\" src=\"https:\/\/mtsimtech.hu\/wp-content\/uploads\/2024\/05\/624177227_912457621309585_2673820352319600157_n-e1769891486725-300x188.jpg\" class=\"attachment-woocommerce_thumbnail size-woocommerce_thumbnail\" alt=\"Fanatec CSL Elite V1 \u00e9s V2 f\u00e9kmod\" \/><\/div>\n\t\t\t\t\t<div class=\"wc-block-grid__product-title\">Fanatec CSL Elite V1 \u00e9s V2 f\u00e9kmod<\/div>\n\t\t\t\t<\/a>\n\t\t\t\t<div class=\"wc-block-grid__product-price price\"><span class=\"woocs_price_code\" data-currency=\"\" data-redraw-id=\"69e0be11a507b\" data-product-id=\"6377\"><span class=\"woocommerce-Price-amount amount\">11,3<span class=\"woocommerce-Price-currencySymbol\">&euro;<\/span><\/span><\/span><\/div>\n\t\t\t\t\n\t\t\t\t<div class=\"wp-block-button wc-block-grid__product-add-to-cart\"><a href=\"\/en\/wp-json\/wp\/v2\/pages\/1252?add-to-cart=6377\" aria-label=\"Add to basket: &ldquo;Fanatec CSL Elite V1 \u00e9s V2 f\u00e9kmod&rdquo;\" data-quantity=\"1\" data-product_id=\"6377\" data-product_sku=\"\" data-price=\"4200\" rel=\"nofollow\" class=\"wp-block-button__link  add_to_cart_button ajax_add_to_cart\">Add to basket<\/a><\/div>\n\t\t\t<\/li><li class=\"wc-block-grid__product\">\n\t\t\t\t<a href=\"https:\/\/mtsimtech.hu\/en\/product\/fanatec-telefontarto\/\" class=\"wc-block-grid__product-link\">\n\t\t\t\t\t\n\t\t\t\t\t<div class=\"wc-block-grid__product-image\"><img loading=\"lazy\" decoding=\"async\" width=\"300\" height=\"188\" src=\"https:\/\/mtsimtech.hu\/wp-content\/uploads\/2021\/03\/P6A40331_GB-300x188.jpg\" class=\"attachment-woocommerce_thumbnail size-woocommerce_thumbnail\" alt=\"Fanatec telefontart\u00f3\" srcset=\"https:\/\/mtsimtech.hu\/wp-content\/uploads\/2021\/03\/P6A40331_GB-300x188.jpg 300w, https:\/\/mtsimtech.hu\/wp-content\/uploads\/2021\/03\/P6A40331_GB-18x12.jpg 18w\" sizes=\"auto, (max-width: 300px) 100vw, 300px\" \/><\/div>\n\t\t\t\t\t<div class=\"wc-block-grid__product-title\">Fanatec telefontart\u00f3<\/div>\n\t\t\t\t<\/a>\n\t\t\t\t<div class=\"wc-block-grid__product-price price\"><span class=\"woocs_price_code\" data-currency=\"\" data-redraw-id=\"69e0be11a5394\" data-product-id=\"3504\"><span class=\"woocommerce-Price-amount amount\">14,6<span class=\"woocommerce-Price-currencySymbol\">&euro;<\/span><\/span><\/span><\/div>\n\t\t\t\t\n\t\t\t\t<div class=\"wp-block-button wc-block-grid__product-add-to-cart\"><a href=\"\/en\/wp-json\/wp\/v2\/pages\/1252?add-to-cart=3504\" aria-label=\"Add to basket: &ldquo;Fanatec telefontart\u00f3&rdquo;\" data-quantity=\"1\" data-product_id=\"3504\" data-product_sku=\"\" data-price=\"5400\" rel=\"nofollow\" class=\"wp-block-button__link  add_to_cart_button ajax_add_to_cart\">Add to basket<\/a><\/div>\n\t\t\t<\/li><\/ul><\/div><\/div><\/div>\n\n\n\n<div class=\"wp-block-group\"><div class=\"wp-block-group__inner-container is-layout-flow wp-block-group-is-layout-flow\">\n<ul class=\"wp-block-social-links aligncenter is-style-pill-shape is-layout-flex wp-block-social-links-is-layout-flex\"><li class=\"wp-social-link wp-social-link-facebook  wp-block-social-link\"><a rel=\"noopener nofollow\" target=\"_blank\" href=\"https:\/\/facebook.com\/mtsimtech\" class=\"wp-block-social-link-anchor\"><svg width=\"24\" height=\"24\" viewBox=\"0 0 24 24\" version=\"1.1\" xmlns=\"http:\/\/www.w3.org\/2000\/svg\" aria-hidden=\"true\" focusable=\"false\"><path d=\"M12 2C6.5 2 2 6.5 2 12c0 5 3.7 9.1 8.4 9.9v-7H7.9V12h2.5V9.8c0-2.5 1.5-3.9 3.8-3.9 1.1 0 2.2.2 2.2.2v2.5h-1.3c-1.2 0-1.6.8-1.6 1.6V12h2.8l-.4 2.9h-2.3v7C18.3 21.1 22 17 22 12c0-5.5-4.5-10-10-10z\"><\/path><\/svg><span class=\"wp-block-social-link-label screen-reader-text\">MT Simtech facebook<\/span><\/a><\/li><\/ul>\n<\/div><\/div>\n\n\n\n<p><\/p>\n","protected":false},"excerpt":{"rendered":"<p>Our most popular products<\/p>","protected":false},"author":7,"featured_media":0,"parent":0,"menu_order":0,"comment_status":"closed","ping_status":"closed","template":"","meta":{"footnotes":""},"class_list":["post-1252","page","type-page","status-publish"],"_links":{"self":[{"href":"https:\/\/mtsimtech.hu\/en\/wp-json\/wp\/v2\/pages\/1252","targetHints":{"allow":["GET"]}}],"collection":[{"href":"https:\/\/mtsimtech.hu\/en\/wp-json\/wp\/v2\/pages"}],"about":[{"href":"https:\/\/mtsimtech.hu\/en\/wp-json\/wp\/v2\/types\/page"}],"author":[{"embeddable":true,"href":"https:\/\/mtsimtech.hu\/en\/wp-json\/wp\/v2\/users\/7"}],"replies":[{"embeddable":true,"href":"https:\/\/mtsimtech.hu\/en\/wp-json\/wp\/v2\/comments?post=1252"}],"version-history":[{"count":5,"href":"https:\/\/mtsimtech.hu\/en\/wp-json\/wp\/v2\/pages\/1252\/revisions"}],"predecessor-version":[{"id":10882,"href":"https:\/\/mtsimtech.hu\/en\/wp-json\/wp\/v2\/pages\/1252\/revisions\/10882"}],"wp:attachment":[{"href":"https:\/\/mtsimtech.hu\/en\/wp-json\/wp\/v2\/media?parent=1252"}],"curies":[{"name":"wp","href":"https:\/\/api.w.org\/{rel}","templated":true}]}}