{"id":1282,"date":"2020-08-14T19:44:46","date_gmt":"2020-08-14T19:44:46","guid":{"rendered":"http:\/\/80.98.34.177\/?page_id=1282"},"modified":"2025-03-12T10:17:11","modified_gmt":"2025-03-12T10:17:11","slug":"kormanyok","status":"publish","type":"page","link":"https:\/\/mtsimtech.hu\/en\/kormanyok\/","title":{"rendered":"Wheels"},"content":{"rendered":"\n<h2 class=\"wp-block-heading\">Logitech, Thrustmaster add-on korm\u00e1nyok<\/h2>\n\n\n<div data-block-name=\"woocommerce\/product-category\" data-categories=\"[82,141]\" data-content-visibility=\"{&quot;title&quot;:true,&quot;price&quot;:true,&quot;rating&quot;:true,&quot;button&quot;:true}\" data-orderby=\"popularity\" data-rows=\"4\" class=\"wc-block-grid wp-block-product-category wp-block-woocommerce-product-category wc-block-product-category has-3-columns has-multiple-rows\"><ul class=\"wc-block-grid__products\"><li class=\"wc-block-grid__product\">\n\t\t\t\t<a href=\"https:\/\/mtsimtech.hu\/en\/product\/f1-advanced\/\" class=\"wc-block-grid__product-link\">\n\t\t\t\t\t\n\t\t\t\t\t<div class=\"wc-block-grid__product-image\"><img loading=\"lazy\" decoding=\"async\" width=\"300\" height=\"188\" src=\"https:\/\/mtsimtech.hu\/wp-content\/uploads\/2020\/11\/DSC_0327-300x188.jpg\" class=\"attachment-woocommerce_thumbnail size-woocommerce_thumbnail\" alt=\"F1 Advanced\" srcset=\"https:\/\/mtsimtech.hu\/wp-content\/uploads\/2020\/11\/DSC_0327-300x188.jpg 300w, https:\/\/mtsimtech.hu\/wp-content\/uploads\/2020\/11\/DSC_0327-16x10.jpg 16w\" sizes=\"auto, (max-width: 300px) 100vw, 300px\" \/><\/div>\n\t\t\t\t\t<div class=\"wc-block-grid__product-title\">F1 Advanced<\/div>\n\t\t\t\t<\/a>\n\t\t\t\t<div class=\"wc-block-grid__product-price price\"><span class=\"woocs_price_code\" data-currency=\"\" data-redraw-id=\"69e28b5c06d6a\" data-product-id=\"1321\"><span class=\"woocommerce-Price-amount amount\">21.900&nbsp;<span class=\"woocommerce-Price-currencySymbol\">&#070;&#116;<\/span><\/span><\/span><\/div>\n\t\t\t\t<div class=\"wc-block-grid__product-rating\"><div class=\"star-rating\" role=\"img\" aria-label=\"Rated 5.00 out of 5\"><span style=\"width:100%\">Rated <strong class=\"rating\">5.00<\/strong> out of 5 based on <span class=\"rating\">1<\/span> customer rating<\/span><\/div><\/div>\n\t\t\t\t<div class=\"wp-block-button wc-block-grid__product-add-to-cart\"><a href=\"https:\/\/mtsimtech.hu\/en\/product\/f1-advanced\/\" aria-label=\"Select options for &ldquo;F1 Advanced&rdquo;\" data-quantity=\"1\" data-product_id=\"1321\" data-product_sku=\"addon_g29_1-1\" data-price=\"21900\" rel=\"nofollow\" class=\"wp-block-button__link  add_to_cart_button\">Select options<\/a><\/div>\n\t\t\t<\/li><li class=\"wc-block-grid__product\">\n\t\t\t\t<a href=\"https:\/\/mtsimtech.hu\/en\/product\/f1-classic-thrustmaster-edition\/\" class=\"wc-block-grid__product-link\">\n\t\t\t\t\t\n\t\t\t\t\t<div class=\"wc-block-grid__product-image\"><img loading=\"lazy\" decoding=\"async\" width=\"300\" height=\"188\" src=\"https:\/\/mtsimtech.hu\/wp-content\/uploads\/2022\/11\/0003-300x188.jpg\" class=\"attachment-woocommerce_thumbnail size-woocommerce_thumbnail\" alt=\"F1 Classic Thrustmaster Edition\" srcset=\"https:\/\/mtsimtech.hu\/wp-content\/uploads\/2022\/11\/0003-300x188.jpg 300w, https:\/\/mtsimtech.hu\/wp-content\/uploads\/2022\/11\/0003-18x12.jpg 18w\" sizes=\"auto, (max-width: 300px) 100vw, 300px\" \/><\/div>\n\t\t\t\t\t<div class=\"wc-block-grid__product-title\">F1 Classic Thrustmaster Edition<\/div>\n\t\t\t\t<\/a>\n\t\t\t\t<div class=\"wc-block-grid__product-price price\"><span class=\"woocs_price_code\" data-currency=\"\" data-redraw-id=\"69e28b5c07308\" data-product-id=\"4294\"><span class=\"woocommerce-Price-amount amount\" aria-hidden=\"true\">14.900&nbsp;<span class=\"woocommerce-Price-currencySymbol\">&#070;&#116;<\/span><\/span> <span aria-hidden=\"true\">&ndash;<\/span> <span class=\"woocommerce-Price-amount amount\" aria-hidden=\"true\">15.900&nbsp;<span class=\"woocommerce-Price-currencySymbol\">&#070;&#116;<\/span><\/span><span class=\"screen-reader-text\">\u00c1rtartom\u00e1ny: 14.900&nbsp;&#070;&#116; &#8211; 15.900&nbsp;&#070;&#116;<\/span><\/span><\/div>\n\t\t\t\t\n\t\t\t\t<div class=\"wp-block-button wc-block-grid__product-add-to-cart\"><a href=\"https:\/\/mtsimtech.hu\/en\/product\/f1-classic-thrustmaster-edition\/\" aria-label=\"Select options for &ldquo;F1 Classic Thrustmaster Edition&rdquo;\" data-quantity=\"1\" data-product_id=\"4294\" data-product_sku=\"\" data-price=\"14900\" rel=\"nofollow\" class=\"wp-block-button__link  add_to_cart_button\">Select options<\/a><\/div>\n\t\t\t<\/li><li class=\"wc-block-grid__product\">\n\t\t\t\t<a href=\"https:\/\/mtsimtech.hu\/en\/product\/f1-advanced-livery-editions\/\" class=\"wc-block-grid__product-link\">\n\t\t\t\t\t\n\t\t\t\t\t<div class=\"wc-block-grid__product-image\"><img loading=\"lazy\" decoding=\"async\" width=\"300\" height=\"188\" src=\"https:\/\/mtsimtech.hu\/wp-content\/uploads\/2025\/04\/IMG_0129-300x188.jpg\" class=\"attachment-woocommerce_thumbnail size-woocommerce_thumbnail\" alt=\"F1 Advanced Livery Editions\" \/><\/div>\n\t\t\t\t\t<div class=\"wc-block-grid__product-title\">F1 Advanced Livery Editions<\/div>\n\t\t\t\t<\/a>\n\t\t\t\t<div class=\"wc-block-grid__product-price price\"><span class=\"woocs_price_code\" data-currency=\"\" data-redraw-id=\"69e28b5c077a1\" data-product-id=\"10170\"><span class=\"woocommerce-Price-amount amount\">21.900&nbsp;<span class=\"woocommerce-Price-currencySymbol\">&#070;&#116;<\/span><\/span><\/span><\/div>\n\t\t\t\t\n\t\t\t\t<div class=\"wp-block-button wc-block-grid__product-add-to-cart\"><a href=\"https:\/\/mtsimtech.hu\/en\/product\/f1-advanced-livery-editions\/\" aria-label=\"Select options for &ldquo;F1 Advanced Livery Editions&rdquo;\" data-quantity=\"1\" data-product_id=\"10170\" data-product_sku=\"\" data-price=\"21900\" rel=\"nofollow\" class=\"wp-block-button__link  add_to_cart_button\">Select options<\/a><\/div>\n\t\t\t<\/li><li class=\"wc-block-grid__product\">\n\t\t\t\t<a href=\"https:\/\/mtsimtech.hu\/en\/product\/f1-advanced-thrustmaster-edition\/\" class=\"wc-block-grid__product-link\">\n\t\t\t\t\t\n\t\t\t\t\t<div class=\"wc-block-grid__product-image\"><img loading=\"lazy\" decoding=\"async\" width=\"300\" height=\"188\" src=\"https:\/\/mtsimtech.hu\/wp-content\/uploads\/2020\/11\/DSC_0310-300x188.jpg\" class=\"attachment-woocommerce_thumbnail size-woocommerce_thumbnail\" alt=\"F1 Advanced Thrustmaster Edition\" \/><\/div>\n\t\t\t\t\t<div class=\"wc-block-grid__product-title\">F1 Advanced Thrustmaster Edition<\/div>\n\t\t\t\t<\/a>\n\t\t\t\t<div class=\"wc-block-grid__product-price price\"><span class=\"woocs_price_code\" data-currency=\"\" data-redraw-id=\"69e28b5c07add\" data-product-id=\"10913\"><span class=\"woocommerce-Price-amount amount\">20.900&nbsp;<span class=\"woocommerce-Price-currencySymbol\">&#070;&#116;<\/span><\/span><\/span><\/div>\n\t\t\t\t\n\t\t\t\t<div class=\"wp-block-button wc-block-grid__product-add-to-cart\"><a href=\"https:\/\/mtsimtech.hu\/en\/product\/f1-advanced-thrustmaster-edition\/\" aria-label=\"Select options for &ldquo;F1 Advanced Thrustmaster Edition&rdquo;\" data-quantity=\"1\" data-product_id=\"10913\" data-product_sku=\"\" data-price=\"20900\" rel=\"nofollow\" class=\"wp-block-button__link  add_to_cart_button\">Select options<\/a><\/div>\n\t\t\t<\/li><\/ul><\/div>\n\n\n<h2 class=\"wp-block-heading\">Logitech, Thrustmaster korm\u00e1ny adapterek<\/h2>\n\n\n\n<div class=\"wp-block-group\"><div class=\"wp-block-group__inner-container is-layout-constrained wp-block-group-is-layout-constrained\"><div data-block-name=\"woocommerce\/product-category\" data-categories=\"[139]\" data-orderby=\"price_asc\" class=\"wc-block-grid wp-block-product-category wp-block-woocommerce-product-category wc-block-product-category has-3-columns has-multiple-rows\"><ul class=\"wc-block-grid__products\"><li class=\"wc-block-grid__product\">\n\t\t\t\t<a href=\"https:\/\/mtsimtech.hu\/en\/product\/thrustmaster-quick-release-feszito-gyuru\/\" class=\"wc-block-grid__product-link\">\n\t\t\t\t\t\n\t\t\t\t\t<div class=\"wc-block-grid__product-image\"><img loading=\"lazy\" decoding=\"async\" width=\"300\" height=\"188\" src=\"https:\/\/mtsimtech.hu\/wp-content\/uploads\/2023\/01\/P6A9360_GB-300x188.jpg\" class=\"attachment-woocommerce_thumbnail size-woocommerce_thumbnail\" alt=\"Thrustmaster Quick-release fesz\u00edt\u0151 gy\u0171r\u0171\" \/><\/div>\n\t\t\t\t\t<div class=\"wc-block-grid__product-title\">Thrustmaster Quick-release fesz\u00edt\u0151 gy\u0171r\u0171<\/div>\n\t\t\t\t<\/a>\n\t\t\t\t<div class=\"wc-block-grid__product-price price\"><span class=\"woocs_price_code\" data-currency=\"\" data-redraw-id=\"69e28b5c14ac4\" data-product-id=\"4577\"><span class=\"woocommerce-Price-amount amount\" aria-hidden=\"true\">2.400&nbsp;<span class=\"woocommerce-Price-currencySymbol\">&#070;&#116;<\/span><\/span> <span aria-hidden=\"true\">&ndash;<\/span> <span class=\"woocommerce-Price-amount amount\" aria-hidden=\"true\">2.690&nbsp;<span class=\"woocommerce-Price-currencySymbol\">&#070;&#116;<\/span><\/span><span class=\"screen-reader-text\">\u00c1rtartom\u00e1ny: 2.400&nbsp;&#070;&#116; &#8211; 2.690&nbsp;&#070;&#116;<\/span><\/span><\/div>\n\t\t\t\t\n\t\t\t\t<div class=\"wp-block-button wc-block-grid__product-add-to-cart\"><a href=\"https:\/\/mtsimtech.hu\/en\/product\/thrustmaster-quick-release-feszito-gyuru\/\" aria-label=\"Select options for &ldquo;Thrustmaster Quick-release fesz\u00edt\u0151 gy\u0171r\u0171&rdquo;\" data-quantity=\"1\" data-product_id=\"4577\" data-product_sku=\"\" data-price=\"2400\" rel=\"nofollow\" class=\"wp-block-button__link  add_to_cart_button\">Select options<\/a><\/div>\n\t\t\t<\/li><li class=\"wc-block-grid__product\">\n\t\t\t\t<a href=\"https:\/\/mtsimtech.hu\/en\/product\/thrustmaster-t300-70mm-adapter\/\" class=\"wc-block-grid__product-link\">\n\t\t\t\t\t\n\t\t\t\t\t<div class=\"wc-block-grid__product-image\"><img loading=\"lazy\" decoding=\"async\" width=\"300\" height=\"188\" src=\"https:\/\/mtsimtech.hu\/wp-content\/uploads\/2021\/06\/Screenshot-from-2021-11-19-09-25-51-300x188.png\" class=\"attachment-woocommerce_thumbnail size-woocommerce_thumbnail\" alt=\"Thrustmaster &quot;on-top&quot; 70mm adapter\" \/><\/div>\n\t\t\t\t\t<div class=\"wc-block-grid__product-title\">Thrustmaster &#8222;on-top&#8221; 70mm adapter<\/div>\n\t\t\t\t<\/a>\n\t\t\t\t<div class=\"wc-block-grid__product-price price\"><span class=\"woocs_price_code\" data-currency=\"\" data-redraw-id=\"69e28b5c14f39\" data-product-id=\"2149\"><span class=\"woocommerce-Price-amount amount\">3.900&nbsp;<span class=\"woocommerce-Price-currencySymbol\">&#070;&#116;<\/span><\/span><\/span><\/div>\n\t\t\t\t<div class=\"wc-block-grid__product-rating\"><div class=\"star-rating\" role=\"img\" aria-label=\"Rated 5.00 out of 5\"><span style=\"width:100%\">Rated <strong class=\"rating\">5.00<\/strong> out of 5 based on <span class=\"rating\">1<\/span> customer rating<\/span><\/div><\/div>\n\t\t\t\t<div class=\"wp-block-button wc-block-grid__product-add-to-cart\"><a href=\"\/en\/wp-json\/wp\/v2\/pages\/1282?add-to-cart=2149\" aria-label=\"Add to basket: &ldquo;Thrustmaster &quot;on-top&quot; 70mm adapter&rdquo;\" data-quantity=\"1\" data-product_id=\"2149\" data-product_sku=\"\" data-price=\"3900\" rel=\"nofollow\" class=\"wp-block-button__link  add_to_cart_button ajax_add_to_cart\">Add to basket<\/a><\/div>\n\t\t\t<\/li><li class=\"wc-block-grid__product\">\n\t\t\t\t<a href=\"https:\/\/mtsimtech.hu\/en\/product\/thrustmaster-t150-tmx-6x70mm-adapter\/\" class=\"wc-block-grid__product-link\">\n\t\t\t\t\t\n\t\t\t\t\t<div class=\"wc-block-grid__product-image\"><img loading=\"lazy\" decoding=\"async\" width=\"300\" height=\"188\" src=\"https:\/\/mtsimtech.hu\/wp-content\/uploads\/2025\/11\/tmx_70mm-300x188.jpg\" class=\"attachment-woocommerce_thumbnail size-woocommerce_thumbnail\" alt=\"Thrustmaster T150\/TMX - 6x70mm - adapter\" \/><\/div>\n\t\t\t\t\t<div class=\"wc-block-grid__product-title\">Thrustmaster T150\/TMX &#8211; 6x70mm &#8211; adapter<\/div>\n\t\t\t\t<\/a>\n\t\t\t\t<div class=\"wc-block-grid__product-price price\"><span class=\"woocs_price_code\" data-currency=\"\" data-redraw-id=\"69e28b5c15283\" data-product-id=\"10565\"><span class=\"woocommerce-Price-amount amount\">3.900&nbsp;<span class=\"woocommerce-Price-currencySymbol\">&#070;&#116;<\/span><\/span><\/span><\/div>\n\t\t\t\t\n\t\t\t\t<div class=\"wp-block-button wc-block-grid__product-add-to-cart\"><a href=\"\/en\/wp-json\/wp\/v2\/pages\/1282?add-to-cart=10565\" aria-label=\"Add to basket: &ldquo;Thrustmaster T150\/TMX - 6x70mm - adapter&rdquo;\" data-quantity=\"1\" data-product_id=\"10565\" data-product_sku=\"\" data-price=\"3900\" rel=\"nofollow\" class=\"wp-block-button__link  add_to_cart_button ajax_add_to_cart\">Add to basket<\/a><\/div>\n\t\t\t<\/li><li class=\"wc-block-grid__product\">\n\t\t\t\t<a href=\"https:\/\/mtsimtech.hu\/en\/product\/moza-6x70mm-adapter\/\" class=\"wc-block-grid__product-link\">\n\t\t\t\t\t\n\t\t\t\t\t<div class=\"wc-block-grid__product-image\"><img loading=\"lazy\" decoding=\"async\" width=\"300\" height=\"188\" src=\"https:\/\/mtsimtech.hu\/wp-content\/uploads\/2026\/03\/moza_6x70mm-300x188.jpg\" class=\"attachment-woocommerce_thumbnail size-woocommerce_thumbnail\" alt=\"Moza - 6x70mm - adapter\" \/><\/div>\n\t\t\t\t\t<div class=\"wc-block-grid__product-title\">Moza &#8211; 6x70mm &#8211; adapter<\/div>\n\t\t\t\t<\/a>\n\t\t\t\t<div class=\"wc-block-grid__product-price price\"><span class=\"woocs_price_code\" data-currency=\"\" data-redraw-id=\"69e28b5c15569\" data-product-id=\"10897\"><span class=\"woocommerce-Price-amount amount\">3.900&nbsp;<span class=\"woocommerce-Price-currencySymbol\">&#070;&#116;<\/span><\/span><\/span><\/div>\n\t\t\t\t\n\t\t\t\t<div class=\"wp-block-button wc-block-grid__product-add-to-cart\"><a href=\"\/en\/wp-json\/wp\/v2\/pages\/1282?add-to-cart=10897\" aria-label=\"Add to basket: &ldquo;Moza - 6x70mm - adapter&rdquo;\" data-quantity=\"1\" data-product_id=\"10897\" data-product_sku=\"\" data-price=\"3900\" rel=\"nofollow\" class=\"wp-block-button__link  add_to_cart_button ajax_add_to_cart\">Add to basket<\/a><\/div>\n\t\t\t<\/li><li class=\"wc-block-grid__product\">\n\t\t\t\t<a href=\"https:\/\/mtsimtech.hu\/en\/product\/thrustmaster-6x70mm-quick-release-adapter\/\" class=\"wc-block-grid__product-link\">\n\t\t\t\t\t\n\t\t\t\t\t<div class=\"wc-block-grid__product-image\"><img loading=\"lazy\" decoding=\"async\" width=\"300\" height=\"188\" src=\"https:\/\/mtsimtech.hu\/wp-content\/uploads\/2020\/12\/IMG_0809_ws-300x188.jpg\" class=\"attachment-woocommerce_thumbnail size-woocommerce_thumbnail\" alt=\"Thrustmaster - 6x70mm - Quick-release adapter\" \/><\/div>\n\t\t\t\t\t<div class=\"wc-block-grid__product-title\">Thrustmaster &#8211; 6x70mm &#8211; Quick-release adapter<\/div>\n\t\t\t\t<\/a>\n\t\t\t\t<div class=\"wc-block-grid__product-price price\"><span class=\"woocs_price_code\" data-currency=\"\" data-redraw-id=\"69e28b5c158c5\" data-product-id=\"1472\"><span class=\"woocommerce-Price-amount amount\">4.900&nbsp;<span class=\"woocommerce-Price-currencySymbol\">&#070;&#116;<\/span><\/span><\/span><\/div>\n\t\t\t\t<div class=\"wc-block-grid__product-rating\"><div class=\"star-rating\" role=\"img\" aria-label=\"Rated 5.00 out of 5\"><span style=\"width:100%\">Rated <strong class=\"rating\">5.00<\/strong> out of 5 based on <span class=\"rating\">1<\/span> customer rating<\/span><\/div><\/div>\n\t\t\t\t<div class=\"wp-block-button wc-block-grid__product-add-to-cart\"><a href=\"\/en\/wp-json\/wp\/v2\/pages\/1282?add-to-cart=1472\" aria-label=\"Add to basket: &ldquo;Thrustmaster - 6x70mm - Quick-release adapter&rdquo;\" data-quantity=\"1\" data-product_id=\"1472\" data-product_sku=\"\" data-price=\"4900\" rel=\"nofollow\" class=\"wp-block-button__link  add_to_cart_button ajax_add_to_cart\">Add to basket<\/a><\/div>\n\t\t\t<\/li><li class=\"wc-block-grid__product\">\n\t\t\t\t<a href=\"https:\/\/mtsimtech.hu\/en\/product\/thrustmaster-3x60mm-3x175inch-quick-release-adapter\/\" class=\"wc-block-grid__product-link\">\n\t\t\t\t\t\n\t\t\t\t\t<div class=\"wc-block-grid__product-image\"><img loading=\"lazy\" decoding=\"async\" width=\"300\" height=\"188\" src=\"https:\/\/mtsimtech.hu\/wp-content\/uploads\/2020\/12\/DSC_0359-300x188.jpg\" class=\"attachment-woocommerce_thumbnail size-woocommerce_thumbnail\" alt=\"Thrustmaster - 3x60mm &amp; 3x1.75&quot; - Quick-release adapter\" \/><\/div>\n\t\t\t\t\t<div class=\"wc-block-grid__product-title\">Thrustmaster &#8211; 3x60mm &amp; 3&#215;1.75&#8243; &#8211; Quick-release adapter<\/div>\n\t\t\t\t<\/a>\n\t\t\t\t<div class=\"wc-block-grid__product-price price\"><span class=\"woocs_price_code\" data-currency=\"\" data-redraw-id=\"69e28b5c15c5c\" data-product-id=\"6664\"><span class=\"woocommerce-Price-amount amount\">4.900&nbsp;<span class=\"woocommerce-Price-currencySymbol\">&#070;&#116;<\/span><\/span><\/span><\/div>\n\t\t\t\t\n\t\t\t\t<div class=\"wp-block-button wc-block-grid__product-add-to-cart\"><a href=\"\/en\/wp-json\/wp\/v2\/pages\/1282?add-to-cart=6664\" aria-label=\"Add to basket: &ldquo;Thrustmaster - 3x60mm &amp; 3x1.75&quot; - Quick-release adapter&rdquo;\" data-quantity=\"1\" data-product_id=\"6664\" data-product_sku=\"\" data-price=\"4900\" rel=\"nofollow\" class=\"wp-block-button__link  add_to_cart_button ajax_add_to_cart\">Add to basket<\/a><\/div>\n\t\t\t<\/li><li class=\"wc-block-grid__product\">\n\t\t\t\t<a href=\"https:\/\/mtsimtech.hu\/en\/product\/logitech-qr-adapter\/\" class=\"wc-block-grid__product-link\">\n\t\t\t\t\t\n\t\t\t\t\t<div class=\"wc-block-grid__product-image\"><img loading=\"lazy\" decoding=\"async\" width=\"300\" height=\"188\" src=\"https:\/\/mtsimtech.hu\/wp-content\/uploads\/2026\/04\/IMG_3925-300x188.jpg\" class=\"attachment-woocommerce_thumbnail size-woocommerce_thumbnail\" alt=\"logitech quick release\" \/><\/div>\n\t\t\t\t\t<div class=\"wc-block-grid__product-title\">Logitech gyorscsatlakoz\u00f3s adapter<\/div>\n\t\t\t\t<\/a>\n\t\t\t\t<div class=\"wc-block-grid__product-price price\"><span class=\"woocs_price_code\" data-currency=\"\" data-redraw-id=\"69e28b5c16116\" data-product-id=\"10949\"><span class=\"woocommerce-Price-amount amount\" aria-hidden=\"true\">14.900&nbsp;<span class=\"woocommerce-Price-currencySymbol\">&#070;&#116;<\/span><\/span> <span aria-hidden=\"true\">&ndash;<\/span> <span class=\"woocommerce-Price-amount amount\" aria-hidden=\"true\">19.900&nbsp;<span class=\"woocommerce-Price-currencySymbol\">&#070;&#116;<\/span><\/span><span class=\"screen-reader-text\">\u00c1rtartom\u00e1ny: 14.900&nbsp;&#070;&#116; &#8211; 19.900&nbsp;&#070;&#116;<\/span><\/span><\/div>\n\t\t\t\t\n\t\t\t\t<div class=\"wp-block-button wc-block-grid__product-add-to-cart\"><a href=\"https:\/\/mtsimtech.hu\/en\/product\/logitech-qr-adapter\/\" aria-label=\"Select options for &ldquo;Logitech gyorscsatlakoz\u00f3s adapter&rdquo;\" data-quantity=\"1\" data-product_id=\"10949\" data-product_sku=\"\" data-price=\"14900\" rel=\"nofollow\" class=\"wp-block-button__link  add_to_cart_button\">Select options<\/a><\/div>\n\t\t\t<\/li><li class=\"wc-block-grid__product\">\n\t\t\t\t<a href=\"https:\/\/mtsimtech.hu\/en\/product\/350mm-kormany-logitech-thrustmaster-moza-adapterrel\/\" class=\"wc-block-grid__product-link\">\n\t\t\t\t\t\n\t\t\t\t\t<div class=\"wc-block-grid__product-image\"><img loading=\"lazy\" decoding=\"async\" width=\"300\" height=\"188\" src=\"https:\/\/mtsimtech.hu\/wp-content\/uploads\/2026\/01\/mt_350mm_slide_wheel-300x188.jpg\" class=\"attachment-woocommerce_thumbnail size-woocommerce_thumbnail\" alt=\"350mm korm\u00e1ny Logitech\/Thrustmaster\/MOZA adapterrel\" srcset=\"https:\/\/mtsimtech.hu\/wp-content\/uploads\/2026\/01\/mt_350mm_slide_wheel-300x188.jpg 300w, https:\/\/mtsimtech.hu\/wp-content\/uploads\/2026\/01\/mt_350mm_slide_wheel-18x12.jpg 18w\" sizes=\"auto, (max-width: 300px) 100vw, 300px\" \/><\/div>\n\t\t\t\t\t<div class=\"wc-block-grid__product-title\">350mm korm\u00e1ny Logitech\/Thrustmaster\/MOZA adapterrel<\/div>\n\t\t\t\t<\/a>\n\t\t\t\t<div class=\"wc-block-grid__product-price price\"><span class=\"woocs_price_code\" data-currency=\"\" data-redraw-id=\"69e28b5c164ea\" data-product-id=\"10737\"><span class=\"woocommerce-Price-amount amount\">19.000&nbsp;<span class=\"woocommerce-Price-currencySymbol\">&#070;&#116;<\/span><\/span><\/span><\/div>\n\t\t\t\t\n\t\t\t\t<div class=\"wp-block-button wc-block-grid__product-add-to-cart\"><a href=\"https:\/\/mtsimtech.hu\/en\/product\/350mm-kormany-logitech-thrustmaster-moza-adapterrel\/\" aria-label=\"Select options for &ldquo;350mm korm\u00e1ny Logitech\/Thrustmaster\/MOZA adapterrel&rdquo;\" data-quantity=\"1\" data-product_id=\"10737\" data-product_sku=\"\" data-price=\"19000\" rel=\"nofollow\" class=\"wp-block-button__link  add_to_cart_button\">Select options<\/a><\/div>\n\t\t\t<\/li><li class=\"wc-block-grid__product\">\n\t\t\t\t<a href=\"https:\/\/mtsimtech.hu\/en\/product\/70mm-kormany-logitech-thrustmaster-moza-adapterrel\/\" class=\"wc-block-grid__product-link\">\n\t\t\t\t\t\n\t\t\t\t\t<div class=\"wc-block-grid__product-image\"><img loading=\"lazy\" decoding=\"async\" width=\"300\" height=\"188\" src=\"https:\/\/mtsimtech.hu\/wp-content\/uploads\/2020\/12\/DSC_0404-300x188.jpg\" class=\"attachment-woocommerce_thumbnail size-woocommerce_thumbnail\" alt=\"330mm korm\u00e1ny Logitech\/Thrustmaster\/MOZA adapterrel\" \/><\/div>\n\t\t\t\t\t<div class=\"wc-block-grid__product-title\">330mm korm\u00e1ny Logitech\/Thrustmaster\/MOZA adapterrel<\/div>\n\t\t\t\t<\/a>\n\t\t\t\t<div class=\"wc-block-grid__product-price price\"><span class=\"woocs_price_code\" data-currency=\"\" data-redraw-id=\"69e28b5c169f5\" data-product-id=\"1483\"><span class=\"woocommerce-Price-amount amount\" aria-hidden=\"true\">22.900&nbsp;<span class=\"woocommerce-Price-currencySymbol\">&#070;&#116;<\/span><\/span> <span aria-hidden=\"true\">&ndash;<\/span> <span class=\"woocommerce-Price-amount amount\" aria-hidden=\"true\">29.900&nbsp;<span class=\"woocommerce-Price-currencySymbol\">&#070;&#116;<\/span><\/span><span class=\"screen-reader-text\">\u00c1rtartom\u00e1ny: 22.900&nbsp;&#070;&#116; &#8211; 29.900&nbsp;&#070;&#116;<\/span><\/span><\/div>\n\t\t\t\t<div class=\"wc-block-grid__product-rating\"><div class=\"star-rating\" role=\"img\" aria-label=\"Rated 5.00 out of 5\"><span style=\"width:100%\">Rated <strong class=\"rating\">5.00<\/strong> out of 5 based on <span class=\"rating\">1<\/span> customer rating<\/span><\/div><\/div>\n\t\t\t\t<div class=\"wp-block-button wc-block-grid__product-add-to-cart\"><a href=\"https:\/\/mtsimtech.hu\/en\/product\/70mm-kormany-logitech-thrustmaster-moza-adapterrel\/\" aria-label=\"Select options for &ldquo;330mm korm\u00e1ny Logitech\/Thrustmaster\/MOZA adapterrel&rdquo;\" data-quantity=\"1\" data-product_id=\"1483\" data-product_sku=\"\" data-price=\"22900\" rel=\"nofollow\" class=\"wp-block-button__link  add_to_cart_button\">Select options<\/a><\/div>\n\t\t\t<\/li><\/ul><\/div><\/div><\/div>\n\n\n\n<h2 class=\"wp-block-heading\">Elektronik\u00e1val rendelkez\u0151 korm\u00e1nyok tetsz\u0151leges b\u00e1zishoz (Kompatibilit\u00e1s: PC)<\/h2>\n\n\n\n<h2 class=\"wp-block-heading\"> <\/h2>\n\n\n<div data-block-name=\"woocommerce\/product-category\" data-categories=\"[83]\" data-content-visibility=\"{&quot;title&quot;:true,&quot;price&quot;:true,&quot;rating&quot;:true,&quot;button&quot;:true}\" data-orderby=\"menu_order\" data-rows=\"4\" data-stock-status=\"[&quot;&quot;,&quot;instock&quot;,&quot;outofstock&quot;,&quot;onbackorder&quot;]\" class=\"wc-block-grid wp-block-product-category wp-block-woocommerce-product-category wc-block-product-category has-3-columns has-multiple-rows\"><ul class=\"wc-block-grid__products\"><li class=\"wc-block-grid__product\">\n\t\t\t\t<a href=\"https:\/\/mtsimtech.hu\/en\/product\/gt488\/\" class=\"wc-block-grid__product-link\">\n\t\t\t\t\t\n\t\t\t\t\t<div class=\"wc-block-grid__product-image\"><img loading=\"lazy\" decoding=\"async\" width=\"300\" height=\"188\" src=\"https:\/\/mtsimtech.hu\/wp-content\/uploads\/2022\/02\/DSC_0474-300x188.jpg\" class=\"attachment-woocommerce_thumbnail size-woocommerce_thumbnail\" alt=\"GT3 488\" \/><\/div>\n\t\t\t\t\t<div class=\"wc-block-grid__product-title\">GT3 488<\/div>\n\t\t\t\t<\/a>\n\t\t\t\t<div class=\"wc-block-grid__product-price price\"><span class=\"woocs_price_code\" data-currency=\"\" data-redraw-id=\"69e28b5c1b86b\" data-product-id=\"3019\"><span class=\"woocommerce-Price-amount amount\">56.800&nbsp;<span class=\"woocommerce-Price-currencySymbol\">&#070;&#116;<\/span><\/span><\/span><\/div>\n\t\t\t\t<div class=\"wc-block-grid__product-rating\"><div class=\"star-rating\" role=\"img\" aria-label=\"Rated 5.00 out of 5\"><span style=\"width:100%\">Rated <strong class=\"rating\">5.00<\/strong> out of 5 based on <span class=\"rating\">1<\/span> customer rating<\/span><\/div><\/div>\n\t\t\t\t<div class=\"wp-block-button wc-block-grid__product-add-to-cart\"><a href=\"https:\/\/mtsimtech.hu\/en\/product\/gt488\/\" aria-label=\"Select options for &ldquo;GT3 488&rdquo;\" data-quantity=\"1\" data-product_id=\"3019\" data-product_sku=\"electronic-1-1\" data-price=\"56800\" rel=\"nofollow\" class=\"wp-block-button__link  add_to_cart_button\">Select options<\/a><\/div>\n\t\t\t<\/li><\/ul><\/div>","protected":false},"excerpt":{"rendered":"<p>Logitech, Thrustmaster add-on korm\u00e1nyok Logitech, Thrustmaster korm\u00e1ny adapterek Elektronik\u00e1val rendelkez\u0151 korm\u00e1nyok tetsz\u0151leges b\u00e1zishoz (Kompatibilit\u00e1s: PC)<\/p>","protected":false},"author":7,"featured_media":0,"parent":0,"menu_order":0,"comment_status":"closed","ping_status":"closed","template":"","meta":{"footnotes":""},"class_list":["post-1282","page","type-page","status-publish"],"_links":{"self":[{"href":"https:\/\/mtsimtech.hu\/en\/wp-json\/wp\/v2\/pages\/1282","targetHints":{"allow":["GET"]}}],"collection":[{"href":"https:\/\/mtsimtech.hu\/en\/wp-json\/wp\/v2\/pages"}],"about":[{"href":"https:\/\/mtsimtech.hu\/en\/wp-json\/wp\/v2\/types\/page"}],"author":[{"embeddable":true,"href":"https:\/\/mtsimtech.hu\/en\/wp-json\/wp\/v2\/users\/7"}],"replies":[{"embeddable":true,"href":"https:\/\/mtsimtech.hu\/en\/wp-json\/wp\/v2\/comments?post=1282"}],"version-history":[{"count":10,"href":"https:\/\/mtsimtech.hu\/en\/wp-json\/wp\/v2\/pages\/1282\/revisions"}],"predecessor-version":[{"id":10095,"href":"https:\/\/mtsimtech.hu\/en\/wp-json\/wp\/v2\/pages\/1282\/revisions\/10095"}],"wp:attachment":[{"href":"https:\/\/mtsimtech.hu\/en\/wp-json\/wp\/v2\/media?parent=1282"}],"curies":[{"name":"wp","href":"https:\/\/api.w.org\/{rel}","templated":true}]}}