{"id":1354,"date":"2020-11-20T16:18:55","date_gmt":"2020-11-20T16:18:55","guid":{"rendered":"http:\/\/80.98.34.177\/?page_id=1354"},"modified":"2025-04-23T09:04:33","modified_gmt":"2025-04-23T09:04:33","slug":"pedalok","status":"publish","type":"page","link":"https:\/\/mtsimtech.hu\/en\/pedalok\/","title":{"rendered":"Pedals"},"content":{"rendered":"<div data-block-name=\"woocommerce\/product-category\" data-categories=\"[84]\" data-posts_per_page=\"3\" data-rows=\"4\" class=\"wc-block-grid wp-block-product-category wp-block-woocommerce-product-category wc-block-product-category has-3-columns has-multiple-rows\"><ul class=\"wc-block-grid__products\"><li class=\"wc-block-grid__product\">\n\t\t\t\t<a href=\"https:\/\/mtsimtech.hu\/en\/product\/thrustmaster-t3pa-t2pa-load-cell\/\" class=\"wc-block-grid__product-link\">\n\t\t\t\t\t\n\t\t\t\t\t<div class=\"wc-block-grid__product-image\"><img loading=\"lazy\" decoding=\"async\" width=\"300\" height=\"188\" src=\"https:\/\/mtsimtech.hu\/wp-content\/uploads\/2026\/04\/IMG_3937-1-300x188.jpg\" class=\"attachment-woocommerce_thumbnail size-woocommerce_thumbnail\" alt=\"Thrustmaster T3PA\/T2PA load-cell\" \/><\/div>\n\t\t\t\t\t<div class=\"wc-block-grid__product-title\">Thrustmaster T3PA\/T2PA load-cell<\/div>\n\t\t\t\t<\/a>\n\t\t\t\t<div class=\"wc-block-grid__product-price price\"><span class=\"woocs_price_code\" data-currency=\"\" data-redraw-id=\"69e114c940df9\" data-product-id=\"10961\"><span class=\"woocommerce-Price-amount amount\">14.900&nbsp;<span class=\"woocommerce-Price-currencySymbol\">&#070;&#116;<\/span><\/span><\/span><\/div>\n\t\t\t\t\n\t\t\t\t<div class=\"wp-block-button wc-block-grid__product-add-to-cart\"><a href=\"\/en\/wp-json\/wp\/v2\/pages\/1354?add-to-cart=10961\" aria-label=\"Add to basket: &ldquo;Thrustmaster T3PA\/T2PA load-cell&rdquo;\" data-quantity=\"1\" data-product_id=\"10961\" data-product_sku=\"mt-simtech-logitech-loadcell-1\" data-price=\"14900\" rel=\"nofollow\" class=\"wp-block-button__link  add_to_cart_button ajax_add_to_cart\">Add to basket<\/a><\/div>\n\t\t\t<\/li><li class=\"wc-block-grid__product\">\n\t\t\t\t<a href=\"https:\/\/mtsimtech.hu\/en\/product\/logitech-pedal-gt-inverz-pedaltarto\/\" class=\"wc-block-grid__product-link\">\n\t\t\t\t\t\n\t\t\t\t\t<div class=\"wc-block-grid__product-image\"><img loading=\"lazy\" decoding=\"async\" width=\"300\" height=\"188\" src=\"https:\/\/mtsimtech.hu\/wp-content\/uploads\/2025\/11\/IMG_2336-300x188.jpg\" class=\"attachment-woocommerce_thumbnail size-woocommerce_thumbnail\" alt=\"Logitech GT\/inverz ped\u00e1ltart\u00f3\" \/><\/div>\n\t\t\t\t\t<div class=\"wc-block-grid__product-title\">Logitech GT\/inverz ped\u00e1ltart\u00f3<\/div>\n\t\t\t\t<\/a>\n\t\t\t\t<div class=\"wc-block-grid__product-price price\"><span class=\"woocs_price_code\" data-currency=\"\" data-redraw-id=\"69e114c94133c\" data-product-id=\"10546\"><span class=\"woocommerce-Price-amount amount\" aria-hidden=\"true\">13.900&nbsp;<span class=\"woocommerce-Price-currencySymbol\">&#070;&#116;<\/span><\/span> <span aria-hidden=\"true\">&ndash;<\/span> <span class=\"woocommerce-Price-amount amount\" aria-hidden=\"true\">19.500&nbsp;<span class=\"woocommerce-Price-currencySymbol\">&#070;&#116;<\/span><\/span><span class=\"screen-reader-text\">\u00c1rtartom\u00e1ny: 13.900&nbsp;&#070;&#116; &#8211; 19.500&nbsp;&#070;&#116;<\/span><\/span><\/div>\n\t\t\t\t\n\t\t\t\t<div class=\"wp-block-button wc-block-grid__product-add-to-cart\"><a href=\"https:\/\/mtsimtech.hu\/en\/product\/logitech-pedal-gt-inverz-pedaltarto\/\" aria-label=\"Select options for &ldquo;Logitech GT\/inverz ped\u00e1ltart\u00f3&rdquo;\" data-quantity=\"1\" data-product_id=\"10546\" data-product_sku=\"\" data-price=\"13900\" rel=\"nofollow\" class=\"wp-block-button__link  add_to_cart_button\">Select options<\/a><\/div>\n\t\t\t<\/li><li class=\"wc-block-grid__product\">\n\t\t\t\t<a href=\"https:\/\/mtsimtech.hu\/en\/product\/fanatec-csl-fekmod\/\" class=\"wc-block-grid__product-link\">\n\t\t\t\t\t\n\t\t\t\t\t<div class=\"wc-block-grid__product-image\"><img loading=\"lazy\" decoding=\"async\" width=\"300\" height=\"188\" src=\"https:\/\/mtsimtech.hu\/wp-content\/uploads\/2025\/05\/fanatec_csl_brakemod-300x188.jpg\" class=\"attachment-woocommerce_thumbnail size-woocommerce_thumbnail\" alt=\"Fanatec CSL (DD, DD Pro) - f\u00e9kmod\" srcset=\"https:\/\/mtsimtech.hu\/wp-content\/uploads\/2025\/05\/fanatec_csl_brakemod-300x188.jpg 300w, https:\/\/mtsimtech.hu\/wp-content\/uploads\/2025\/05\/fanatec_csl_brakemod-18x12.jpg 18w\" sizes=\"auto, (max-width: 300px) 100vw, 300px\" \/><\/div>\n\t\t\t\t\t<div class=\"wc-block-grid__product-title\">Fanatec CSL (DD, DD Pro) &#8211; f\u00e9kmod<\/div>\n\t\t\t\t<\/a>\n\t\t\t\t<div class=\"wc-block-grid__product-price price\"><span class=\"woocs_price_code\" data-currency=\"\" data-redraw-id=\"69e114c941728\" data-product-id=\"10226\"><span class=\"woocommerce-Price-amount amount\">4.200&nbsp;<span class=\"woocommerce-Price-currencySymbol\">&#070;&#116;<\/span><\/span><\/span><\/div>\n\t\t\t\t\n\t\t\t\t<div class=\"wp-block-button wc-block-grid__product-add-to-cart\"><a href=\"\/en\/wp-json\/wp\/v2\/pages\/1354?add-to-cart=10226\" aria-label=\"Add to basket: &ldquo;Fanatec CSL (DD, DD Pro) - f\u00e9kmod&rdquo;\" data-quantity=\"1\" data-product_id=\"10226\" data-product_sku=\"\" data-price=\"4200\" rel=\"nofollow\" class=\"wp-block-button__link  add_to_cart_button ajax_add_to_cart\">Add to basket<\/a><\/div>\n\t\t\t<\/li><li class=\"wc-block-grid__product\">\n\t\t\t\t<a href=\"https:\/\/mtsimtech.hu\/en\/product\/pedal-fix\/\" class=\"wc-block-grid__product-link\">\n\t\t\t\t\t\n\t\t\t\t\t<div class=\"wc-block-grid__product-image\"><img loading=\"lazy\" decoding=\"async\" width=\"300\" height=\"188\" src=\"https:\/\/mtsimtech.hu\/wp-content\/uploads\/2025\/03\/IMG_9943_ws-300x188.png\" class=\"attachment-woocommerce_thumbnail size-woocommerce_thumbnail\" alt=\"Ped\u00e1l fix\" \/><\/div>\n\t\t\t\t\t<div class=\"wc-block-grid__product-title\">Ped\u00e1l fix<\/div>\n\t\t\t\t<\/a>\n\t\t\t\t<div class=\"wc-block-grid__product-price price\"><span class=\"woocs_price_code\" data-currency=\"\" data-redraw-id=\"69e114c941aba\" data-product-id=\"10111\"><span class=\"woocommerce-Price-amount amount\">6.900&nbsp;<span class=\"woocommerce-Price-currencySymbol\">&#070;&#116;<\/span><\/span><\/span><\/div>\n\t\t\t\t\n\t\t\t\t<div class=\"wp-block-button wc-block-grid__product-add-to-cart\"><a href=\"\/en\/wp-json\/wp\/v2\/pages\/1354?add-to-cart=10111\" aria-label=\"Add to basket: &ldquo;Ped\u00e1l fix&rdquo;\" data-quantity=\"1\" data-product_id=\"10111\" data-product_sku=\"\" data-price=\"6900\" rel=\"nofollow\" class=\"wp-block-button__link  add_to_cart_button ajax_add_to_cart\">Add to basket<\/a><\/div>\n\t\t\t<\/li><li class=\"wc-block-grid__product\">\n\t\t\t\t<a href=\"https:\/\/mtsimtech.hu\/en\/product\/logitech-load-cell\/\" class=\"wc-block-grid__product-link\">\n\t\t\t\t\t\n\t\t\t\t\t<div class=\"wc-block-grid__product-image\"><img loading=\"lazy\" decoding=\"async\" width=\"300\" height=\"188\" src=\"https:\/\/mtsimtech.hu\/wp-content\/uploads\/2024\/11\/loadcell3-300x188.jpg\" class=\"attachment-woocommerce_thumbnail size-woocommerce_thumbnail\" alt=\"Logitech G29\/G920\/G923 load-cell\" \/><\/div>\n\t\t\t\t\t<div class=\"wc-block-grid__product-title\">Logitech G29\/G920\/G923 load-cell<\/div>\n\t\t\t\t<\/a>\n\t\t\t\t<div class=\"wc-block-grid__product-price price\"><span class=\"woocs_price_code\" data-currency=\"\" data-redraw-id=\"69e114c941f71\" data-product-id=\"9668\"><span class=\"woocommerce-Price-amount amount\" aria-hidden=\"true\">14.900&nbsp;<span class=\"woocommerce-Price-currencySymbol\">&#070;&#116;<\/span><\/span> <span aria-hidden=\"true\">&ndash;<\/span> <span class=\"woocommerce-Price-amount amount\" aria-hidden=\"true\">21.700&nbsp;<span class=\"woocommerce-Price-currencySymbol\">&#070;&#116;<\/span><\/span><span class=\"screen-reader-text\">\u00c1rtartom\u00e1ny: 14.900&nbsp;&#070;&#116; &#8211; 21.700&nbsp;&#070;&#116;<\/span><\/span><\/div>\n\t\t\t\t\n\t\t\t\t<div class=\"wp-block-button wc-block-grid__product-add-to-cart\"><a href=\"https:\/\/mtsimtech.hu\/en\/product\/logitech-load-cell\/\" aria-label=\"Select options for &ldquo;Logitech G29\/G920\/G923 load-cell&rdquo;\" data-quantity=\"1\" data-product_id=\"9668\" data-product_sku=\"mt-simtech-logitech-loadcell\" data-price=\"14900\" rel=\"nofollow\" class=\"wp-block-button__link  add_to_cart_button\">Select options<\/a><\/div>\n\t\t\t<\/li><li class=\"wc-block-grid__product\">\n\t\t\t\t<a href=\"https:\/\/mtsimtech.hu\/en\/product\/logitech-fek-kuplung-osszekoto\/\" class=\"wc-block-grid__product-link\">\n\t\t\t\t\t\n\t\t\t\t\t<div class=\"wc-block-grid__product-image\"><img loading=\"lazy\" decoding=\"async\" width=\"300\" height=\"188\" src=\"https:\/\/mtsimtech.hu\/wp-content\/uploads\/2024\/11\/IMG_2349-300x188.jpg\" class=\"attachment-woocommerce_thumbnail size-woocommerce_thumbnail\" alt=\"Logitech f\u00e9k-kuplung \u00f6sszek\u00f6t\u0151\" \/><\/div>\n\t\t\t\t\t<div class=\"wc-block-grid__product-title\">Logitech f\u00e9k-kuplung \u00f6sszek\u00f6t\u0151<\/div>\n\t\t\t\t<\/a>\n\t\t\t\t<div class=\"wc-block-grid__product-price price\"><span class=\"woocs_price_code\" data-currency=\"\" data-redraw-id=\"69e114c942392\" data-product-id=\"9713\"><span class=\"woocommerce-Price-amount amount\">2.900&nbsp;<span class=\"woocommerce-Price-currencySymbol\">&#070;&#116;<\/span><\/span><\/span><\/div>\n\t\t\t\t\n\t\t\t\t<div class=\"wp-block-button wc-block-grid__product-add-to-cart\"><a href=\"\/en\/wp-json\/wp\/v2\/pages\/1354?add-to-cart=9713\" aria-label=\"Add to basket: &ldquo;Logitech f\u00e9k-kuplung \u00f6sszek\u00f6t\u0151&rdquo;\" data-quantity=\"1\" data-product_id=\"9713\" data-product_sku=\"\" data-price=\"2900\" rel=\"nofollow\" class=\"wp-block-button__link  add_to_cart_button ajax_add_to_cart\">Add to basket<\/a><\/div>\n\t\t\t<\/li><li class=\"wc-block-grid__product\">\n\t\t\t\t<a href=\"https:\/\/mtsimtech.hu\/en\/product\/rugok\/\" class=\"wc-block-grid__product-link\">\n\t\t\t\t\t\n\t\t\t\t\t<div class=\"wc-block-grid__product-image\"><img loading=\"lazy\" decoding=\"async\" width=\"300\" height=\"188\" src=\"https:\/\/mtsimtech.hu\/wp-content\/uploads\/2024\/01\/DSC_0080_rev-300x188.jpg\" class=\"attachment-woocommerce_thumbnail size-woocommerce_thumbnail\" alt=\"Rug\u00f3k, elasztomerek (ped\u00e1l, k\u00e9zif\u00e9k)\" \/><\/div>\n\t\t\t\t\t<div class=\"wc-block-grid__product-title\">Rug\u00f3k, elasztomerek (ped\u00e1l, k\u00e9zif\u00e9k)<\/div>\n\t\t\t\t<\/a>\n\t\t\t\t<div class=\"wc-block-grid__product-price price\"><span class=\"woocs_price_code\" data-currency=\"\" data-redraw-id=\"69e114c9428b1\" data-product-id=\"6640\"><span class=\"woocommerce-Price-amount amount\" aria-hidden=\"true\">1.490&nbsp;<span class=\"woocommerce-Price-currencySymbol\">&#070;&#116;<\/span><\/span> <span aria-hidden=\"true\">&ndash;<\/span> <span class=\"woocommerce-Price-amount amount\" aria-hidden=\"true\">2.900&nbsp;<span class=\"woocommerce-Price-currencySymbol\">&#070;&#116;<\/span><\/span><span class=\"screen-reader-text\">\u00c1rtartom\u00e1ny: 1.490&nbsp;&#070;&#116; &#8211; 2.900&nbsp;&#070;&#116;<\/span><\/span><\/div>\n\t\t\t\t\n\t\t\t\t<div class=\"wp-block-button wc-block-grid__product-add-to-cart\"><a href=\"https:\/\/mtsimtech.hu\/en\/product\/rugok\/\" aria-label=\"Select options for &ldquo;Rug\u00f3k, elasztomerek (ped\u00e1l, k\u00e9zif\u00e9k)&rdquo;\" data-quantity=\"1\" data-product_id=\"6640\" data-product_sku=\"\" data-price=\"1490\" rel=\"nofollow\" class=\"wp-block-button__link  add_to_cart_button\">Select options<\/a><\/div>\n\t\t\t<\/li><li class=\"wc-block-grid__product\">\n\t\t\t\t<a href=\"https:\/\/mtsimtech.hu\/en\/product\/csl-v2-fekmod\/\" class=\"wc-block-grid__product-link\">\n\t\t\t\t\t\n\t\t\t\t\t<div class=\"wc-block-grid__product-image\"><img loading=\"lazy\" decoding=\"async\" width=\"300\" height=\"188\" src=\"https:\/\/mtsimtech.hu\/wp-content\/uploads\/2024\/05\/624177227_912457621309585_2673820352319600157_n-e1769891486725-300x188.jpg\" class=\"attachment-woocommerce_thumbnail size-woocommerce_thumbnail\" alt=\"Fanatec CSL Elite V1 \u00e9s V2 f\u00e9kmod\" \/><\/div>\n\t\t\t\t\t<div class=\"wc-block-grid__product-title\">Fanatec CSL Elite V1 \u00e9s V2 f\u00e9kmod<\/div>\n\t\t\t\t<\/a>\n\t\t\t\t<div class=\"wc-block-grid__product-price price\"><span class=\"woocs_price_code\" data-currency=\"\" data-redraw-id=\"69e114c942c6d\" data-product-id=\"6377\"><span class=\"woocommerce-Price-amount amount\">4.200&nbsp;<span class=\"woocommerce-Price-currencySymbol\">&#070;&#116;<\/span><\/span><\/span><\/div>\n\t\t\t\t\n\t\t\t\t<div class=\"wp-block-button wc-block-grid__product-add-to-cart\"><a href=\"\/en\/wp-json\/wp\/v2\/pages\/1354?add-to-cart=6377\" aria-label=\"Add to basket: &ldquo;Fanatec CSL Elite V1 \u00e9s V2 f\u00e9kmod&rdquo;\" data-quantity=\"1\" data-product_id=\"6377\" data-product_sku=\"\" data-price=\"4200\" rel=\"nofollow\" class=\"wp-block-button__link  add_to_cart_button ajax_add_to_cart\">Add to basket<\/a><\/div>\n\t\t\t<\/li><li class=\"wc-block-grid__product\">\n\t\t\t\t<a href=\"https:\/\/mtsimtech.hu\/en\/product\/logitech-gazpedal-mod\/\" class=\"wc-block-grid__product-link\">\n\t\t\t\t\t\n\t\t\t\t\t<div class=\"wc-block-grid__product-image\"><img loading=\"lazy\" decoding=\"async\" width=\"300\" height=\"188\" src=\"https:\/\/mtsimtech.hu\/wp-content\/uploads\/2023\/01\/P6A0157_GB-300x188.jpg\" class=\"attachment-woocommerce_thumbnail size-woocommerce_thumbnail\" alt=\"Logitech g\u00e1zped\u00e1l mod\" \/><\/div>\n\t\t\t\t\t<div class=\"wc-block-grid__product-title\">Logitech g\u00e1zped\u00e1l mod<\/div>\n\t\t\t\t<\/a>\n\t\t\t\t<div class=\"wc-block-grid__product-price price\"><span class=\"woocs_price_code\" data-currency=\"\" data-redraw-id=\"69e114c942f6a\" data-product-id=\"4573\"><span class=\"woocommerce-Price-amount amount\">2.200&nbsp;<span class=\"woocommerce-Price-currencySymbol\">&#070;&#116;<\/span><\/span><\/span><\/div>\n\t\t\t\t\n\t\t\t\t<div class=\"wp-block-button wc-block-grid__product-add-to-cart\"><a href=\"\/en\/wp-json\/wp\/v2\/pages\/1354?add-to-cart=4573\" aria-label=\"Add to basket: &ldquo;Logitech g\u00e1zped\u00e1l mod&rdquo;\" data-quantity=\"1\" data-product_id=\"4573\" data-product_sku=\"\" data-price=\"2200\" rel=\"nofollow\" class=\"wp-block-button__link  add_to_cart_button ajax_add_to_cart\">Add to basket<\/a><\/div>\n\t\t\t<\/li><li class=\"wc-block-grid__product\">\n\t\t\t\t<a href=\"https:\/\/mtsimtech.hu\/en\/product\/t-lcm-fekmod\/\" class=\"wc-block-grid__product-link\">\n\t\t\t\t\t\n\t\t\t\t\t<div class=\"wc-block-grid__product-image\"><img loading=\"lazy\" decoding=\"async\" width=\"300\" height=\"188\" src=\"https:\/\/mtsimtech.hu\/wp-content\/uploads\/2020\/11\/DSC_0367_e-300x188.jpg\" class=\"attachment-woocommerce_thumbnail size-woocommerce_thumbnail\" alt=\"T-LCM f\u00e9kmod\" \/><\/div>\n\t\t\t\t\t<div class=\"wc-block-grid__product-title\">T-LCM f\u00e9kmod<\/div>\n\t\t\t\t<\/a>\n\t\t\t\t<div class=\"wc-block-grid__product-price price\"><span class=\"woocs_price_code\" data-currency=\"\" data-redraw-id=\"69e114c943412\" data-product-id=\"1383\"><span class=\"woocommerce-Price-amount amount\" aria-hidden=\"true\">3.600&nbsp;<span class=\"woocommerce-Price-currencySymbol\">&#070;&#116;<\/span><\/span> <span aria-hidden=\"true\">&ndash;<\/span> <span class=\"woocommerce-Price-amount amount\" aria-hidden=\"true\">9.500&nbsp;<span class=\"woocommerce-Price-currencySymbol\">&#070;&#116;<\/span><\/span><span class=\"screen-reader-text\">\u00c1rtartom\u00e1ny: 3.600&nbsp;&#070;&#116; &#8211; 9.500&nbsp;&#070;&#116;<\/span><\/span><\/div>\n\t\t\t\t\n\t\t\t\t<div class=\"wp-block-button wc-block-grid__product-add-to-cart\"><a href=\"https:\/\/mtsimtech.hu\/en\/product\/t-lcm-fekmod\/\" aria-label=\"Select options for &ldquo;T-LCM f\u00e9kmod&rdquo;\" data-quantity=\"1\" data-product_id=\"1383\" data-product_sku=\"\" data-price=\"3600\" rel=\"nofollow\" class=\"wp-block-button__link  add_to_cart_button\">Select options<\/a><\/div>\n\t\t\t<\/li><li class=\"wc-block-grid__product\">\n\t\t\t\t<a href=\"https:\/\/mtsimtech.hu\/en\/product\/t3pa-fekmod\/\" class=\"wc-block-grid__product-link\">\n\t\t\t\t\t\n\t\t\t\t\t<div class=\"wc-block-grid__product-image\"><img loading=\"lazy\" decoding=\"async\" width=\"300\" height=\"188\" src=\"https:\/\/mtsimtech.hu\/wp-content\/uploads\/2020\/11\/t3pa1-300x188.png\" class=\"attachment-woocommerce_thumbnail size-woocommerce_thumbnail\" alt=\"T3PA f\u00e9kmod\" \/><\/div>\n\t\t\t\t\t<div class=\"wc-block-grid__product-title\">T3PA f\u00e9kmod<\/div>\n\t\t\t\t<\/a>\n\t\t\t\t<div class=\"wc-block-grid__product-price price\"><span class=\"woocs_price_code\" data-currency=\"\" data-redraw-id=\"69e114c94397c\" data-product-id=\"1358\"><span class=\"woocommerce-Price-amount amount\" aria-hidden=\"true\">4.200&nbsp;<span class=\"woocommerce-Price-currencySymbol\">&#070;&#116;<\/span><\/span> <span aria-hidden=\"true\">&ndash;<\/span> <span class=\"woocommerce-Price-amount amount\" aria-hidden=\"true\">7.000&nbsp;<span class=\"woocommerce-Price-currencySymbol\">&#070;&#116;<\/span><\/span><span class=\"screen-reader-text\">\u00c1rtartom\u00e1ny: 4.200&nbsp;&#070;&#116; &#8211; 7.000&nbsp;&#070;&#116;<\/span><\/span><\/div>\n\t\t\t\t\n\t\t\t\t<div class=\"wp-block-button wc-block-grid__product-add-to-cart\"><a href=\"https:\/\/mtsimtech.hu\/en\/product\/t3pa-fekmod\/\" aria-label=\"Select options for &ldquo;T3PA f\u00e9kmod&rdquo;\" data-quantity=\"1\" data-product_id=\"1358\" data-product_sku=\"\" data-price=\"4200\" rel=\"nofollow\" class=\"wp-block-button__link  add_to_cart_button\">Select options<\/a><\/div>\n\t\t\t<\/li><li class=\"wc-block-grid__product\">\n\t\t\t\t<a href=\"https:\/\/mtsimtech.hu\/en\/product\/logitech-fek-mod\/\" class=\"wc-block-grid__product-link\">\n\t\t\t\t\t\n\t\t\t\t\t<div class=\"wc-block-grid__product-image\"><img loading=\"lazy\" decoding=\"async\" width=\"300\" height=\"188\" src=\"https:\/\/mtsimtech.hu\/wp-content\/uploads\/2020\/11\/log_bm-300x188.png\" class=\"attachment-woocommerce_thumbnail size-woocommerce_thumbnail\" alt=\"Logitech f\u00e9k mod\" \/><\/div>\n\t\t\t\t\t<div class=\"wc-block-grid__product-title\">Logitech f\u00e9k mod<\/div>\n\t\t\t\t<\/a>\n\t\t\t\t<div class=\"wc-block-grid__product-price price\"><span class=\"woocs_price_code\" data-currency=\"\" data-redraw-id=\"69e114c943eaf\" data-product-id=\"1343\"><span class=\"woocommerce-Price-amount amount\" aria-hidden=\"true\">4.200&nbsp;<span class=\"woocommerce-Price-currencySymbol\">&#070;&#116;<\/span><\/span> <span aria-hidden=\"true\">&ndash;<\/span> <span class=\"woocommerce-Price-amount amount\" aria-hidden=\"true\">7.000&nbsp;<span class=\"woocommerce-Price-currencySymbol\">&#070;&#116;<\/span><\/span><span class=\"screen-reader-text\">\u00c1rtartom\u00e1ny: 4.200&nbsp;&#070;&#116; &#8211; 7.000&nbsp;&#070;&#116;<\/span><\/span><\/div>\n\t\t\t\t\n\t\t\t\t<div class=\"wp-block-button wc-block-grid__product-add-to-cart\"><a href=\"https:\/\/mtsimtech.hu\/en\/product\/logitech-fek-mod\/\" aria-label=\"Select options for &ldquo;Logitech f\u00e9k mod&rdquo;\" data-quantity=\"1\" data-product_id=\"1343\" data-product_sku=\"\" data-price=\"4200\" rel=\"nofollow\" class=\"wp-block-button__link  add_to_cart_button\">Select options<\/a><\/div>\n\t\t\t<\/li><\/ul><\/div>","protected":false},"excerpt":{"rendered":"","protected":false},"author":7,"featured_media":0,"parent":0,"menu_order":0,"comment_status":"closed","ping_status":"closed","template":"","meta":{"footnotes":""},"class_list":["post-1354","page","type-page","status-publish"],"_links":{"self":[{"href":"https:\/\/mtsimtech.hu\/en\/wp-json\/wp\/v2\/pages\/1354","targetHints":{"allow":["GET"]}}],"collection":[{"href":"https:\/\/mtsimtech.hu\/en\/wp-json\/wp\/v2\/pages"}],"about":[{"href":"https:\/\/mtsimtech.hu\/en\/wp-json\/wp\/v2\/types\/page"}],"author":[{"embeddable":true,"href":"https:\/\/mtsimtech.hu\/en\/wp-json\/wp\/v2\/users\/7"}],"replies":[{"embeddable":true,"href":"https:\/\/mtsimtech.hu\/en\/wp-json\/wp\/v2\/comments?post=1354"}],"version-history":[{"count":5,"href":"https:\/\/mtsimtech.hu\/en\/wp-json\/wp\/v2\/pages\/1354\/revisions"}],"predecessor-version":[{"id":10169,"href":"https:\/\/mtsimtech.hu\/en\/wp-json\/wp\/v2\/pages\/1354\/revisions\/10169"}],"wp:attachment":[{"href":"https:\/\/mtsimtech.hu\/en\/wp-json\/wp\/v2\/media?parent=1354"}],"curies":[{"name":"wp","href":"https:\/\/api.w.org\/{rel}","templated":true}]}}