{"id":1357,"date":"2020-11-20T19:33:47","date_gmt":"2020-11-20T19:33:47","guid":{"rendered":"http:\/\/80.98.34.177\/?page_id=1357"},"modified":"2020-11-20T19:33:52","modified_gmt":"2020-11-20T19:33:52","slug":"valtok","status":"publish","type":"page","link":"https:\/\/mtsimtech.hu\/en\/valtok\/","title":{"rendered":"Shifters"},"content":{"rendered":"<div data-block-name=\"woocommerce\/product-category\" data-categories=\"[85]\" class=\"wc-block-grid wp-block-product-category wp-block-woocommerce-product-category wc-block-product-category has-3-columns has-multiple-rows\"><ul class=\"wc-block-grid__products\"><li class=\"wc-block-grid__product\">\n\t\t\t\t<a href=\"https:\/\/mtsimtech.hu\/en\/product\/moza-es-r3-r5-gyari-kormany-magneses-valto-mod\/\" class=\"wc-block-grid__product-link\">\n\t\t\t\t\t\n\t\t\t\t\t<div class=\"wc-block-grid__product-image\"><img loading=\"lazy\" decoding=\"async\" width=\"300\" height=\"188\" src=\"https:\/\/mtsimtech.hu\/wp-content\/uploads\/2026\/04\/moza_es_magnetic_shifter_mod_6-300x188.jpg\" class=\"attachment-woocommerce_thumbnail size-woocommerce_thumbnail\" alt=\"MOZA ES (R3, R5 gy\u00e1ri korm\u00e1ny) m\u00e1gneses v\u00e1lt\u00f3 mod\" \/><\/div>\n\t\t\t\t\t<div class=\"wc-block-grid__product-title\">MOZA ES (R3, R5 gy\u00e1ri korm\u00e1ny) m\u00e1gneses v\u00e1lt\u00f3 mod<\/div>\n\t\t\t\t<\/a>\n\t\t\t\t<div class=\"wc-block-grid__product-price price\"><span class=\"woocs_price_code\" data-currency=\"\" data-redraw-id=\"69fca275c043c\" data-product-id=\"11007\"><span class=\"woocommerce-Price-amount amount\">3.900&nbsp;<span class=\"woocommerce-Price-currencySymbol\">&#070;&#116;<\/span><\/span><\/span><\/div>\n\t\t\t\t\n\t\t\t\t<div class=\"wp-block-button wc-block-grid__product-add-to-cart\"><a href=\"\/en\/wp-json\/wp\/v2\/pages\/1357?add-to-cart=11007\" aria-label=\"Add to basket: &ldquo;MOZA ES (R3, R5 gy\u00e1ri korm\u00e1ny) m\u00e1gneses v\u00e1lt\u00f3 mod&rdquo;\" data-quantity=\"1\" data-product_id=\"11007\" data-product_sku=\"\" data-price=\"3900\" rel=\"nofollow\" class=\"wp-block-button__link  add_to_cart_button ajax_add_to_cart\">Add to basket<\/a><\/div>\n\t\t\t<\/li><li class=\"wc-block-grid__product\">\n\t\t\t\t<a href=\"https:\/\/mtsimtech.hu\/en\/product\/szekvencialis-valto\/\" class=\"wc-block-grid__product-link\">\n\t\t\t\t\t\n\t\t\t\t\t<div class=\"wc-block-grid__product-image\"><img loading=\"lazy\" decoding=\"async\" width=\"300\" height=\"188\" src=\"https:\/\/mtsimtech.hu\/wp-content\/uploads\/2026\/02\/625640850_2135046087030741_3069518079076134460_n-300x188.jpg\" class=\"attachment-woocommerce_thumbnail size-woocommerce_thumbnail\" alt=\"MT szekvenci\u00e1lis v\u00e1lt\u00f3\" srcset=\"https:\/\/mtsimtech.hu\/wp-content\/uploads\/2026\/02\/625640850_2135046087030741_3069518079076134460_n-300x188.jpg 300w, https:\/\/mtsimtech.hu\/wp-content\/uploads\/2026\/02\/625640850_2135046087030741_3069518079076134460_n-18x12.jpg 18w\" sizes=\"auto, (max-width: 300px) 100vw, 300px\" \/><\/div>\n\t\t\t\t\t<div class=\"wc-block-grid__product-title\">MT szekvenci\u00e1lis v\u00e1lt\u00f3<\/div>\n\t\t\t\t<\/a>\n\t\t\t\t<div class=\"wc-block-grid__product-price price\"><span class=\"woocs_price_code\" data-currency=\"\" data-redraw-id=\"69fca275c09a4\" data-product-id=\"10827\"><span class=\"woocommerce-Price-amount amount\" aria-hidden=\"true\">14.900&nbsp;<span class=\"woocommerce-Price-currencySymbol\">&#070;&#116;<\/span><\/span> <span aria-hidden=\"true\">&ndash;<\/span> <span class=\"woocommerce-Price-amount amount\" aria-hidden=\"true\">19.900&nbsp;<span class=\"woocommerce-Price-currencySymbol\">&#070;&#116;<\/span><\/span><span class=\"screen-reader-text\">\u00c1rtartom\u00e1ny: 14.900&nbsp;&#070;&#116; &#8211; 19.900&nbsp;&#070;&#116;<\/span><\/span><\/div>\n\t\t\t\t\n\t\t\t\t<div class=\"wp-block-button wc-block-grid__product-add-to-cart\"><a href=\"https:\/\/mtsimtech.hu\/en\/product\/szekvencialis-valto\/\" aria-label=\"Select options for &ldquo;MT szekvenci\u00e1lis v\u00e1lt\u00f3&rdquo;\" data-quantity=\"1\" data-product_id=\"10827\" data-product_sku=\"\" data-price=\"14900\" rel=\"nofollow\" class=\"wp-block-button__link  add_to_cart_button\">Select options<\/a><\/div>\n\t\t\t<\/li><li class=\"wc-block-grid__product\">\n\t\t\t\t<a href=\"https:\/\/mtsimtech.hu\/en\/product\/mt-tempomat-limiter\/\" class=\"wc-block-grid__product-link\">\n\t\t\t\t\t<div class=\"wc-block-grid__product-onsale\">\n\t\t\t<span aria-hidden=\"true\">Akci\u00f3<\/span>\n\t\t\t<span class=\"screen-reader-text\">Akci\u00f3s term\u00e9k<\/span>\n\t\t<\/div>\n\t\t\t\t\t<div class=\"wc-block-grid__product-image\"><img loading=\"lazy\" decoding=\"async\" width=\"300\" height=\"188\" src=\"https:\/\/mtsimtech.hu\/wp-content\/uploads\/2025\/11\/IMG_2644-1-300x188.jpg\" class=\"attachment-woocommerce_thumbnail size-woocommerce_thumbnail\" alt=\"MT Tempomat-Limiter\" \/><\/div>\n\t\t\t\t\t<div class=\"wc-block-grid__product-title\">MT Tempomat-Limiter<\/div>\n\t\t\t\t<\/a>\n\t\t\t\t<div class=\"wc-block-grid__product-price price\"><span class=\"woocs_price_code\" data-currency=\"\" data-redraw-id=\"69fca275c0f4e\" data-product-id=\"10574\"><span class=\"woocommerce-Price-amount amount\" aria-hidden=\"true\">12.900&nbsp;<span class=\"woocommerce-Price-currencySymbol\">&#070;&#116;<\/span><\/span> <span aria-hidden=\"true\">&ndash;<\/span> <span class=\"woocommerce-Price-amount amount\" aria-hidden=\"true\">16.800&nbsp;<span class=\"woocommerce-Price-currencySymbol\">&#070;&#116;<\/span><\/span><span class=\"screen-reader-text\">\u00c1rtartom\u00e1ny: 12.900&nbsp;&#070;&#116; &#8211; 16.800&nbsp;&#070;&#116;<\/span><\/span><\/div>\n\t\t\t\t\n\t\t\t\t<div class=\"wp-block-button wc-block-grid__product-add-to-cart\"><a href=\"https:\/\/mtsimtech.hu\/en\/product\/mt-tempomat-limiter\/\" aria-label=\"Select options for &ldquo;MT Tempomat-Limiter&rdquo;\" data-quantity=\"1\" data-product_id=\"10574\" data-product_sku=\"\" data-price=\"12900\" rel=\"nofollow\" class=\"wp-block-button__link  add_to_cart_button\">Select options<\/a><\/div>\n\t\t\t<\/li><li class=\"wc-block-grid__product\">\n\t\t\t\t<a href=\"https:\/\/mtsimtech.hu\/en\/product\/mt-szimulator-index\/\" class=\"wc-block-grid__product-link\">\n\t\t\t\t\t\n\t\t\t\t\t<div class=\"wc-block-grid__product-image\"><img loading=\"lazy\" decoding=\"async\" width=\"300\" height=\"188\" src=\"https:\/\/mtsimtech.hu\/wp-content\/uploads\/2025\/08\/IMG_1566_ws-300x188.jpg\" class=\"attachment-woocommerce_thumbnail size-woocommerce_thumbnail\" alt=\"MT Index\" srcset=\"https:\/\/mtsimtech.hu\/wp-content\/uploads\/2025\/08\/IMG_1566_ws-300x188.jpg 300w, https:\/\/mtsimtech.hu\/wp-content\/uploads\/2025\/08\/IMG_1566_ws-18x12.jpg 18w\" sizes=\"auto, (max-width: 300px) 100vw, 300px\" \/><\/div>\n\t\t\t\t\t<div class=\"wc-block-grid__product-title\">MT Index<\/div>\n\t\t\t\t<\/a>\n\t\t\t\t<div class=\"wc-block-grid__product-price price\"><span class=\"woocs_price_code\" data-currency=\"\" data-redraw-id=\"69fca275c150f\" data-product-id=\"10410\"><span class=\"woocommerce-Price-amount amount\" aria-hidden=\"true\">28.900&nbsp;<span class=\"woocommerce-Price-currencySymbol\">&#070;&#116;<\/span><\/span> <span aria-hidden=\"true\">&ndash;<\/span> <span class=\"woocommerce-Price-amount amount\" aria-hidden=\"true\">32.800&nbsp;<span class=\"woocommerce-Price-currencySymbol\">&#070;&#116;<\/span><\/span><span class=\"screen-reader-text\">\u00c1rtartom\u00e1ny: 28.900&nbsp;&#070;&#116; &#8211; 32.800&nbsp;&#070;&#116;<\/span><\/span><\/div>\n\t\t\t\t\n\t\t\t\t<div class=\"wp-block-button wc-block-grid__product-add-to-cart\"><a href=\"https:\/\/mtsimtech.hu\/en\/product\/mt-szimulator-index\/\" aria-label=\"Select options for &ldquo;MT Index&rdquo;\" data-quantity=\"1\" data-product_id=\"10410\" data-product_sku=\"\" data-price=\"28900\" rel=\"nofollow\" class=\"wp-block-button__link  add_to_cart_button\">Select options<\/a><\/div>\n\t\t\t<\/li><li class=\"wc-block-grid__product\">\n\t\t\t\t<a href=\"https:\/\/mtsimtech.hu\/en\/product\/fanatec-wrc-bmw-p1-magneses-valto-mod\/\" class=\"wc-block-grid__product-link\">\n\t\t\t\t\t\n\t\t\t\t\t<div class=\"wc-block-grid__product-image\"><img loading=\"lazy\" decoding=\"async\" width=\"300\" height=\"188\" src=\"https:\/\/mtsimtech.hu\/wp-content\/uploads\/2025\/06\/IMG_0768_ws-300x188.jpg\" class=\"attachment-woocommerce_thumbnail size-woocommerce_thumbnail\" alt=\"Fanatec WRC\/BMW\/P1 m\u00e1gneses v\u00e1lt\u00f3 mod\" srcset=\"https:\/\/mtsimtech.hu\/wp-content\/uploads\/2025\/06\/IMG_0768_ws-300x188.jpg 300w, https:\/\/mtsimtech.hu\/wp-content\/uploads\/2025\/06\/IMG_0768_ws-18x10.jpg 18w\" sizes=\"auto, (max-width: 300px) 100vw, 300px\" \/><\/div>\n\t\t\t\t\t<div class=\"wc-block-grid__product-title\">Fanatec WRC\/BMW\/P1 m\u00e1gneses v\u00e1lt\u00f3 mod<\/div>\n\t\t\t\t<\/a>\n\t\t\t\t<div class=\"wc-block-grid__product-price price\"><span class=\"woocs_price_code\" data-currency=\"\" data-redraw-id=\"69fca275c1913\" data-product-id=\"10297\"><span class=\"woocommerce-Price-amount amount\">5.900&nbsp;<span class=\"woocommerce-Price-currencySymbol\">&#070;&#116;<\/span><\/span><\/span><\/div>\n\t\t\t\t\n\t\t\t\t<div class=\"wp-block-button wc-block-grid__product-add-to-cart\"><a href=\"https:\/\/mtsimtech.hu\/en\/product\/fanatec-wrc-bmw-p1-magneses-valto-mod\/\" aria-label=\"Select options for &ldquo;Fanatec WRC\/BMW\/P1 m\u00e1gneses v\u00e1lt\u00f3 mod&rdquo;\" data-quantity=\"1\" data-product_id=\"10297\" data-product_sku=\"\" data-price=\"5900\" rel=\"nofollow\" class=\"wp-block-button__link  add_to_cart_button\">Select options<\/a><\/div>\n\t\t\t<\/li><li class=\"wc-block-grid__product\">\n\t\t\t\t<a href=\"https:\/\/mtsimtech.hu\/en\/product\/fanatec-magnetic-shifter-mod\/\" class=\"wc-block-grid__product-link\">\n\t\t\t\t\t\n\t\t\t\t\t<div class=\"wc-block-grid__product-image\"><img loading=\"lazy\" decoding=\"async\" width=\"300\" height=\"188\" src=\"https:\/\/mtsimtech.hu\/wp-content\/uploads\/2021\/06\/DSC_0173-300x188.jpg\" class=\"attachment-woocommerce_thumbnail size-woocommerce_thumbnail\" alt=\"Fanatec Formula\/F1 eSports m\u00e1gneses v\u00e1lt\u00f3 mod\" \/><\/div>\n\t\t\t\t\t<div class=\"wc-block-grid__product-title\">Fanatec Formula\/F1 eSports m\u00e1gneses v\u00e1lt\u00f3 mod<\/div>\n\t\t\t\t<\/a>\n\t\t\t\t<div class=\"wc-block-grid__product-price price\"><span class=\"woocs_price_code\" data-currency=\"\" data-redraw-id=\"69fca275c1ecd\" data-product-id=\"2151\"><span class=\"woocommerce-Price-amount amount\" aria-hidden=\"true\">3.400&nbsp;<span class=\"woocommerce-Price-currencySymbol\">&#070;&#116;<\/span><\/span> <span aria-hidden=\"true\">&ndash;<\/span> <span class=\"woocommerce-Price-amount amount\" aria-hidden=\"true\">5.000&nbsp;<span class=\"woocommerce-Price-currencySymbol\">&#070;&#116;<\/span><\/span><span class=\"screen-reader-text\">\u00c1rtartom\u00e1ny: 3.400&nbsp;&#070;&#116; &#8211; 5.000&nbsp;&#070;&#116;<\/span><\/span><\/div>\n\t\t\t\t\n\t\t\t\t<div class=\"wp-block-button wc-block-grid__product-add-to-cart\"><a href=\"https:\/\/mtsimtech.hu\/en\/product\/fanatec-magnetic-shifter-mod\/\" aria-label=\"Select options for &ldquo;Fanatec Formula\/F1 eSports m\u00e1gneses v\u00e1lt\u00f3 mod&rdquo;\" data-quantity=\"1\" data-product_id=\"2151\" data-product_sku=\"\" data-price=\"3400\" rel=\"nofollow\" class=\"wp-block-button__link  add_to_cart_button\">Select options<\/a><\/div>\n\t\t\t<\/li><li class=\"wc-block-grid__product\">\n\t\t\t\t<a href=\"https:\/\/mtsimtech.hu\/en\/product\/logitech-valtoful-hosszabbito\/\" class=\"wc-block-grid__product-link\">\n\t\t\t\t\t\n\t\t\t\t\t<div class=\"wc-block-grid__product-image\"><img loading=\"lazy\" decoding=\"async\" width=\"300\" height=\"188\" src=\"https:\/\/mtsimtech.hu\/wp-content\/uploads\/2021\/03\/DSC_0181-300x188.jpg\" class=\"attachment-woocommerce_thumbnail size-woocommerce_thumbnail\" alt=\"Logitech v\u00e1lt\u00f3f\u00fcl extender\" \/><\/div>\n\t\t\t\t\t<div class=\"wc-block-grid__product-title\">Logitech v\u00e1lt\u00f3f\u00fcl extender<\/div>\n\t\t\t\t<\/a>\n\t\t\t\t<div class=\"wc-block-grid__product-price price\"><span class=\"woocs_price_code\" data-currency=\"\" data-redraw-id=\"69fca275c2336\" data-product-id=\"2029\"><span class=\"woocommerce-Price-amount amount\">2.000&nbsp;<span class=\"woocommerce-Price-currencySymbol\">&#070;&#116;<\/span><\/span><\/span><\/div>\n\t\t\t\t\n\t\t\t\t<div class=\"wp-block-button wc-block-grid__product-add-to-cart\"><a href=\"\/en\/wp-json\/wp\/v2\/pages\/1357?add-to-cart=2029\" aria-label=\"Add to basket: &ldquo;Logitech v\u00e1lt\u00f3f\u00fcl extender&rdquo;\" data-quantity=\"1\" data-product_id=\"2029\" data-product_sku=\"\" data-price=\"2000\" rel=\"nofollow\" class=\"wp-block-button__link  add_to_cart_button ajax_add_to_cart\">Add to basket<\/a><\/div>\n\t\t\t<\/li><li class=\"wc-block-grid__product\">\n\t\t\t\t<a href=\"https:\/\/mtsimtech.hu\/en\/product\/szekvencialis-valtogomb\/\" class=\"wc-block-grid__product-link\">\n\t\t\t\t\t\n\t\t\t\t\t<div class=\"wc-block-grid__product-image\"><img loading=\"lazy\" decoding=\"async\" width=\"300\" height=\"188\" src=\"https:\/\/mtsimtech.hu\/wp-content\/uploads\/2021\/01\/P6A8059_GB-300x188.jpg\" class=\"attachment-woocommerce_thumbnail size-woocommerce_thumbnail\" alt=\"Szekvenci\u00e1lis v\u00e1lt\u00f3gomb\" \/><\/div>\n\t\t\t\t\t<div class=\"wc-block-grid__product-title\">Szekvenci\u00e1lis v\u00e1lt\u00f3gomb<\/div>\n\t\t\t\t<\/a>\n\t\t\t\t<div class=\"wc-block-grid__product-price price\"><span class=\"woocs_price_code\" data-currency=\"\" data-redraw-id=\"69fca275c2660\" data-product-id=\"1726\"><span class=\"woocommerce-Price-amount amount\">3.900&nbsp;<span class=\"woocommerce-Price-currencySymbol\">&#070;&#116;<\/span><\/span><\/span><\/div>\n\t\t\t\t\n\t\t\t\t<div class=\"wp-block-button wc-block-grid__product-add-to-cart\"><a href=\"https:\/\/mtsimtech.hu\/en\/product\/szekvencialis-valtogomb\/\" aria-label=\"Select options for &ldquo;Szekvenci\u00e1lis v\u00e1lt\u00f3gomb&rdquo;\" data-quantity=\"1\" data-product_id=\"1726\" data-product_sku=\"\" data-price=\"3900\" rel=\"nofollow\" class=\"wp-block-button__link  add_to_cart_button\">Select options<\/a><\/div>\n\t\t\t<\/li><li class=\"wc-block-grid__product\">\n\t\t\t\t<a href=\"https:\/\/mtsimtech.hu\/en\/product\/thrustmaster-magneses-valto-mod\/\" class=\"wc-block-grid__product-link\">\n\t\t\t\t\t\n\t\t\t\t\t<div class=\"wc-block-grid__product-image\"><img loading=\"lazy\" decoding=\"async\" width=\"300\" height=\"188\" src=\"https:\/\/mtsimtech.hu\/wp-content\/uploads\/2020\/12\/P6A8026_GB-300x188.jpg\" class=\"attachment-woocommerce_thumbnail size-woocommerce_thumbnail\" alt=\"Thrustmaster m\u00e1gneses v\u00e1lt\u00f3 mod\" \/><\/div>\n\t\t\t\t\t<div class=\"wc-block-grid__product-title\">Thrustmaster m\u00e1gneses v\u00e1lt\u00f3 mod<\/div>\n\t\t\t\t<\/a>\n\t\t\t\t<div class=\"wc-block-grid__product-price price\"><span class=\"woocs_price_code\" data-currency=\"\" data-redraw-id=\"69fca275c2a48\" data-product-id=\"1434\"><span class=\"woocommerce-Price-amount amount\">3.900&nbsp;<span class=\"woocommerce-Price-currencySymbol\">&#070;&#116;<\/span><\/span><\/span><\/div>\n\t\t\t\t<div class=\"wc-block-grid__product-rating\"><div class=\"star-rating\" role=\"img\" aria-label=\"Rated 5.00 out of 5\"><span style=\"width:100%\">Rated <strong class=\"rating\">5.00<\/strong> out of 5 based on <span class=\"rating\">1<\/span> customer rating<\/span><\/div><\/div>\n\t\t\t\t<div class=\"wp-block-button wc-block-grid__product-add-to-cart\"><a href=\"https:\/\/mtsimtech.hu\/en\/product\/thrustmaster-magneses-valto-mod\/\" aria-label=\"Select options for &ldquo;Thrustmaster m\u00e1gneses v\u00e1lt\u00f3 mod&rdquo;\" data-quantity=\"1\" data-product_id=\"1434\" data-product_sku=\"\" data-price=\"3900\" rel=\"nofollow\" class=\"wp-block-button__link  add_to_cart_button\">Select options<\/a><\/div>\n\t\t\t<\/li><\/ul><\/div>","protected":false},"excerpt":{"rendered":"","protected":false},"author":7,"featured_media":0,"parent":0,"menu_order":0,"comment_status":"closed","ping_status":"closed","template":"","meta":{"footnotes":""},"class_list":["post-1357","page","type-page","status-publish"],"_links":{"self":[{"href":"https:\/\/mtsimtech.hu\/en\/wp-json\/wp\/v2\/pages\/1357","targetHints":{"allow":["GET"]}}],"collection":[{"href":"https:\/\/mtsimtech.hu\/en\/wp-json\/wp\/v2\/pages"}],"about":[{"href":"https:\/\/mtsimtech.hu\/en\/wp-json\/wp\/v2\/types\/page"}],"author":[{"embeddable":true,"href":"https:\/\/mtsimtech.hu\/en\/wp-json\/wp\/v2\/users\/7"}],"replies":[{"embeddable":true,"href":"https:\/\/mtsimtech.hu\/en\/wp-json\/wp\/v2\/comments?post=1357"}],"version-history":[{"count":1,"href":"https:\/\/mtsimtech.hu\/en\/wp-json\/wp\/v2\/pages\/1357\/revisions"}],"predecessor-version":[{"id":1367,"href":"https:\/\/mtsimtech.hu\/en\/wp-json\/wp\/v2\/pages\/1357\/revisions\/1367"}],"wp:attachment":[{"href":"https:\/\/mtsimtech.hu\/en\/wp-json\/wp\/v2\/media?parent=1357"}],"curies":[{"name":"wp","href":"https:\/\/api.w.org\/{rel}","templated":true}]}}