{"id":3322,"date":"2022-05-08T13:57:44","date_gmt":"2022-05-08T13:57:44","guid":{"rendered":"https:\/\/mtsimtech.hu\/?page_id=3322"},"modified":"2024-01-22T06:53:52","modified_gmt":"2024-01-22T06:53:52","slug":"button-boxok","status":"publish","type":"page","link":"https:\/\/mtsimtech.hu\/en\/button-boxok\/","title":{"rendered":"Accessories"},"content":{"rendered":"\n<h2 class=\"wp-block-heading\">K\u00e9zif\u00e9kek<\/h2>\n\n\n<div data-block-name=\"woocommerce\/product-category\" data-categories=\"[137]\" class=\"wc-block-grid wp-block-product-category wp-block-woocommerce-product-category wc-block-product-category has-3-columns has-multiple-rows\"><ul class=\"wc-block-grid__products\"><li class=\"wc-block-grid__product\">\n\t\t\t\t<a href=\"https:\/\/mtsimtech.hu\/en\/product\/rugok\/\" class=\"wc-block-grid__product-link\">\n\t\t\t\t\t\n\t\t\t\t\t<div class=\"wc-block-grid__product-image\"><img loading=\"lazy\" decoding=\"async\" width=\"300\" height=\"188\" src=\"https:\/\/mtsimtech.hu\/wp-content\/uploads\/2024\/01\/DSC_0080_rev-300x188.jpg\" class=\"attachment-woocommerce_thumbnail size-woocommerce_thumbnail\" alt=\"Rug\u00f3k, elasztomerek (ped\u00e1l, k\u00e9zif\u00e9k)\" \/><\/div>\n\t\t\t\t\t<div class=\"wc-block-grid__product-title\">Rug\u00f3k, elasztomerek (ped\u00e1l, k\u00e9zif\u00e9k)<\/div>\n\t\t\t\t<\/a>\n\t\t\t\t<div class=\"wc-block-grid__product-price price\"><span class=\"woocs_price_code\" data-currency=\"\" data-redraw-id=\"69d6804586d61\" data-product-id=\"6640\"><span class=\"woocommerce-Price-amount amount\" aria-hidden=\"true\">1.490&nbsp;<span class=\"woocommerce-Price-currencySymbol\">&#070;&#116;<\/span><\/span> <span aria-hidden=\"true\">&ndash;<\/span> <span class=\"woocommerce-Price-amount amount\" aria-hidden=\"true\">2.900&nbsp;<span class=\"woocommerce-Price-currencySymbol\">&#070;&#116;<\/span><\/span><span class=\"screen-reader-text\">\u00c1rtartom\u00e1ny: 1.490&nbsp;&#070;&#116; &#8211; 2.900&nbsp;&#070;&#116;<\/span><\/span><\/div>\n\t\t\t\t\n\t\t\t\t<div class=\"wp-block-button wc-block-grid__product-add-to-cart\"><a href=\"https:\/\/mtsimtech.hu\/en\/product\/rugok\/\" aria-label=\"Select options for &ldquo;Rug\u00f3k, elasztomerek (ped\u00e1l, k\u00e9zif\u00e9k)&rdquo;\" data-quantity=\"1\" data-product_id=\"6640\" data-product_sku=\"\" data-price=\"1490\" rel=\"nofollow\" class=\"wp-block-button__link  add_to_cart_button\">Select options<\/a><\/div>\n\t\t\t<\/li><li class=\"wc-block-grid__product\">\n\t\t\t\t<a href=\"https:\/\/mtsimtech.hu\/en\/product\/wrc-szimulator-kezifek-hall-szenzor\/\" class=\"wc-block-grid__product-link\">\n\t\t\t\t\t\n\t\t\t\t\t<div class=\"wc-block-grid__product-image\"><img loading=\"lazy\" decoding=\"async\" width=\"300\" height=\"188\" src=\"https:\/\/mtsimtech.hu\/wp-content\/uploads\/2024\/01\/DSC_0085_rev-300x188.jpg\" class=\"attachment-woocommerce_thumbnail size-woocommerce_thumbnail\" alt=\"Hall-szenzor k\u00e9szlet WRC szimul\u00e1tor k\u00e9zif\u00e9khez\" \/><\/div>\n\t\t\t\t\t<div class=\"wc-block-grid__product-title\">Hall-szenzor k\u00e9szlet WRC szimul\u00e1tor k\u00e9zif\u00e9khez<\/div>\n\t\t\t\t<\/a>\n\t\t\t\t<div class=\"wc-block-grid__product-price price\"><span class=\"woocs_price_code\" data-currency=\"\" data-redraw-id=\"69d6804587334\" data-product-id=\"5941\"><span class=\"woocommerce-Price-amount amount\" aria-hidden=\"true\">1.200&nbsp;<span class=\"woocommerce-Price-currencySymbol\">&#070;&#116;<\/span><\/span> <span aria-hidden=\"true\">&ndash;<\/span> <span class=\"woocommerce-Price-amount amount\" aria-hidden=\"true\">7.900&nbsp;<span class=\"woocommerce-Price-currencySymbol\">&#070;&#116;<\/span><\/span><span class=\"screen-reader-text\">\u00c1rtartom\u00e1ny: 1.200&nbsp;&#070;&#116; &#8211; 7.900&nbsp;&#070;&#116;<\/span><\/span><\/div>\n\t\t\t\t\n\t\t\t\t<div class=\"wp-block-button wc-block-grid__product-add-to-cart\"><a href=\"https:\/\/mtsimtech.hu\/en\/product\/wrc-szimulator-kezifek-hall-szenzor\/\" aria-label=\"Select options for &ldquo;Hall-szenzor k\u00e9szlet WRC szimul\u00e1tor k\u00e9zif\u00e9khez&rdquo;\" data-quantity=\"1\" data-product_id=\"5941\" data-product_sku=\"\" data-price=\"1200\" rel=\"nofollow\" class=\"wp-block-button__link  add_to_cart_button\">Select options<\/a><\/div>\n\t\t\t<\/li><li class=\"wc-block-grid__product\">\n\t\t\t\t<a href=\"https:\/\/mtsimtech.hu\/en\/product\/kezifek-asztali-tarto\/\" class=\"wc-block-grid__product-link\">\n\t\t\t\t\t\n\t\t\t\t\t<div class=\"wc-block-grid__product-image\"><img loading=\"lazy\" decoding=\"async\" width=\"300\" height=\"188\" src=\"https:\/\/mtsimtech.hu\/wp-content\/uploads\/2022\/07\/P6A7761_GB_3-300x188.jpg\" class=\"attachment-woocommerce_thumbnail size-woocommerce_thumbnail\" alt=\"Asztali tart\u00f3 WRC szimul\u00e1tor k\u00e9zif\u00e9khez\" srcset=\"https:\/\/mtsimtech.hu\/wp-content\/uploads\/2022\/07\/P6A7761_GB_3-300x188.jpg 300w, https:\/\/mtsimtech.hu\/wp-content\/uploads\/2022\/07\/P6A7761_GB_3-18x12.jpg 18w\" sizes=\"auto, (max-width: 300px) 100vw, 300px\" \/><\/div>\n\t\t\t\t\t<div class=\"wc-block-grid__product-title\">Asztali tart\u00f3 WRC szimul\u00e1tor k\u00e9zif\u00e9khez<\/div>\n\t\t\t\t<\/a>\n\t\t\t\t<div class=\"wc-block-grid__product-price price\"><span class=\"woocs_price_code\" data-currency=\"\" data-redraw-id=\"69d6804587749\" data-product-id=\"3698\"><span class=\"woocommerce-Price-amount amount\">6.400&nbsp;<span class=\"woocommerce-Price-currencySymbol\">&#070;&#116;<\/span><\/span><\/span><\/div>\n\t\t\t\t\n\t\t\t\t<div class=\"wp-block-button wc-block-grid__product-add-to-cart\"><a href=\"\/en\/wp-json\/wp\/v2\/pages\/3322?add-to-cart=3698\" aria-label=\"Add to basket: &ldquo;Asztali tart\u00f3 WRC szimul\u00e1tor k\u00e9zif\u00e9khez&rdquo;\" data-quantity=\"1\" data-product_id=\"3698\" data-product_sku=\"\" data-price=\"6400\" rel=\"nofollow\" class=\"wp-block-button__link  add_to_cart_button ajax_add_to_cart\">Add to basket<\/a><\/div>\n\t\t\t<\/li><li class=\"wc-block-grid__product\">\n\t\t\t\t<a href=\"https:\/\/mtsimtech.hu\/en\/product\/wrc-szimulator-kezifek\/\" class=\"wc-block-grid__product-link\">\n\t\t\t\t\t\n\t\t\t\t\t<div class=\"wc-block-grid__product-image\"><img loading=\"lazy\" decoding=\"async\" width=\"300\" height=\"188\" src=\"https:\/\/mtsimtech.hu\/wp-content\/uploads\/2021\/02\/IMG_0003-1-300x188.jpg\" class=\"attachment-woocommerce_thumbnail size-woocommerce_thumbnail\" alt=\"WRC szimul\u00e1tor k\u00e9zif\u00e9k\" srcset=\"https:\/\/mtsimtech.hu\/wp-content\/uploads\/2021\/02\/IMG_0003-1-300x188.jpg 300w, https:\/\/mtsimtech.hu\/wp-content\/uploads\/2021\/02\/IMG_0003-1-18x12.jpg 18w\" sizes=\"auto, (max-width: 300px) 100vw, 300px\" \/><\/div>\n\t\t\t\t\t<div class=\"wc-block-grid__product-title\">WRC szimul\u00e1tor k\u00e9zif\u00e9k<\/div>\n\t\t\t\t<\/a>\n\t\t\t\t<div class=\"wc-block-grid__product-price price\"><span class=\"woocs_price_code\" data-currency=\"\" data-redraw-id=\"69d6804587e67\" data-product-id=\"1816\"><span class=\"woocommerce-Price-amount amount\" aria-hidden=\"true\">29.900&nbsp;<span class=\"woocommerce-Price-currencySymbol\">&#070;&#116;<\/span><\/span> <span aria-hidden=\"true\">&ndash;<\/span> <span class=\"woocommerce-Price-amount amount\" aria-hidden=\"true\">35.800&nbsp;<span class=\"woocommerce-Price-currencySymbol\">&#070;&#116;<\/span><\/span><span class=\"screen-reader-text\">\u00c1rtartom\u00e1ny: 29.900&nbsp;&#070;&#116; &#8211; 35.800&nbsp;&#070;&#116;<\/span><\/span><\/div>\n\t\t\t\t<div class=\"wc-block-grid__product-rating\"><div class=\"star-rating\" role=\"img\" aria-label=\"Rated 5.00 out of 5\"><span style=\"width:100%\">Rated <strong class=\"rating\">5.00<\/strong> out of 5 based on <span class=\"rating\">3<\/span> customer rating<\/span><\/div><\/div>\n\t\t\t\t<div class=\"wp-block-button wc-block-grid__product-add-to-cart\"><a href=\"https:\/\/mtsimtech.hu\/en\/product\/wrc-szimulator-kezifek\/\" aria-label=\"Select options for &ldquo;WRC szimul\u00e1tor k\u00e9zif\u00e9k&rdquo;\" data-quantity=\"1\" data-product_id=\"1816\" data-product_sku=\"\" data-price=\"29900\" rel=\"nofollow\" class=\"wp-block-button__link  add_to_cart_button\">Select options<\/a><\/div>\n\t\t\t<\/li><\/ul><\/div>\n\n\n<h2 class=\"wp-block-heading\">ButtonBoxok<\/h2>\n\n\n\n\n\n<h2 class=\"wp-block-heading\">Kijelz\u0151k<\/h2>\n\n\n\n\n\n<h2 class=\"wp-block-heading\">Telefontart\u00f3k<\/h2>\n\n\n<div data-block-name=\"woocommerce\/product-category\" data-categories=\"[138]\" data-orderby=\"menu_order\" class=\"wc-block-grid wp-block-product-category wp-block-woocommerce-product-category wc-block-product-category has-3-columns has-multiple-rows\"><ul class=\"wc-block-grid__products\"><li class=\"wc-block-grid__product\">\n\t\t\t\t<a href=\"https:\/\/mtsimtech.hu\/en\/product\/szimulator-logitech-telefontarto\/\" class=\"wc-block-grid__product-link\">\n\t\t\t\t\t\n\t\t\t\t\t<div class=\"wc-block-grid__product-image\"><img loading=\"lazy\" decoding=\"async\" width=\"300\" height=\"188\" src=\"https:\/\/mtsimtech.hu\/wp-content\/uploads\/2021\/01\/LGPM_12-300x188.jpg\" class=\"attachment-woocommerce_thumbnail size-woocommerce_thumbnail\" alt=\"Logitech telefontart\u00f3\" \/><\/div>\n\t\t\t\t\t<div class=\"wc-block-grid__product-title\">Logitech telefontart\u00f3<\/div>\n\t\t\t\t<\/a>\n\t\t\t\t<div class=\"wc-block-grid__product-price price\"><span class=\"woocs_price_code\" data-currency=\"\" data-redraw-id=\"69d680459a3b6\" data-product-id=\"1520\"><span class=\"woocommerce-Price-amount amount\">5.400&nbsp;<span class=\"woocommerce-Price-currencySymbol\">&#070;&#116;<\/span><\/span><\/span><\/div>\n\t\t\t\t\n\t\t\t\t<div class=\"wp-block-button wc-block-grid__product-add-to-cart\"><a href=\"\/en\/wp-json\/wp\/v2\/pages\/3322?add-to-cart=1520\" aria-label=\"Add to basket: &ldquo;Logitech telefontart\u00f3&rdquo;\" data-quantity=\"1\" data-product_id=\"1520\" data-product_sku=\"\" data-price=\"5400\" rel=\"nofollow\" class=\"wp-block-button__link  add_to_cart_button ajax_add_to_cart\">Add to basket<\/a><\/div>\n\t\t\t<\/li><li class=\"wc-block-grid__product\">\n\t\t\t\t<a href=\"https:\/\/mtsimtech.hu\/en\/product\/thrustmaster-telefontarto\/\" class=\"wc-block-grid__product-link\">\n\t\t\t\t\t\n\t\t\t\t\t<div class=\"wc-block-grid__product-image\"><img loading=\"lazy\" decoding=\"async\" width=\"300\" height=\"188\" src=\"https:\/\/mtsimtech.hu\/wp-content\/uploads\/2021\/03\/P6A30681_GB-300x188.jpg\" class=\"attachment-woocommerce_thumbnail size-woocommerce_thumbnail\" alt=\"Thrustmaster telefontart\u00f3\" \/><\/div>\n\t\t\t\t\t<div class=\"wc-block-grid__product-title\">Thrustmaster telefontart\u00f3<\/div>\n\t\t\t\t<\/a>\n\t\t\t\t<div class=\"wc-block-grid__product-price price\"><span class=\"woocs_price_code\" data-currency=\"\" data-redraw-id=\"69d680459a746\" data-product-id=\"1999\"><span class=\"woocommerce-Price-amount amount\">5.800&nbsp;<span class=\"woocommerce-Price-currencySymbol\">&#070;&#116;<\/span><\/span><\/span><\/div>\n\t\t\t\t\n\t\t\t\t<div class=\"wp-block-button wc-block-grid__product-add-to-cart\"><a href=\"https:\/\/mtsimtech.hu\/en\/product\/thrustmaster-telefontarto\/\" aria-label=\"Select options for &ldquo;Thrustmaster telefontart\u00f3&rdquo;\" data-quantity=\"1\" data-product_id=\"1999\" data-product_sku=\"\" data-price=\"5800\" rel=\"nofollow\" class=\"wp-block-button__link  add_to_cart_button\">Select options<\/a><\/div>\n\t\t\t<\/li><li class=\"wc-block-grid__product\">\n\t\t\t\t<a href=\"https:\/\/mtsimtech.hu\/en\/product\/fanatec-telefontarto\/\" class=\"wc-block-grid__product-link\">\n\t\t\t\t\t\n\t\t\t\t\t<div class=\"wc-block-grid__product-image\"><img loading=\"lazy\" decoding=\"async\" width=\"300\" height=\"188\" src=\"https:\/\/mtsimtech.hu\/wp-content\/uploads\/2021\/03\/P6A40331_GB-300x188.jpg\" class=\"attachment-woocommerce_thumbnail size-woocommerce_thumbnail\" alt=\"Fanatec telefontart\u00f3\" srcset=\"https:\/\/mtsimtech.hu\/wp-content\/uploads\/2021\/03\/P6A40331_GB-300x188.jpg 300w, https:\/\/mtsimtech.hu\/wp-content\/uploads\/2021\/03\/P6A40331_GB-18x12.jpg 18w\" sizes=\"auto, (max-width: 300px) 100vw, 300px\" \/><\/div>\n\t\t\t\t\t<div class=\"wc-block-grid__product-title\">Fanatec telefontart\u00f3<\/div>\n\t\t\t\t<\/a>\n\t\t\t\t<div class=\"wc-block-grid__product-price price\"><span class=\"woocs_price_code\" data-currency=\"\" data-redraw-id=\"69d680459ab3a\" data-product-id=\"3504\"><span class=\"woocommerce-Price-amount amount\">5.400&nbsp;<span class=\"woocommerce-Price-currencySymbol\">&#070;&#116;<\/span><\/span><\/span><\/div>\n\t\t\t\t\n\t\t\t\t<div class=\"wp-block-button wc-block-grid__product-add-to-cart\"><a href=\"\/en\/wp-json\/wp\/v2\/pages\/3322?add-to-cart=3504\" aria-label=\"Add to basket: &ldquo;Fanatec telefontart\u00f3&rdquo;\" data-quantity=\"1\" data-product_id=\"3504\" data-product_sku=\"\" data-price=\"5400\" rel=\"nofollow\" class=\"wp-block-button__link  add_to_cart_button ajax_add_to_cart\">Add to basket<\/a><\/div>\n\t\t\t<\/li><li class=\"wc-block-grid__product\">\n\t\t\t\t<a href=\"https:\/\/mtsimtech.hu\/en\/product\/tablet-tarto\/\" class=\"wc-block-grid__product-link\">\n\t\t\t\t\t\n\t\t\t\t\t<div class=\"wc-block-grid__product-image\"><img loading=\"lazy\" decoding=\"async\" width=\"300\" height=\"188\" src=\"https:\/\/mtsimtech.hu\/wp-content\/uploads\/2023\/07\/P6A3021_GB-300x188.jpg\" class=\"attachment-woocommerce_thumbnail size-woocommerce_thumbnail\" alt=\"Tablet \u00e1llv\u00e1ny asztalra, cockpitre\" srcset=\"https:\/\/mtsimtech.hu\/wp-content\/uploads\/2023\/07\/P6A3021_GB-300x188.jpg 300w, https:\/\/mtsimtech.hu\/wp-content\/uploads\/2023\/07\/P6A3021_GB-18x12.jpg 18w\" sizes=\"auto, (max-width: 300px) 100vw, 300px\" \/><\/div>\n\t\t\t\t\t<div class=\"wc-block-grid__product-title\">Tablet \u00e1llv\u00e1ny asztalra, cockpitre<\/div>\n\t\t\t\t<\/a>\n\t\t\t\t<div class=\"wc-block-grid__product-price price\"><span class=\"woocs_price_code\" data-currency=\"\" data-redraw-id=\"69d680459b0b0\" data-product-id=\"6256\"><span class=\"woocommerce-Price-amount amount\" aria-hidden=\"true\">8.400&nbsp;<span class=\"woocommerce-Price-currencySymbol\">&#070;&#116;<\/span><\/span> <span aria-hidden=\"true\">&ndash;<\/span> <span class=\"woocommerce-Price-amount amount\" aria-hidden=\"true\">9.900&nbsp;<span class=\"woocommerce-Price-currencySymbol\">&#070;&#116;<\/span><\/span><span class=\"screen-reader-text\">\u00c1rtartom\u00e1ny: 8.400&nbsp;&#070;&#116; &#8211; 9.900&nbsp;&#070;&#116;<\/span><\/span><\/div>\n\t\t\t\t\n\t\t\t\t<div class=\"wp-block-button wc-block-grid__product-add-to-cart\"><a href=\"https:\/\/mtsimtech.hu\/en\/product\/tablet-tarto\/\" aria-label=\"Select options for &ldquo;Tablet \u00e1llv\u00e1ny asztalra, cockpitre&rdquo;\" data-quantity=\"1\" data-product_id=\"6256\" data-product_sku=\"\" data-price=\"8400\" rel=\"nofollow\" class=\"wp-block-button__link  add_to_cart_button\">Select options<\/a><\/div>\n\t\t\t<\/li><li class=\"wc-block-grid__product\">\n\t\t\t\t<a href=\"https:\/\/mtsimtech.hu\/en\/product\/telefontarto-moza-bazisokhoz\/\" class=\"wc-block-grid__product-link\">\n\t\t\t\t\t\n\t\t\t\t\t<div class=\"wc-block-grid__product-image\"><img loading=\"lazy\" decoding=\"async\" width=\"300\" height=\"188\" src=\"https:\/\/mtsimtech.hu\/wp-content\/uploads\/2023\/07\/P6A3021_GB-300x188.jpg\" class=\"attachment-woocommerce_thumbnail size-woocommerce_thumbnail\" alt=\"Telefontart\u00f3 Moza b\u00e1zisokhoz\" srcset=\"https:\/\/mtsimtech.hu\/wp-content\/uploads\/2023\/07\/P6A3021_GB-300x188.jpg 300w, https:\/\/mtsimtech.hu\/wp-content\/uploads\/2023\/07\/P6A3021_GB-18x12.jpg 18w\" sizes=\"auto, (max-width: 300px) 100vw, 300px\" \/><\/div>\n\t\t\t\t\t<div class=\"wc-block-grid__product-title\">Telefontart\u00f3 Moza b\u00e1zisokhoz<\/div>\n\t\t\t\t<\/a>\n\t\t\t\t<div class=\"wc-block-grid__product-price price\"><span class=\"woocs_price_code\" data-currency=\"\" data-redraw-id=\"69d680459b538\" data-product-id=\"5054\"><span class=\"woocommerce-Price-amount amount\">5.400&nbsp;<span class=\"woocommerce-Price-currencySymbol\">&#070;&#116;<\/span><\/span><\/span><\/div>\n\t\t\t\t\n\t\t\t\t<div class=\"wp-block-button wc-block-grid__product-add-to-cart\"><a href=\"\/en\/wp-json\/wp\/v2\/pages\/3322?add-to-cart=5054\" aria-label=\"Add to basket: &ldquo;Telefontart\u00f3 Moza b\u00e1zisokhoz&rdquo;\" data-quantity=\"1\" data-product_id=\"5054\" data-product_sku=\"\" data-price=\"5400\" rel=\"nofollow\" class=\"wp-block-button__link  add_to_cart_button ajax_add_to_cart\">Add to basket<\/a><\/div>\n\t\t\t<\/li><li class=\"wc-block-grid__product\">\n\t\t\t\t<a href=\"https:\/\/mtsimtech.hu\/en\/product\/telefontarto-simagic-bazisokhoz\/\" class=\"wc-block-grid__product-link\">\n\t\t\t\t\t\n\t\t\t\t\t<div class=\"wc-block-grid__product-image\"><img loading=\"lazy\" decoding=\"async\" width=\"300\" height=\"188\" src=\"https:\/\/mtsimtech.hu\/wp-content\/uploads\/2023\/07\/P6A3099_GB-300x188.jpg\" class=\"attachment-woocommerce_thumbnail size-woocommerce_thumbnail\" alt=\"Telefontart\u00f3 Simagic b\u00e1zisokhoz\" \/><\/div>\n\t\t\t\t\t<div class=\"wc-block-grid__product-title\">Telefontart\u00f3 Simagic b\u00e1zisokhoz<\/div>\n\t\t\t\t<\/a>\n\t\t\t\t<div class=\"wc-block-grid__product-price price\"><span class=\"woocs_price_code\" data-currency=\"\" data-redraw-id=\"69d680459b860\" data-product-id=\"5060\"><span class=\"woocommerce-Price-amount amount\">5.400&nbsp;<span class=\"woocommerce-Price-currencySymbol\">&#070;&#116;<\/span><\/span><\/span><\/div>\n\t\t\t\t\n\t\t\t\t<div class=\"wp-block-button wc-block-grid__product-add-to-cart\"><a href=\"\/en\/wp-json\/wp\/v2\/pages\/3322?add-to-cart=5060\" aria-label=\"Add to basket: &ldquo;Telefontart\u00f3 Simagic b\u00e1zisokhoz&rdquo;\" data-quantity=\"1\" data-product_id=\"5060\" data-product_sku=\"\" data-price=\"5400\" rel=\"nofollow\" class=\"wp-block-button__link  add_to_cart_button ajax_add_to_cart\">Add to basket<\/a><\/div>\n\t\t\t<\/li><li class=\"wc-block-grid__product\">\n\t\t\t\t<a href=\"https:\/\/mtsimtech.hu\/en\/product\/telefontarto-simucube-bazisokhoz\/\" class=\"wc-block-grid__product-link\">\n\t\t\t\t\t\n\t\t\t\t\t<div class=\"wc-block-grid__product-image\"><img loading=\"lazy\" decoding=\"async\" width=\"300\" height=\"188\" src=\"https:\/\/mtsimtech.hu\/wp-content\/uploads\/2023\/07\/P6A3034_GB-300x188.jpg\" class=\"attachment-woocommerce_thumbnail size-woocommerce_thumbnail\" alt=\"Telefontart\u00f3 Simucube b\u00e1zisokhoz\" \/><\/div>\n\t\t\t\t\t<div class=\"wc-block-grid__product-title\">Telefontart\u00f3 Simucube b\u00e1zisokhoz<\/div>\n\t\t\t\t<\/a>\n\t\t\t\t<div class=\"wc-block-grid__product-price price\"><span class=\"woocs_price_code\" data-currency=\"\" data-redraw-id=\"69d680459bbcc\" data-product-id=\"5061\"><span class=\"woocommerce-Price-amount amount\">5.400&nbsp;<span class=\"woocommerce-Price-currencySymbol\">&#070;&#116;<\/span><\/span><\/span><\/div>\n\t\t\t\t\n\t\t\t\t<div class=\"wp-block-button wc-block-grid__product-add-to-cart\"><a href=\"\/en\/wp-json\/wp\/v2\/pages\/3322?add-to-cart=5061\" aria-label=\"Add to basket: &ldquo;Telefontart\u00f3 Simucube b\u00e1zisokhoz&rdquo;\" data-quantity=\"1\" data-product_id=\"5061\" data-product_sku=\"\" data-price=\"5400\" rel=\"nofollow\" class=\"wp-block-button__link  add_to_cart_button ajax_add_to_cart\">Add to basket<\/a><\/div>\n\t\t\t<\/li><\/ul><\/div>","protected":false},"excerpt":{"rendered":"<p>K\u00e9zif\u00e9kek ButtonBoxok Kijelz\u0151k Telefontart\u00f3k<\/p>","protected":false},"author":7,"featured_media":0,"parent":0,"menu_order":0,"comment_status":"closed","ping_status":"closed","template":"","meta":{"footnotes":""},"class_list":["post-3322","page","type-page","status-publish"],"_links":{"self":[{"href":"https:\/\/mtsimtech.hu\/en\/wp-json\/wp\/v2\/pages\/3322","targetHints":{"allow":["GET"]}}],"collection":[{"href":"https:\/\/mtsimtech.hu\/en\/wp-json\/wp\/v2\/pages"}],"about":[{"href":"https:\/\/mtsimtech.hu\/en\/wp-json\/wp\/v2\/types\/page"}],"author":[{"embeddable":true,"href":"https:\/\/mtsimtech.hu\/en\/wp-json\/wp\/v2\/users\/7"}],"replies":[{"embeddable":true,"href":"https:\/\/mtsimtech.hu\/en\/wp-json\/wp\/v2\/comments?post=3322"}],"version-history":[{"count":12,"href":"https:\/\/mtsimtech.hu\/en\/wp-json\/wp\/v2\/pages\/3322\/revisions"}],"predecessor-version":[{"id":6007,"href":"https:\/\/mtsimtech.hu\/en\/wp-json\/wp\/v2\/pages\/3322\/revisions\/6007"}],"wp:attachment":[{"href":"https:\/\/mtsimtech.hu\/en\/wp-json\/wp\/v2\/media?parent=3322"}],"curies":[{"name":"wp","href":"https:\/\/api.w.org\/{rel}","templated":true}]}}