{"id":3334,"date":"2022-05-08T16:43:21","date_gmt":"2022-05-08T16:43:21","guid":{"rendered":"https:\/\/mtsimtech.hu\/?page_id=3334"},"modified":"2022-07-20T10:24:26","modified_gmt":"2022-07-20T10:24:26","slug":"kezifekek","status":"publish","type":"page","link":"https:\/\/mtsimtech.hu\/en\/kezifekek\/","title":{"rendered":"Handbrakes"},"content":{"rendered":"<div data-block-name=\"woocommerce\/product-category\" data-categories=\"[137]\" data-orderby=\"menu_order\" class=\"wc-block-grid wp-block-product-category wp-block-woocommerce-product-category wc-block-product-category has-3-columns has-multiple-rows\"><ul class=\"wc-block-grid__products\"><li class=\"wc-block-grid__product\">\n\t\t\t\t<a href=\"https:\/\/mtsimtech.hu\/en\/product\/rugok\/\" class=\"wc-block-grid__product-link\">\n\t\t\t\t\t\n\t\t\t\t\t<div class=\"wc-block-grid__product-image\"><img loading=\"lazy\" decoding=\"async\" width=\"300\" height=\"188\" src=\"https:\/\/mtsimtech.hu\/wp-content\/uploads\/2024\/01\/DSC_0080_rev-300x188.jpg\" class=\"attachment-woocommerce_thumbnail size-woocommerce_thumbnail\" alt=\"Rug\u00f3k, elasztomerek (ped\u00e1l, k\u00e9zif\u00e9k)\" \/><\/div>\n\t\t\t\t\t<div class=\"wc-block-grid__product-title\">Rug\u00f3k, elasztomerek (ped\u00e1l, k\u00e9zif\u00e9k)<\/div>\n\t\t\t\t<\/a>\n\t\t\t\t<div class=\"wc-block-grid__product-price price\"><span class=\"woocs_price_code\" data-currency=\"\" data-redraw-id=\"69e364149fc57\" data-product-id=\"6640\"><span class=\"woocommerce-Price-amount amount\" aria-hidden=\"true\">1.490&nbsp;<span class=\"woocommerce-Price-currencySymbol\">&#070;&#116;<\/span><\/span> <span aria-hidden=\"true\">&ndash;<\/span> <span class=\"woocommerce-Price-amount amount\" aria-hidden=\"true\">2.900&nbsp;<span class=\"woocommerce-Price-currencySymbol\">&#070;&#116;<\/span><\/span><span class=\"screen-reader-text\">\u00c1rtartom\u00e1ny: 1.490&nbsp;&#070;&#116; &#8211; 2.900&nbsp;&#070;&#116;<\/span><\/span><\/div>\n\t\t\t\t\n\t\t\t\t<div class=\"wp-block-button wc-block-grid__product-add-to-cart\"><a href=\"https:\/\/mtsimtech.hu\/en\/product\/rugok\/\" aria-label=\"Select options for &ldquo;Rug\u00f3k, elasztomerek (ped\u00e1l, k\u00e9zif\u00e9k)&rdquo;\" data-quantity=\"1\" data-product_id=\"6640\" data-product_sku=\"\" data-price=\"1490\" rel=\"nofollow\" class=\"wp-block-button__link  add_to_cart_button\">Select options<\/a><\/div>\n\t\t\t<\/li><li class=\"wc-block-grid__product\">\n\t\t\t\t<a href=\"https:\/\/mtsimtech.hu\/en\/product\/wrc-szimulator-kezifek-hall-szenzor\/\" class=\"wc-block-grid__product-link\">\n\t\t\t\t\t\n\t\t\t\t\t<div class=\"wc-block-grid__product-image\"><img loading=\"lazy\" decoding=\"async\" width=\"300\" height=\"188\" src=\"https:\/\/mtsimtech.hu\/wp-content\/uploads\/2024\/01\/DSC_0085_rev-300x188.jpg\" class=\"attachment-woocommerce_thumbnail size-woocommerce_thumbnail\" alt=\"Hall-szenzor k\u00e9szlet WRC szimul\u00e1tor k\u00e9zif\u00e9khez\" \/><\/div>\n\t\t\t\t\t<div class=\"wc-block-grid__product-title\">Hall-szenzor k\u00e9szlet WRC szimul\u00e1tor k\u00e9zif\u00e9khez<\/div>\n\t\t\t\t<\/a>\n\t\t\t\t<div class=\"wc-block-grid__product-price price\"><span class=\"woocs_price_code\" data-currency=\"\" data-redraw-id=\"69e36414a0271\" data-product-id=\"5941\"><span class=\"woocommerce-Price-amount amount\" aria-hidden=\"true\">1.200&nbsp;<span class=\"woocommerce-Price-currencySymbol\">&#070;&#116;<\/span><\/span> <span aria-hidden=\"true\">&ndash;<\/span> <span class=\"woocommerce-Price-amount amount\" aria-hidden=\"true\">7.900&nbsp;<span class=\"woocommerce-Price-currencySymbol\">&#070;&#116;<\/span><\/span><span class=\"screen-reader-text\">\u00c1rtartom\u00e1ny: 1.200&nbsp;&#070;&#116; &#8211; 7.900&nbsp;&#070;&#116;<\/span><\/span><\/div>\n\t\t\t\t\n\t\t\t\t<div class=\"wp-block-button wc-block-grid__product-add-to-cart\"><a href=\"https:\/\/mtsimtech.hu\/en\/product\/wrc-szimulator-kezifek-hall-szenzor\/\" aria-label=\"Select options for &ldquo;Hall-szenzor k\u00e9szlet WRC szimul\u00e1tor k\u00e9zif\u00e9khez&rdquo;\" data-quantity=\"1\" data-product_id=\"5941\" data-product_sku=\"\" data-price=\"1200\" rel=\"nofollow\" class=\"wp-block-button__link  add_to_cart_button\">Select options<\/a><\/div>\n\t\t\t<\/li><li class=\"wc-block-grid__product\">\n\t\t\t\t<a href=\"https:\/\/mtsimtech.hu\/en\/product\/wrc-szimulator-kezifek\/\" class=\"wc-block-grid__product-link\">\n\t\t\t\t\t\n\t\t\t\t\t<div class=\"wc-block-grid__product-image\"><img loading=\"lazy\" decoding=\"async\" width=\"300\" height=\"188\" src=\"https:\/\/mtsimtech.hu\/wp-content\/uploads\/2021\/02\/IMG_0003-1-300x188.jpg\" class=\"attachment-woocommerce_thumbnail size-woocommerce_thumbnail\" alt=\"WRC szimul\u00e1tor k\u00e9zif\u00e9k\" srcset=\"https:\/\/mtsimtech.hu\/wp-content\/uploads\/2021\/02\/IMG_0003-1-300x188.jpg 300w, https:\/\/mtsimtech.hu\/wp-content\/uploads\/2021\/02\/IMG_0003-1-18x12.jpg 18w\" sizes=\"auto, (max-width: 300px) 100vw, 300px\" \/><\/div>\n\t\t\t\t\t<div class=\"wc-block-grid__product-title\">WRC szimul\u00e1tor k\u00e9zif\u00e9k<\/div>\n\t\t\t\t<\/a>\n\t\t\t\t<div class=\"wc-block-grid__product-price price\"><span class=\"woocs_price_code\" data-currency=\"\" data-redraw-id=\"69e36414ac389\" data-product-id=\"1816\"><span class=\"woocommerce-Price-amount amount\" aria-hidden=\"true\">29.900&nbsp;<span class=\"woocommerce-Price-currencySymbol\">&#070;&#116;<\/span><\/span> <span aria-hidden=\"true\">&ndash;<\/span> <span class=\"woocommerce-Price-amount amount\" aria-hidden=\"true\">35.800&nbsp;<span class=\"woocommerce-Price-currencySymbol\">&#070;&#116;<\/span><\/span><span class=\"screen-reader-text\">\u00c1rtartom\u00e1ny: 29.900&nbsp;&#070;&#116; &#8211; 35.800&nbsp;&#070;&#116;<\/span><\/span><\/div>\n\t\t\t\t<div class=\"wc-block-grid__product-rating\"><div class=\"star-rating\" role=\"img\" aria-label=\"Rated 5.00 out of 5\"><span style=\"width:100%\">Rated <strong class=\"rating\">5.00<\/strong> out of 5 based on <span class=\"rating\">3<\/span> customer rating<\/span><\/div><\/div>\n\t\t\t\t<div class=\"wp-block-button wc-block-grid__product-add-to-cart\"><a href=\"https:\/\/mtsimtech.hu\/en\/product\/wrc-szimulator-kezifek\/\" aria-label=\"Select options for &ldquo;WRC szimul\u00e1tor k\u00e9zif\u00e9k&rdquo;\" data-quantity=\"1\" data-product_id=\"1816\" data-product_sku=\"\" data-price=\"29900\" rel=\"nofollow\" class=\"wp-block-button__link  add_to_cart_button\">Select options<\/a><\/div>\n\t\t\t<\/li><li class=\"wc-block-grid__product\">\n\t\t\t\t<a href=\"https:\/\/mtsimtech.hu\/en\/product\/kezifek-asztali-tarto\/\" class=\"wc-block-grid__product-link\">\n\t\t\t\t\t\n\t\t\t\t\t<div class=\"wc-block-grid__product-image\"><img loading=\"lazy\" decoding=\"async\" width=\"300\" height=\"188\" src=\"https:\/\/mtsimtech.hu\/wp-content\/uploads\/2022\/07\/P6A7761_GB_3-300x188.jpg\" class=\"attachment-woocommerce_thumbnail size-woocommerce_thumbnail\" alt=\"Asztali tart\u00f3 WRC szimul\u00e1tor k\u00e9zif\u00e9khez\" srcset=\"https:\/\/mtsimtech.hu\/wp-content\/uploads\/2022\/07\/P6A7761_GB_3-300x188.jpg 300w, https:\/\/mtsimtech.hu\/wp-content\/uploads\/2022\/07\/P6A7761_GB_3-18x12.jpg 18w\" sizes=\"auto, (max-width: 300px) 100vw, 300px\" \/><\/div>\n\t\t\t\t\t<div class=\"wc-block-grid__product-title\">Asztali tart\u00f3 WRC szimul\u00e1tor k\u00e9zif\u00e9khez<\/div>\n\t\t\t\t<\/a>\n\t\t\t\t<div class=\"wc-block-grid__product-price price\"><span class=\"woocs_price_code\" data-currency=\"\" data-redraw-id=\"69e36414aca21\" data-product-id=\"3698\"><span class=\"woocommerce-Price-amount amount\">6.400&nbsp;<span class=\"woocommerce-Price-currencySymbol\">&#070;&#116;<\/span><\/span><\/span><\/div>\n\t\t\t\t\n\t\t\t\t<div class=\"wp-block-button wc-block-grid__product-add-to-cart\"><a href=\"\/en\/wp-json\/wp\/v2\/pages\/3334?add-to-cart=3698\" aria-label=\"Add to basket: &ldquo;Asztali tart\u00f3 WRC szimul\u00e1tor k\u00e9zif\u00e9khez&rdquo;\" data-quantity=\"1\" data-product_id=\"3698\" data-product_sku=\"\" data-price=\"6400\" rel=\"nofollow\" class=\"wp-block-button__link  add_to_cart_button ajax_add_to_cart\">Add to basket<\/a><\/div>\n\t\t\t<\/li><\/ul><\/div>","protected":false},"excerpt":{"rendered":"","protected":false},"author":7,"featured_media":0,"parent":0,"menu_order":0,"comment_status":"closed","ping_status":"closed","template":"","meta":{"footnotes":""},"class_list":["post-3334","page","type-page","status-publish"],"_links":{"self":[{"href":"https:\/\/mtsimtech.hu\/en\/wp-json\/wp\/v2\/pages\/3334","targetHints":{"allow":["GET"]}}],"collection":[{"href":"https:\/\/mtsimtech.hu\/en\/wp-json\/wp\/v2\/pages"}],"about":[{"href":"https:\/\/mtsimtech.hu\/en\/wp-json\/wp\/v2\/types\/page"}],"author":[{"embeddable":true,"href":"https:\/\/mtsimtech.hu\/en\/wp-json\/wp\/v2\/users\/7"}],"replies":[{"embeddable":true,"href":"https:\/\/mtsimtech.hu\/en\/wp-json\/wp\/v2\/comments?post=3334"}],"version-history":[{"count":2,"href":"https:\/\/mtsimtech.hu\/en\/wp-json\/wp\/v2\/pages\/3334\/revisions"}],"predecessor-version":[{"id":3704,"href":"https:\/\/mtsimtech.hu\/en\/wp-json\/wp\/v2\/pages\/3334\/revisions\/3704"}],"wp:attachment":[{"href":"https:\/\/mtsimtech.hu\/en\/wp-json\/wp\/v2\/media?parent=3334"}],"curies":[{"name":"wp","href":"https:\/\/api.w.org\/{rel}","templated":true}]}}