{"id":4105,"date":"2022-11-08T09:35:58","date_gmt":"2022-11-08T09:35:58","guid":{"rendered":"https:\/\/mtsimtech.hu\/?page_id=4105"},"modified":"2026-02-02T10:28:03","modified_gmt":"2026-02-02T10:28:03","slug":"kapcsolat","status":"publish","type":"page","link":"https:\/\/mtsimtech.hu\/en\/kapcsolat\/","title":{"rendered":"Contact"},"content":{"rendered":"<div class=\"wp-block-media-text has-media-on-the-right is-stacked-on-mobile is-image-fill-element markazi-justify\"><div class=\"wp-block-media-text__content\">\n<p class=\"markazi-justify has-medium-font-size\" style=\"padding-top:0;padding-right:0;padding-bottom:0;padding-left:0;font-style:normal;font-weight:500;letter-spacing:0.2px;line-height:2\">Az MT Simtech t\u00f6rt\u00e9nete 2020-ban indult azzal a k\u00fcldet\u00e9ssel, hogy elhozzuk nektek azokat a kieg\u00e9sz\u00edt\u0151ket, amelyek n\u00e9lk\u00fcl\u00f6zhetetlenek a professzion\u00e1lis aut\u00f3szimul\u00e1toroz\u00e1shoz.<\/p>\n<\/div><figure class=\"wp-block-media-text__media\"><img loading=\"lazy\" decoding=\"async\" width=\"1024\" height=\"683\" src=\"https:\/\/mtsimtech.hu\/wp-content\/uploads\/2026\/01\/623878916_3078408992348518_5758485430394585070_n-1024x683.jpg\" alt=\"\" class=\"wp-image-10750 size-full\" style=\"object-position:50% 50%\" srcset=\"https:\/\/mtsimtech.hu\/wp-content\/uploads\/2026\/01\/623878916_3078408992348518_5758485430394585070_n-1024x683.jpg 1024w, https:\/\/mtsimtech.hu\/wp-content\/uploads\/2026\/01\/623878916_3078408992348518_5758485430394585070_n-300x200.jpg 300w, https:\/\/mtsimtech.hu\/wp-content\/uploads\/2026\/01\/623878916_3078408992348518_5758485430394585070_n-768x512.jpg 768w, https:\/\/mtsimtech.hu\/wp-content\/uploads\/2026\/01\/623878916_3078408992348518_5758485430394585070_n-1536x1024.jpg 1536w, https:\/\/mtsimtech.hu\/wp-content\/uploads\/2026\/01\/623878916_3078408992348518_5758485430394585070_n-18x12.jpg 18w, https:\/\/mtsimtech.hu\/wp-content\/uploads\/2026\/01\/623878916_3078408992348518_5758485430394585070_n-600x400.jpg 600w, https:\/\/mtsimtech.hu\/wp-content\/uploads\/2026\/01\/623878916_3078408992348518_5758485430394585070_n.jpg 2048w\" sizes=\"auto, (max-width: 1024px) 100vw, 1024px\" \/><\/figure><\/div>\n\n\n\n<div class=\"wp-block-media-text is-stacked-on-mobile is-image-fill-element justify has-medium-font-size\" style=\"padding-top:0;padding-right:0;padding-bottom:0;padding-left:0;letter-spacing:0.2px;line-height:2.2\"><figure class=\"wp-block-media-text__media\"><img loading=\"lazy\" decoding=\"async\" width=\"1024\" height=\"683\" src=\"https:\/\/mtsimtech.hu\/wp-content\/uploads\/2026\/01\/621079418_1956923098574786_5673263404474324320_n-1024x683.jpg\" alt=\"\" class=\"wp-image-10748 size-full\" style=\"object-position:50% 50%\" srcset=\"https:\/\/mtsimtech.hu\/wp-content\/uploads\/2026\/01\/621079418_1956923098574786_5673263404474324320_n-1024x683.jpg 1024w, https:\/\/mtsimtech.hu\/wp-content\/uploads\/2026\/01\/621079418_1956923098574786_5673263404474324320_n-300x200.jpg 300w, https:\/\/mtsimtech.hu\/wp-content\/uploads\/2026\/01\/621079418_1956923098574786_5673263404474324320_n-768x512.jpg 768w, https:\/\/mtsimtech.hu\/wp-content\/uploads\/2026\/01\/621079418_1956923098574786_5673263404474324320_n-1536x1024.jpg 1536w, https:\/\/mtsimtech.hu\/wp-content\/uploads\/2026\/01\/621079418_1956923098574786_5673263404474324320_n-18x12.jpg 18w, https:\/\/mtsimtech.hu\/wp-content\/uploads\/2026\/01\/621079418_1956923098574786_5673263404474324320_n-600x400.jpg 600w, https:\/\/mtsimtech.hu\/wp-content\/uploads\/2026\/01\/621079418_1956923098574786_5673263404474324320_n.jpg 2048w\" sizes=\"auto, (max-width: 1024px) 100vw, 1024px\" \/><\/figure><div class=\"wp-block-media-text__content\">\n<p class=\"markazi-justify has-medium-font-size\" style=\"padding-top:0;padding-right:0;padding-bottom:0;padding-left:0;font-style:normal;font-weight:500;letter-spacing:0.2px;line-height:1.8\">Szenved\u00e9ly\u00fcnk a virtu\u00e1lis versenyz\u00e9s, term\u00e9keinkkel c\u00e9lunk, hogy haszn\u00e1latukkal \u00e9rt\u00e9kes tizedeket faraghass a k\u00f6rid\u0151d\u00f6n, vagy egyszer\u0171en csak \u00e9lvezetesebb\u00e9 tegy\u00e9k sz\u00e1modra a szimul\u00e1toroz\u00e1st. <\/p>\n<\/div><\/div>\n\n\n\n<div class=\"wp-block-media-text has-media-on-the-right is-stacked-on-mobile is-image-fill-element\"><div class=\"wp-block-media-text__content\">\n<p class=\"markazi-justify has-medium-font-size\" style=\"padding-top:0;padding-right:0;padding-bottom:0;padding-left:0;font-style:normal;font-weight:500;letter-spacing:0.2px;line-height:1.8\">Hisz\u00fcnk a hazai fejleszt\u00e9sben \u00e9s a kis sz\u00e9ri\u00e1s gy\u00e1rt\u00e1sban. Minden egyes n\u00e1lunk k\u00e9sz\u00fclt darab m\u00f6g\u00f6tt gondos tervez\u00e9s \u00e9s szigor\u00fa min\u0151s\u00e9gellen\u0151rz\u00e9s \u00e1ll. Sz\u00e1munkra a min\u0151s\u00e9g nem alku t\u00e1rgya: csak olyan eszk\u00f6z ker\u00fclhet ki a m\u0171hely\u00fcnkb\u0151l, amit mi magunk is b\u00fcszk\u00e9n haszn\u00e1ln\u00e1nk a saj\u00e1t szett\u00fcnkben.N\u00e9zz k\u00f6r\u00fcl n\u00e1lunk, \u00e9s tal\u00e1ld meg azt a kieg\u00e9sz\u00edt\u0151t, ami a k\u00f6vetkez\u0151 szintre emeli a szimul\u00e1toroz\u00e1st!<\/p>\n<\/div><figure class=\"wp-block-media-text__media\"><img loading=\"lazy\" decoding=\"async\" width=\"1024\" height=\"683\" src=\"https:\/\/mtsimtech.hu\/wp-content\/uploads\/2026\/01\/624582421_1202182148784846_5332432650743996618_n-1-1024x683.jpg\" alt=\"\" class=\"wp-image-10749 size-full\" style=\"object-position:0% 54%\" srcset=\"https:\/\/mtsimtech.hu\/wp-content\/uploads\/2026\/01\/624582421_1202182148784846_5332432650743996618_n-1-1024x683.jpg 1024w, https:\/\/mtsimtech.hu\/wp-content\/uploads\/2026\/01\/624582421_1202182148784846_5332432650743996618_n-1-300x200.jpg 300w, https:\/\/mtsimtech.hu\/wp-content\/uploads\/2026\/01\/624582421_1202182148784846_5332432650743996618_n-1-768x512.jpg 768w, https:\/\/mtsimtech.hu\/wp-content\/uploads\/2026\/01\/624582421_1202182148784846_5332432650743996618_n-1-1536x1024.jpg 1536w, https:\/\/mtsimtech.hu\/wp-content\/uploads\/2026\/01\/624582421_1202182148784846_5332432650743996618_n-1-18x12.jpg 18w, https:\/\/mtsimtech.hu\/wp-content\/uploads\/2026\/01\/624582421_1202182148784846_5332432650743996618_n-1-600x400.jpg 600w, https:\/\/mtsimtech.hu\/wp-content\/uploads\/2026\/01\/624582421_1202182148784846_5332432650743996618_n-1.jpg 2048w\" sizes=\"auto, (max-width: 1024px) 100vw, 1024px\" \/><\/figure><\/div>\n\n\n\n<p>    <br>    <\/p>\n\n\n\n<p><strong>K\u00e9rd\u00e9sed van vagy tan\u00e1csra lenne sz\u00fcks\u00e9ged? Keress minket bizalommal, sz\u00edvesen seg\u00edt\u00fcnk a v\u00e1laszt\u00e1sban.<\/strong><\/p>\n\n\n\n<figure class=\"wp-block-table markazi-text\"><table class=\"has-fixed-layout\"><tbody><tr><td>\u00dczemeltet\u0151<\/td><td>Tak\u00e1cs Gergely e.v.<\/td><\/tr><tr><td>Telefonsz\u00e1m<\/td><td> +36 30 849 6626<\/td><\/tr><tr><td>E-mail c\u00edm<\/td><td>mtsimtech@gmail.com<\/td><\/tr><tr><td>Sz\u00e9khely<\/td><td>1103 Budapest, V\u00e1rgede utca 14.<\/td><\/tr><tr><td>Ad\u00f3sz\u00e1m<\/td><td>68583505-1-42<\/td><\/tr><tr><td>Nyilv\u00e1ntart\u00e1si sz\u00e1m<\/td><td>51955166<\/td><\/tr><\/tbody><\/table><\/figure>\n\n\n\n<p><strong>Contact us by filling the form below:<\/strong><\/p>\n\n\n\n<div class=\"wp-block-contact-form-7-contact-form-selector\">\n<div class=\"wpcf7 no-js\" id=\"wpcf7-f5-o1\" lang=\"hu-HU\" dir=\"ltr\" data-wpcf7-id=\"5\">\n<div class=\"screen-reader-response\"><p role=\"status\" aria-live=\"polite\" aria-atomic=\"true\"><\/p> <ul><\/ul><\/div>\n<form action=\"\/en\/wp-json\/wp\/v2\/pages\/4105#wpcf7-f5-o1\" method=\"post\" class=\"wpcf7-form init\" aria-label=\"Kapcsolatfelv\u00e9teli \u0171rlap\" novalidate=\"novalidate\" data-status=\"init\" data-trp-original-action=\"\/en\/wp-json\/wp\/v2\/pages\/4105#wpcf7-f5-o1\">\n<fieldset class=\"hidden-fields-container\"><input type=\"hidden\" name=\"_wpcf7\" value=\"5\" \/><input type=\"hidden\" name=\"_wpcf7_version\" value=\"6.1.5\" \/><input type=\"hidden\" name=\"_wpcf7_locale\" value=\"hu_HU\" \/><input type=\"hidden\" name=\"_wpcf7_unit_tag\" value=\"wpcf7-f5-o1\" \/><input type=\"hidden\" name=\"_wpcf7_container_post\" value=\"0\" \/><input type=\"hidden\" name=\"_wpcf7_posted_data_hash\" value=\"\" \/>\n<\/fieldset>\n<p><label> Name (required)<br \/>\n<span class=\"wpcf7-form-control-wrap\" data-name=\"your-name\"><input size=\"40\" maxlength=\"400\" class=\"wpcf7-form-control wpcf7-text wpcf7-validates-as-required\" aria-required=\"true\" aria-invalid=\"false\" value=\"\" type=\"text\" name=\"your-name\" \/><\/span> <\/label>\n<\/p>\n<p><label> E-mail address (required)<br \/>\n<span class=\"wpcf7-form-control-wrap\" data-name=\"your-email\"><input size=\"40\" maxlength=\"400\" class=\"wpcf7-form-control wpcf7-email wpcf7-validates-as-required wpcf7-text wpcf7-validates-as-email\" aria-required=\"true\" aria-invalid=\"false\" value=\"\" type=\"email\" name=\"your-email\" \/><\/span> <\/label>\n<\/p>\n<p><label> Subject<br \/>\n<span class=\"wpcf7-form-control-wrap\" data-name=\"your-subject\"><input size=\"40\" maxlength=\"400\" class=\"wpcf7-form-control wpcf7-text\" aria-invalid=\"false\" value=\"\" type=\"text\" name=\"your-subject\" \/><\/span> <\/label>\n<\/p>\n<p><label> Message<br \/>\n<span class=\"wpcf7-form-control-wrap\" data-name=\"your-message\"><textarea cols=\"40\" rows=\"10\" maxlength=\"2000\" class=\"wpcf7-form-control wpcf7-textarea\" aria-invalid=\"false\" name=\"your-message\"><\/textarea><\/span> <\/label>\n<\/p>\n<p><input class=\"wpcf7-form-control wpcf7-submit has-spinner\" type=\"submit\" value=\"Send\" \/>\n<\/p><div class=\"wpcf7-response-output\" aria-hidden=\"true\"><\/div>\n<input type=\"hidden\" name=\"trp-form-language\" value=\"en\"\/><\/form>\n<\/div>\n<\/div>\n\n\n\n<p><strong>Egy p\u00e1r \u00e9letk\u00e9p a m\u0171helyb\u0151l:<\/strong><\/p>\n\n\n\n<div class=\"alignnormal\"><div id=\"metaslider-id-10773\" style=\"width: 100%;\" class=\"ml-slider-3-106-0 metaslider metaslider-flex metaslider-10773 ml-slider has-dots-nav ms-theme-default-base\" role=\"region\" aria-label=\"New Slideshow\" data-height=\"1000\" data-width=\"1500\">\n    <div id=\"metaslider_container_10773\">\n        <div id=\"metaslider_10773\">\n            <ul aria-live='off' class='slides'>\n                <li style=\"display: block; width: 100%;\" class=\"slide-10774 ms-image\" aria-roledescription=\"slide\" data-date=\"2026-01-31 20:15:35\" data-filename=\"621026355_4217193498427267_9216914790629149334_n-1500x1000.jpg\" data-slide-type=\"image\"><img loading=\"lazy\" decoding=\"async\" src=\"https:\/\/mtsimtech.hu\/wp-content\/uploads\/2026\/01\/621026355_4217193498427267_9216914790629149334_n-1500x1000.jpg\" height=\"1000\" width=\"1500\" alt=\"\" class=\"slider-10773 slide-10774 msDefaultImage\" title=\"621026355_4217193498427267_9216914790629149334_n\" \/><\/li>\n                <li style=\"display: none; width: 100%;\" class=\"slide-10775 ms-image\" aria-roledescription=\"slide\" data-date=\"2026-01-31 20:15:35\" data-filename=\"622001878_1893972324572437_5350948666631453573_n-1500x1000.jpg\" data-slide-type=\"image\"><img loading=\"lazy\" decoding=\"async\" src=\"https:\/\/mtsimtech.hu\/wp-content\/uploads\/2026\/01\/622001878_1893972324572437_5350948666631453573_n-1500x1000.jpg\" height=\"1000\" width=\"1500\" alt=\"\" class=\"slider-10773 slide-10775 msDefaultImage\" title=\"622001878_1893972324572437_5350948666631453573_n\" \/><\/li>\n                <li style=\"display: none; width: 100%;\" class=\"slide-10776 ms-image\" aria-roledescription=\"slide\" data-date=\"2026-01-31 20:15:35\" data-filename=\"621144380_2159043361502222_9007266404327798723_n-1500x1000.jpg\" data-slide-type=\"image\"><img loading=\"lazy\" decoding=\"async\" src=\"https:\/\/mtsimtech.hu\/wp-content\/uploads\/2026\/01\/621144380_2159043361502222_9007266404327798723_n-1500x1000.jpg\" height=\"1000\" width=\"1500\" alt=\"\" class=\"slider-10773 slide-10776 msDefaultImage\" title=\"621144380_2159043361502222_9007266404327798723_n\" \/><\/li>\n                <li style=\"display: none; width: 100%;\" class=\"slide-10777 ms-image\" aria-roledescription=\"slide\" data-date=\"2026-01-31 20:15:35\" data-filename=\"623306366_1422005486324715_2838321422866707753_n-1500x1000.jpg\" data-slide-type=\"image\"><img loading=\"lazy\" decoding=\"async\" src=\"https:\/\/mtsimtech.hu\/wp-content\/uploads\/2026\/01\/623306366_1422005486324715_2838321422866707753_n-1500x1000.jpg\" height=\"1000\" width=\"1500\" alt=\"\" class=\"slider-10773 slide-10777 msDefaultImage\" title=\"623306366_1422005486324715_2838321422866707753_n\" \/><\/li>\n                <li style=\"display: none; width: 100%;\" class=\"slide-10778 ms-image\" aria-roledescription=\"slide\" data-date=\"2026-01-31 20:15:35\" data-filename=\"624734534_1766858520651592_4672887629553552865_n-1500x1000.jpg\" data-slide-type=\"image\"><img loading=\"lazy\" decoding=\"async\" src=\"https:\/\/mtsimtech.hu\/wp-content\/uploads\/2026\/01\/624734534_1766858520651592_4672887629553552865_n-1500x1000.jpg\" height=\"1000\" width=\"1500\" alt=\"\" class=\"slider-10773 slide-10778 msDefaultImage\" title=\"624734534_1766858520651592_4672887629553552865_n\" \/><\/li>\n                <li style=\"display: none; width: 100%;\" class=\"slide-10779 ms-image\" aria-roledescription=\"slide\" data-date=\"2026-01-31 20:15:35\" data-filename=\"619629898_1233729175380036_944289909129143954_n-1500x1000.jpg\" data-slide-type=\"image\"><img loading=\"lazy\" decoding=\"async\" src=\"https:\/\/mtsimtech.hu\/wp-content\/uploads\/2026\/01\/619629898_1233729175380036_944289909129143954_n-1500x1000.jpg\" height=\"1000\" width=\"1500\" alt=\"\" class=\"slider-10773 slide-10779 msDefaultImage\" title=\"619629898_1233729175380036_944289909129143954_n\" \/><\/li>\n                <li style=\"display: none; width: 100%;\" class=\"slide-10780 ms-image\" aria-roledescription=\"slide\" data-date=\"2026-01-31 20:15:35\" data-filename=\"623441794_1415033543397329_4561114471092293853_n-1500x1000.jpg\" data-slide-type=\"image\"><img loading=\"lazy\" decoding=\"async\" src=\"https:\/\/mtsimtech.hu\/wp-content\/uploads\/2026\/01\/623441794_1415033543397329_4561114471092293853_n-1500x1000.jpg\" height=\"1000\" width=\"1500\" alt=\"\" class=\"slider-10773 slide-10780 msDefaultImage\" title=\"623441794_1415033543397329_4561114471092293853_n\" \/><\/li>\n                <li style=\"display: none; width: 100%;\" class=\"slide-10781 ms-image\" aria-roledescription=\"slide\" data-date=\"2026-01-31 20:15:35\" data-filename=\"623298145_871707888824277_5815024813802902478_n-1365x909.jpg\" data-slide-type=\"image\"><img loading=\"lazy\" decoding=\"async\" src=\"https:\/\/mtsimtech.hu\/wp-content\/uploads\/2026\/01\/623298145_871707888824277_5815024813802902478_n-1365x909.jpg\" height=\"1000\" width=\"1500\" alt=\"\" class=\"slider-10773 slide-10781 msDefaultImage\" title=\"623298145_871707888824277_5815024813802902478_n\" \/><\/li>\n            <\/ul>\n        <\/div>\n        \n    <\/div>\n<\/div><\/div>\n\n\n\n<p><\/p>","protected":false},"excerpt":{"rendered":"<p>Az MT Simtech t\u00f6rt\u00e9nete 2020-ban indult azzal a k\u00fcldet\u00e9ssel, hogy elhozzuk nektek azokat a kieg\u00e9sz\u00edt\u0151ket, amelyek n\u00e9lk\u00fcl\u00f6zhetetlenek a professzion\u00e1lis aut\u00f3szimul\u00e1toroz\u00e1shoz. Szenved\u00e9ly\u00fcnk a virtu\u00e1lis versenyz\u00e9s, term\u00e9keinkkel c\u00e9lunk, hogy haszn\u00e1latukkal \u00e9rt\u00e9kes tizedeket faraghass a k\u00f6rid\u0151d\u00f6n, vagy egyszer\u0171en csak \u00e9lvezetesebb\u00e9 tegy\u00e9k sz\u00e1modra a szimul\u00e1toroz\u00e1st. Hisz\u00fcnk a hazai fejleszt\u00e9sben \u00e9s a kis sz\u00e9ri\u00e1s gy\u00e1rt\u00e1sban. Minden egyes n\u00e1lunk k\u00e9sz\u00fclt darab &#8230; <a title=\"Contact\" class=\"read-more\" href=\"https:\/\/mtsimtech.hu\/en\/kapcsolat\/\">Read more<span class=\"screen-reader-text\">Contact<\/span><\/a><\/p>","protected":false},"author":7,"featured_media":0,"parent":0,"menu_order":0,"comment_status":"closed","ping_status":"closed","template":"","meta":{"footnotes":""},"class_list":["post-4105","page","type-page","status-publish"],"_links":{"self":[{"href":"https:\/\/mtsimtech.hu\/en\/wp-json\/wp\/v2\/pages\/4105","targetHints":{"allow":["GET"]}}],"collection":[{"href":"https:\/\/mtsimtech.hu\/en\/wp-json\/wp\/v2\/pages"}],"about":[{"href":"https:\/\/mtsimtech.hu\/en\/wp-json\/wp\/v2\/types\/page"}],"author":[{"embeddable":true,"href":"https:\/\/mtsimtech.hu\/en\/wp-json\/wp\/v2\/users\/7"}],"replies":[{"embeddable":true,"href":"https:\/\/mtsimtech.hu\/en\/wp-json\/wp\/v2\/comments?post=4105"}],"version-history":[{"count":4,"href":"https:\/\/mtsimtech.hu\/en\/wp-json\/wp\/v2\/pages\/4105\/revisions"}],"predecessor-version":[{"id":10820,"href":"https:\/\/mtsimtech.hu\/en\/wp-json\/wp\/v2\/pages\/4105\/revisions\/10820"}],"wp:attachment":[{"href":"https:\/\/mtsimtech.hu\/en\/wp-json\/wp\/v2\/media?parent=4105"}],"curies":[{"name":"wp","href":"https:\/\/api.w.org\/{rel}","templated":true}]}}