{"id":10111,"date":"2025-03-24T08:52:05","date_gmt":"2025-03-24T08:52:05","guid":{"rendered":"https:\/\/mtsimtech.hu\/?post_type=product&#038;p=10111"},"modified":"2025-07-29T06:48:08","modified_gmt":"2025-07-29T06:48:08","slug":"pedal-fix","status":"publish","type":"product","link":"https:\/\/mtsimtech.hu\/en\/product\/pedal-fix\/","title":{"rendered":"Pedal fix"},"content":{"rendered":"<p><strong>A ped\u00e1lt a sz\u00e9k g\u00f6rg\u0151ihez\/l\u00e1baihoz r\u00f6gz\u00edtve nem engedi el\u0151re cs\u00faszni a ped\u00e1lt ak\u00e1r egy er\u0151sebb f\u00e9kez\u00e9sn\u00e9l sem.<\/strong><\/p>\n<ul>\n<li><strong>Gumi talpak:<\/strong> b\u00e1rmilyen fel\u00fcleten (sz\u0151nyeg, parketta, lin\u00f3leum) stabil, \u00e9s nem karcolja azt.<\/li>\n<li><strong>Rozsdamentes ac\u00e9l sodrony:<\/strong>\u00a0hogy semekkora er\u0151re ne cs\u00fasszon egy millim\u00e9tert se<\/li>\n<li><strong>\u00c1ll\u00edthat\u00f3 t\u00e1vols\u00e1g:<\/strong> k\u00e9t csavarral, k\u00f6nnyed\u00e9n \u00e1ll\u00edthat\u00f3 a sodrony hossza, \u00edgy a ped\u00e1l t\u00e1vols\u00e1ga (a csomag tartalmazza az \u00e1ll\u00edt\u00e1shoz sz\u00fcks\u00e9ges szersz\u00e1mot).<\/li>\n<\/ul>\n<p><strong>Csomag tartalma:\u00a0<\/strong>2 sarokelem, 2 g\u00f6rg\u0151 fix, 1 \u00e1ll\u00edt\u00f3, \u00e9s az ezeket \u00f6sszek\u00f6t\u0151 ac\u00e9lsodrony<\/p>\n<p><strong>Compatibility<\/strong>: universal, compatible with any pedal equipped with a base<\/p>\n<p><strong>Warranty:<\/strong>:<br \/>\n1 \u00e9v<\/p>","protected":false},"excerpt":{"rendered":"<p>A ped\u00e1lt a sz\u00e9k g\u00f6rg\u0151ihez r\u00f6gz\u00edtve nem engedi el\u0151re cs\u00faszni a ped\u00e1lt ak\u00e1r egy er\u0151sebb f\u00e9kez\u00e9sn\u00e9l sem.<\/p>","protected":false},"featured_media":10365,"template":"","meta":[],"product_brand":[],"product_cat":[84],"product_tag":[210,211,209],"class_list":{"0":"post-10111","1":"product","2":"type-product","3":"status-publish","4":"has-post-thumbnail","6":"product_cat-pedal","7":"product_tag-pedalfix","8":"product_tag-pedalrogzito","9":"product_tag-szimulator-pedal-fix","11":"first","12":"instock","13":"shipping-taxable","14":"purchasable","15":"product-type-simple"},"_links":{"self":[{"href":"https:\/\/mtsimtech.hu\/en\/wp-json\/wp\/v2\/product\/10111","targetHints":{"allow":["GET"]}}],"collection":[{"href":"https:\/\/mtsimtech.hu\/en\/wp-json\/wp\/v2\/product"}],"about":[{"href":"https:\/\/mtsimtech.hu\/en\/wp-json\/wp\/v2\/types\/product"}],"wp:featuredmedia":[{"embeddable":true,"href":"https:\/\/mtsimtech.hu\/en\/wp-json\/wp\/v2\/media\/10365"}],"wp:attachment":[{"href":"https:\/\/mtsimtech.hu\/en\/wp-json\/wp\/v2\/media?parent=10111"}],"wp:term":[{"taxonomy":"product_brand","embeddable":true,"href":"https:\/\/mtsimtech.hu\/en\/wp-json\/wp\/v2\/product_brand?post=10111"},{"taxonomy":"product_cat","embeddable":true,"href":"https:\/\/mtsimtech.hu\/en\/wp-json\/wp\/v2\/product_cat?post=10111"},{"taxonomy":"product_tag","embeddable":true,"href":"https:\/\/mtsimtech.hu\/en\/wp-json\/wp\/v2\/product_tag?post=10111"}],"curies":[{"name":"wp","href":"https:\/\/api.w.org\/{rel}","templated":true}]}}