{"id":10170,"date":"2025-04-23T09:09:32","date_gmt":"2025-04-23T09:09:32","guid":{"rendered":"https:\/\/mtsimtech.hu\/?post_type=product&#038;p=10170"},"modified":"2025-11-26T07:32:18","modified_gmt":"2025-11-26T07:32:18","slug":"f1-advanced-livery-editions","status":"publish","type":"product","link":"https:\/\/mtsimtech.hu\/en\/product\/f1-advanced-livery-editions\/","title":{"rendered":"F1 Advanced Livery Editions"},"content":{"rendered":"<p><strong>A j\u00f3l bev\u00e1lt F1 Advanced sz\u00e9ri\u00e1t ezent\u00fal egy \u00faj kivitelben is megtal\u00e1lod &#8211; egy-egy versenycsapat diz\u00e1jnj\u00e1val.<\/strong><\/p>\n<ul>\n<li><strong>3D nyomtatott log\u00f3 a korm\u00e1ny k\u00f6zep\u00e9n<\/strong><\/li>\n<li><strong>8 darab gomb, \u00edgy vari\u00e1lhato a gombsz\u00edneket<\/strong><\/li>\n<li><strong>Sz\u00ednes band\u00e1zsok<\/strong><\/li>\n<li><strong>Sz\u00ednes markolat<\/strong><\/li>\n<li><strong>32 darabos gombmatricaszett<\/strong><\/li>\n<\/ul>\n<p>A korm\u00e1ny az eredeti elektronik\u00e1ra illeszkedik, \u00edgy a gombok el\u00e9rhet\u0151ek maradnak (kiv\u00e9ve G25 \u00e9s G27). A korm\u00e1ny haszn\u00e1lat\u00e1hoz rendelkezned kell valamely Logitech G- sz\u00e9ri\u00e1s b\u00e1zissal (G29, G920, G923, G27, G25).<\/p>\n<p>Vide\u00f3\u00fatmutat\u00f3nk a felszerel\u00e9shez: <a href=\"https:\/\/www.youtube.com\/watch?v=Fd7UfG832BU\">https:\/\/www.youtube.com\/watch?v=Fd7UfG832BU<\/a><\/p>\n<p>&nbsp;<\/p>","protected":false},"excerpt":{"rendered":"<p>Logitech G29, G920, G923 kieg\u00e9sz\u00edt\u0151, F1 st\u00edlus\u00fa korm\u00e1ny<\/p>","protected":false},"featured_media":10183,"template":"","meta":[],"product_brand":[],"product_cat":[77,82],"product_tag":[80,81,213,214,78,92,276,283,79],"class_list":{"0":"post-10170","1":"product","2":"type-product","3":"status-publish","4":"has-post-thumbnail","6":"product_cat-kormanyok","7":"product_cat-raszerelheto-kormanyok-kormany-addon","8":"product_tag-f1","9":"product_tag-g29","10":"product_tag-g920","11":"product_tag-g923","12":"product_tag-kormany","13":"product_tag-logitech","14":"product_tag-logitech-kiegeszito","15":"product_tag-logitech-kormany","16":"product_tag-raszerelheto","18":"first","19":"instock","20":"featured","21":"shipping-taxable","22":"purchasable","23":"product-type-variable","24":"has-default-attributes"},"_links":{"self":[{"href":"https:\/\/mtsimtech.hu\/en\/wp-json\/wp\/v2\/product\/10170","targetHints":{"allow":["GET"]}}],"collection":[{"href":"https:\/\/mtsimtech.hu\/en\/wp-json\/wp\/v2\/product"}],"about":[{"href":"https:\/\/mtsimtech.hu\/en\/wp-json\/wp\/v2\/types\/product"}],"wp:featuredmedia":[{"embeddable":true,"href":"https:\/\/mtsimtech.hu\/en\/wp-json\/wp\/v2\/media\/10183"}],"wp:attachment":[{"href":"https:\/\/mtsimtech.hu\/en\/wp-json\/wp\/v2\/media?parent=10170"}],"wp:term":[{"taxonomy":"product_brand","embeddable":true,"href":"https:\/\/mtsimtech.hu\/en\/wp-json\/wp\/v2\/product_brand?post=10170"},{"taxonomy":"product_cat","embeddable":true,"href":"https:\/\/mtsimtech.hu\/en\/wp-json\/wp\/v2\/product_cat?post=10170"},{"taxonomy":"product_tag","embeddable":true,"href":"https:\/\/mtsimtech.hu\/en\/wp-json\/wp\/v2\/product_tag?post=10170"}],"curies":[{"name":"wp","href":"https:\/\/api.w.org\/{rel}","templated":true}]}}