{"id":10173,"date":"2025-04-23T09:25:30","date_gmt":"2025-04-23T09:25:30","guid":{"rendered":"https:\/\/mtsimtech.hu\/?post_type=product&#038;p=10173"},"modified":"2025-06-03T09:08:36","modified_gmt":"2025-06-03T09:08:36","slug":"3d-logo","status":"publish","type":"product","link":"https:\/\/mtsimtech.hu\/en\/product\/3d-logo\/","title":{"rendered":"3D logos"},"content":{"rendered":"<p>Log\u00f3inkat k\u00e9rheted t\u00f6bbf\u00e9le verzi\u00f3ban<\/p>\n<ul>\n<li><strong>M\u00e1r a korm\u00e1nyra ragasztva<\/strong><\/li>\n<li><strong>K\u00e9toldal\u00fa ragaszt\u00f3val ell\u00e1tva<\/strong><\/li>\n<li><strong>Kulcstart\u00f3nak<\/strong><\/li>\n<\/ul>\n<p>A log\u00f3 m\u00e9rete mindk\u00e9t esetben 45 mm-60 mm a sz\u00e9less\u00e9g\u00e9t\u0151l f\u00fcgg\u0151en (egy sz\u00e9lesebb log\u00f3 kicsivel r\u00f6videbb, hogy a korm\u00e1ny k\u00f6zep\u00e9n elf\u00e9rjen).<\/p>\n<p>A m\u0171anyag log\u00f3k 60\u00b0C-ig h\u0151\u00e1ll\u00f3ak.<\/p>","protected":false},"excerpt":{"rendered":"<p>3D nyomtatott log\u00f3<\/p>","protected":false},"featured_media":10261,"template":"","meta":[],"product_brand":[],"product_cat":[101],"product_tag":[212],"class_list":{"0":"post-10173","1":"product","2":"type-product","3":"status-publish","4":"has-post-thumbnail","6":"product_cat-egyeb","7":"product_tag-logo","9":"first","10":"instock","11":"shipping-taxable","12":"purchasable","13":"product-type-variable"},"_links":{"self":[{"href":"https:\/\/mtsimtech.hu\/en\/wp-json\/wp\/v2\/product\/10173","targetHints":{"allow":["GET"]}}],"collection":[{"href":"https:\/\/mtsimtech.hu\/en\/wp-json\/wp\/v2\/product"}],"about":[{"href":"https:\/\/mtsimtech.hu\/en\/wp-json\/wp\/v2\/types\/product"}],"wp:featuredmedia":[{"embeddable":true,"href":"https:\/\/mtsimtech.hu\/en\/wp-json\/wp\/v2\/media\/10261"}],"wp:attachment":[{"href":"https:\/\/mtsimtech.hu\/en\/wp-json\/wp\/v2\/media?parent=10173"}],"wp:term":[{"taxonomy":"product_brand","embeddable":true,"href":"https:\/\/mtsimtech.hu\/en\/wp-json\/wp\/v2\/product_brand?post=10173"},{"taxonomy":"product_cat","embeddable":true,"href":"https:\/\/mtsimtech.hu\/en\/wp-json\/wp\/v2\/product_cat?post=10173"},{"taxonomy":"product_tag","embeddable":true,"href":"https:\/\/mtsimtech.hu\/en\/wp-json\/wp\/v2\/product_tag?post=10173"}],"curies":[{"name":"wp","href":"https:\/\/api.w.org\/{rel}","templated":true}]}}