{"id":10226,"date":"2025-05-12T11:41:35","date_gmt":"2025-05-12T11:41:35","guid":{"rendered":"https:\/\/mtsimtech.hu\/?post_type=product&#038;p=10226"},"modified":"2026-02-11T10:01:25","modified_gmt":"2026-02-11T10:01:25","slug":"fanatec-csl-fekmod","status":"publish","type":"product","link":"https:\/\/mtsimtech.hu\/en\/product\/fanatec-csl-fekmod\/","title":{"rendered":"Fanatec CSL (DD, DD Pro) &#8211; f\u00e9kmod"},"content":{"rendered":"<p><span style=\"font-weight: 500;\">Az elasztomer ellen\u00e1ll\u00e1s beszerel\u00e9s\u00e9vel megv\u00e1ltoztathatod a ped\u00e1lok karakterisztik\u00e1j\u00e1t, n\u00f6velheted az ellen\u00e1ll\u00e1st, \u00edgy jobban tudsz az izommem\u00f3ri\u00e1dra hagyatkozni.<\/span><\/p>\n<p>A modhoz k\u00e9tf\u00e9le kem\u00e9nys\u00e9g\u0171 k\u00f6z\u00e9pr\u00e9sz is tartozik, \u00edgy v\u00e1ltoztathatod, hogy kem\u00e9nyebb vagy puh\u00e1bb hat\u00e1st szeretn\u00e9l.<\/p>\n<p><span style=\"color: #000000;\"><strong>Compatibility:\u00a0<\/strong>Fanatec CSL ped\u00e1lhoz (DD, DD Pro, GT DD, GT DD Pro b\u00e1zisok)<\/span><\/p>\n<p><span style=\"color: #000000;\"><strong>Warranty:<\/strong> 1 year.<\/span><\/p>","protected":false},"excerpt":{"rendered":"<p>Az elasztomer ellen\u00e1ll\u00e1s beszerel\u00e9s\u00e9vel megv\u00e1ltoztathatod a ped\u00e1lok karakterisztik\u00e1j\u00e1t, n\u00f6velheted az ellen\u00e1ll\u00e1st, \u00edgy jobban tudsz az izommem\u00f3ri\u00e1dra hagyatkozni. A modhoz k\u00e9tf\u00e9le kem\u00e9nys\u00e9g\u0171 k\u00f6z\u00e9pr\u00e9sz is tartozik, \u00edgy v\u00e1ltoztathatod, hogy kem\u00e9nyebb vagy puh\u00e1bb hat\u00e1st szeretn\u00e9l. Kompatibilit\u00e1s:\u00a0Fanatec CSL ped\u00e1lhoz (DD, DD Pro, GT DD, GT DD Pro b\u00e1zisok) Garancia: 1 \u00e9v.<\/p>","protected":false},"featured_media":10794,"template":"","meta":[],"product_brand":[],"product_cat":[84],"product_tag":[94,296,297,298,119,93],"class_list":{"0":"post-10226","1":"product","2":"type-product","3":"status-publish","4":"has-post-thumbnail","6":"product_cat-pedal","7":"product_tag-brakemod","8":"product_tag-csl","9":"product_tag-dd","10":"product_tag-dd-pro","11":"product_tag-fanatec","12":"product_tag-fekmod","14":"first","15":"instock","16":"shipping-taxable","17":"purchasable","18":"product-type-simple"},"_links":{"self":[{"href":"https:\/\/mtsimtech.hu\/en\/wp-json\/wp\/v2\/product\/10226","targetHints":{"allow":["GET"]}}],"collection":[{"href":"https:\/\/mtsimtech.hu\/en\/wp-json\/wp\/v2\/product"}],"about":[{"href":"https:\/\/mtsimtech.hu\/en\/wp-json\/wp\/v2\/types\/product"}],"wp:featuredmedia":[{"embeddable":true,"href":"https:\/\/mtsimtech.hu\/en\/wp-json\/wp\/v2\/media\/10794"}],"wp:attachment":[{"href":"https:\/\/mtsimtech.hu\/en\/wp-json\/wp\/v2\/media?parent=10226"}],"wp:term":[{"taxonomy":"product_brand","embeddable":true,"href":"https:\/\/mtsimtech.hu\/en\/wp-json\/wp\/v2\/product_brand?post=10226"},{"taxonomy":"product_cat","embeddable":true,"href":"https:\/\/mtsimtech.hu\/en\/wp-json\/wp\/v2\/product_cat?post=10226"},{"taxonomy":"product_tag","embeddable":true,"href":"https:\/\/mtsimtech.hu\/en\/wp-json\/wp\/v2\/product_tag?post=10226"}],"curies":[{"name":"wp","href":"https:\/\/api.w.org\/{rel}","templated":true}]}}