{"id":10297,"date":"2025-06-17T11:29:46","date_gmt":"2025-06-17T11:29:46","guid":{"rendered":"https:\/\/mtsimtech.hu\/?post_type=product&#038;p=10297"},"modified":"2026-01-31T20:36:11","modified_gmt":"2026-01-31T20:36:11","slug":"fanatec-wrc-bmw-p1-magneses-valto-mod","status":"publish","type":"product","link":"https:\/\/mtsimtech.hu\/en\/product\/fanatec-wrc-bmw-p1-magneses-valto-mod\/","title":{"rendered":"Fanatec WRC\/BMW\/P1 magnetic shifter mod"},"content":{"rendered":"<p>A v\u00e1lt\u00f3-moddal a gy\u00e1ri mechanizmuson t\u00fal egy m\u00e1gnes h\u00fazza vissza a v\u00e1lt\u00f3karokat az alap\u00e1llapotba. \u00cdgy sokkal realisztikusabb, hat\u00e1rozottabb lesz a v\u00e1lt\u00e1s\u00e9rzet.<\/p>\n<p>A v\u00e1lt\u00f3modhoz j\u00e1r 2db er\u0151s illetve 2db gyenge m\u00e1gnes, \u00edgy \u00f6sszesen 3 f\u00e9le er\u0151ss\u00e9gben \u00e1ll\u00edthat\u00f3 (gyenge &#8211; er\u0151s &#8211; er\u0151s+gyenge) a visszah\u00faz\u00e1s m\u00e9rt\u00e9ke.<\/p>\n<p>A felszerel\u00e9shez sz\u00fcks\u00e9ges csavarokat \u00e9s szersz\u00e1mokat a csomag tartalmazza.<br \/>\nA szerel\u00e9st sor\u00e1n a QR csavarja al\u00e1 ne tedd vissza a rug\u00f3s al\u00e1t\u00e9tet.<\/p>\n<p><strong>Kompatibilis t\u00edpusok:<\/strong><br \/>\nFanatec WRC, BMW, P1 V2<\/p>\n<p><strong>Warranty:<br \/>\n<\/strong>1 \u00e9v<\/p>","protected":false},"excerpt":{"rendered":"<p>A v\u00e1lt\u00f3-moddal a gy\u00e1ri mechanizmuson t\u00fal egy m\u00e1gnes h\u00fazza vissza a v\u00e1lt\u00f3karokat az alap\u00e1llapotba. \u00cdgy sokkal realisztikusabb, hat\u00e1rozottabb lesz a v\u00e1lt\u00e1s\u00e9rzet. A v\u00e1lt\u00f3modhoz j\u00e1r 2db er\u0151s illetve 2db gyenge m\u00e1gnes, \u00edgy \u00f6sszesen 3 f\u00e9le er\u0151ss\u00e9gben \u00e1ll\u00edthat\u00f3 (gyenge &#8211; er\u0151s &#8211; er\u0151s+gyenge) a visszah\u00faz\u00e1s m\u00e9rt\u00e9ke. A felszerel\u00e9shez sz\u00fcks\u00e9ges csavarokat \u00e9s szersz\u00e1mokat a csomag tartalmazza. A szerel\u00e9st &#8230; <a title=\"Fanatec WRC\/BMW\/P1 magnetic shifter mod\" class=\"read-more\" href=\"https:\/\/mtsimtech.hu\/en\/product\/fanatec-wrc-bmw-p1-magneses-valto-mod\/\">Read more<span class=\"screen-reader-text\">Fanatec WRC\/BMW\/P1 magnetic shifter mod<\/span><\/a><\/p>","protected":false},"featured_media":10302,"template":"","meta":[],"product_brand":[],"product_cat":[85],"product_tag":[119,216,215],"class_list":{"0":"post-10297","1":"product","2":"type-product","3":"status-publish","4":"has-post-thumbnail","6":"product_cat-valto","7":"product_tag-fanatec","8":"product_tag-magneses-valtomod","9":"product_tag-valtomod","11":"first","12":"instock","13":"shipping-taxable","14":"purchasable","15":"product-type-variable"},"_links":{"self":[{"href":"https:\/\/mtsimtech.hu\/en\/wp-json\/wp\/v2\/product\/10297","targetHints":{"allow":["GET"]}}],"collection":[{"href":"https:\/\/mtsimtech.hu\/en\/wp-json\/wp\/v2\/product"}],"about":[{"href":"https:\/\/mtsimtech.hu\/en\/wp-json\/wp\/v2\/types\/product"}],"wp:featuredmedia":[{"embeddable":true,"href":"https:\/\/mtsimtech.hu\/en\/wp-json\/wp\/v2\/media\/10302"}],"wp:attachment":[{"href":"https:\/\/mtsimtech.hu\/en\/wp-json\/wp\/v2\/media?parent=10297"}],"wp:term":[{"taxonomy":"product_brand","embeddable":true,"href":"https:\/\/mtsimtech.hu\/en\/wp-json\/wp\/v2\/product_brand?post=10297"},{"taxonomy":"product_cat","embeddable":true,"href":"https:\/\/mtsimtech.hu\/en\/wp-json\/wp\/v2\/product_cat?post=10297"},{"taxonomy":"product_tag","embeddable":true,"href":"https:\/\/mtsimtech.hu\/en\/wp-json\/wp\/v2\/product_tag?post=10297"}],"curies":[{"name":"wp","href":"https:\/\/api.w.org\/{rel}","templated":true}]}}