{"id":10410,"date":"2025-08-28T13:58:44","date_gmt":"2025-08-28T13:58:44","guid":{"rendered":"https:\/\/mtsimtech.hu\/?post_type=product&#038;p=10410"},"modified":"2026-04-21T13:31:05","modified_gmt":"2026-04-21T13:31:05","slug":"mt-szimulator-index","status":"publish","type":"product","link":"https:\/\/mtsimtech.hu\/en\/product\/mt-szimulator-index\/","title":{"rendered":"MT Index"},"content":{"rendered":"<p data-start=\"230\" data-end=\"524\">A realistic dual-lever accessory for simulation, connecting to the PC via USB in a fully plug-and-play manner \u2014 ready for immediate use.<br \/>\nIt brings you much closer to the real driving experience, allowing you to signal direction changes with natural movements \u2014 especially useful during multiplayer races.<\/p>\n<p data-start=\"230\" data-end=\"524\">The system recognizes the various functions as 10 new buttons, enhancing realism and control to a whole new level when installed alongside any steering wheel.<\/p>\n<ul data-start=\"526\" data-end=\"833\">\n<li data-start=\"526\" data-end=\"703\">\n<p data-start=\"528\" data-end=\"703\"><strong data-start=\"528\" data-end=\"539\">Left arm<\/strong>:<br data-start=\"540\" data-end=\"543\" \/>\u2022 Right indicator<br data-start=\"559\" data-end=\"562\" \/>\u2022 Left indicator<br data-start=\"577\" data-end=\"580\" \/>\u2022 Position indicator<br data-start=\"596\" data-end=\"599\" \/>\u2022 Dimmed lighting<br data-start=\"622\" data-end=\"625\" data-is-only-node=\"\" \/>\u2022 Fog light<br data-start=\"637\" data-end=\"640\" \/>\u2022 Headlight<\/p>\n<\/li>\n<li data-start=\"705\" data-end=\"833\">\n<p data-start=\"707\" data-end=\"833\"><strong data-start=\"707\" data-end=\"719\">Right arm<\/strong>:<br data-start=\"720\" data-end=\"723\" \/>\u2022 Windshield wiper 1st stage<br data-start=\"748\" data-end=\"751\" \/>\u2022 Windshield wiper 2nd stage<br data-start=\"776\" data-end=\"779\" \/>\u2022 Windshield wiper 3rd stage<br data-start=\"804\" data-end=\"807\" \/>\u2022 Windshield washer (pull)<\/p>\n<\/li>\n<\/ul>\n<p data-start=\"124\" data-end=\"563\"><strong>Compatibility:<\/strong><\/p>\n<p data-start=\"124\" data-end=\"563\">All simulator bases<\/p>\n<p data-start=\"124\" data-end=\"563\"><strong>Platforms:<\/strong><\/p>\n<p data-start=\"124\" data-end=\"563\">PC<\/p>\n<p data-start=\"124\" data-end=\"563\"><strong>Recording modes:<\/strong><\/p>\n<ul>\n<li data-start=\"124\" data-end=\"563\"><strong>Basic <\/strong>2pcs M6 threads at 30mm distance, located at the back<\/li>\n<li data-start=\"124\" data-end=\"563\"><strong>Logitech (G29, G920, G923, G27, G25) next-to-base\u00a0<\/strong>&#8211; clampable base mount for index arms<\/li>\n<li><em><strong>Logitech (G29, G920, G923, G27, G25) behind the wheel<\/strong> <strong>(+9.75 EUR)<\/strong><\/em><\/li>\n<li><strong>Fanatec CSL DD <\/strong>&#8211; can be mounted to M6 nuts on the side of the base<\/li>\n<li><strong>MOZA <\/strong><strong>R3<\/strong>&#8211; Top-base mount, adjustable arm height<\/li>\n<li><strong>MOZA <\/strong><strong>R5<\/strong>&#8211; Top-base mount, adjustable arm height<\/li>\n<li><strong>MOZA <\/strong><strong>R9 (+3.900 Ft)<\/strong>&#8211; Top-base mount, adjustable arm height<\/li>\n<li><strong>Fanatec CSW V1\/V2\/V2.5 (+900 Ft)<\/strong> &#8211; Front-base mount, allows placement of arms next to base<\/li>\n<li><strong>Fanatec CSL Elite (+900 Ft)\u00a0<\/strong> &#8211; Front-base mount, allows placement of arms next to base<\/li>\n<li data-start=\"124\" data-end=\"563\"><strong>Horizontal surface mounnt <\/strong>\u2014 designed for screw attachment to flat surfaces\/profiles, featuring 50 mm long slots spaced 30 mm apart, allowing adjustable depth of the arms<\/li>\n<li data-start=\"124\" data-end=\"563\"><strong>Table bracket pair <\/strong>&#8211; Mounts index arms to front of table, for 36mm thick tabletop<\/li>\n<\/ul>\n<p>Tov\u00e1bbi egyedi elk\u00e9pzel\u00e9sek\u00e9rt (vastagabb asztallaphoz, m\u00e1s b\u00e1zisra t\u00f6rt\u00e9n\u0151 r\u00f6gz\u00edt\u00e9shez) keress minket el\u00e9rhet\u0151s\u00e9geink egyik\u00e9n: <a href=\"mailto:mtsimtech@gmail.com\">mtsimtech@gmail.com<\/a> or <a href=\"https:\/\/mtsimtech.hu\/en\/kapcsolat\/\">form<\/a>.<\/p>","protected":false},"excerpt":{"rendered":"<p>Szimul\u00e1tor index kar. Fanatec, Logitech, Thrustmaster szimul\u00e1tor b\u00e1zisok t\u00f6k\u00e9letes kieg\u00e9sz\u00edt\u0151je.<\/p>","protected":false},"featured_media":10426,"template":"","meta":[],"product_brand":[],"product_cat":[101,135,85],"product_tag":[275,217,276,277],"class_list":{"0":"post-10410","1":"product","2":"type-product","3":"status-publish","4":"has-post-thumbnail","6":"product_cat-egyeb","7":"product_cat-kiegeszitok","8":"product_cat-valto","9":"product_tag-fanatec-kiegeszito","10":"product_tag-index","11":"product_tag-logitech-kiegeszito","12":"product_tag-thrustmaster-kiegeszito","14":"first","15":"instock","16":"featured","17":"shipping-taxable","18":"purchasable","19":"product-type-variable"},"_links":{"self":[{"href":"https:\/\/mtsimtech.hu\/en\/wp-json\/wp\/v2\/product\/10410","targetHints":{"allow":["GET"]}}],"collection":[{"href":"https:\/\/mtsimtech.hu\/en\/wp-json\/wp\/v2\/product"}],"about":[{"href":"https:\/\/mtsimtech.hu\/en\/wp-json\/wp\/v2\/types\/product"}],"wp:featuredmedia":[{"embeddable":true,"href":"https:\/\/mtsimtech.hu\/en\/wp-json\/wp\/v2\/media\/10426"}],"wp:attachment":[{"href":"https:\/\/mtsimtech.hu\/en\/wp-json\/wp\/v2\/media?parent=10410"}],"wp:term":[{"taxonomy":"product_brand","embeddable":true,"href":"https:\/\/mtsimtech.hu\/en\/wp-json\/wp\/v2\/product_brand?post=10410"},{"taxonomy":"product_cat","embeddable":true,"href":"https:\/\/mtsimtech.hu\/en\/wp-json\/wp\/v2\/product_cat?post=10410"},{"taxonomy":"product_tag","embeddable":true,"href":"https:\/\/mtsimtech.hu\/en\/wp-json\/wp\/v2\/product_tag?post=10410"}],"curies":[{"name":"wp","href":"https:\/\/api.w.org\/{rel}","templated":true}]}}