{"id":10546,"date":"2025-11-17T20:40:54","date_gmt":"2025-11-17T20:40:54","guid":{"rendered":"https:\/\/mtsimtech.hu\/?post_type=product&#038;p=10546"},"modified":"2026-01-28T07:51:07","modified_gmt":"2026-01-28T07:51:07","slug":"logitech-pedal-gt-inverz-pedaltarto","status":"publish","type":"product","link":"https:\/\/mtsimtech.hu\/en\/product\/logitech-pedal-gt-inverz-pedaltarto\/","title":{"rendered":"Logitech GT\/inverse pedal holder"},"content":{"rendered":"<p><strong>A Logitech ped\u00e1lokat fels\u0151, &#8222;GT st\u00edlus\u00fa&#8221; \u00e1ll\u00e1sba\u00a0 r\u00f6gz\u00edtheted vele, \u00cdgy egyr\u00e9szt a vezet\u00e9si \u00e9lm\u00e9nyt teszi val\u00f3s\u00e1gh\u0171bb\u00e9, valamint k\u00edm\u00e9li a bok\u00e1t \u00e9s az als\u00f3 l\u00e1bsz\u00e1r izomzat\u00e1t is, mivel a l\u00e1b mindig azonos sz\u00f6gben dolgozik.\u00a0<\/strong><\/p>\n<ul>\n<li><strong>\u00c1ll\u00edthat\u00f3 ped\u00e1lt\u00e1vols\u00e1g:<\/strong> k\u00e9t csavarral, k\u00f6nnyed\u00e9n \u00e1ll\u00edthat\u00f3 a ped\u00e1lok t\u00e1vols\u00e1ga egym\u00e1shoz k\u00e9pest (a csomag tartalmazza az \u00e1ll\u00edt\u00e1shoz sz\u00fcks\u00e9ges szersz\u00e1mot).<\/li>\n<li><strong>\u00c1ll\u00edthat\u00f3 ped\u00e1lmagass\u00e1g: <\/strong>k\u00e9tf\u00e9le magass\u00e1gban is felcsavarozhat\u00f3 valamennyi ped\u00e1l<\/li>\n<li><strong>G\u00e1zped\u00e1l opci\u00f3k:\u00a0<\/strong>a g\u00e1zped\u00e1lt (a hagyom\u00e1nyos aut\u00f3khoz hasonl\u00f3an) als\u00f3 \u00e1ll\u00e1sban \u00e9s fels\u0151 \u00e1ll\u00e1sban is tudod r\u00f6gz\u00edteni<\/li>\n<li><strong>Opcion\u00e1lis plusz tapos\u00f3lemez: <\/strong>tov\u00e1bbi 16cm fel\u00fcletet jelent a sarkad al\u00e1 (a teljes m\u00e9lys\u00e9g \u00edgy 25+16=41 cm lesz)<\/li>\n<\/ul>\n<p><strong>A csomag tartalmaz valamennyi csavart az \u00f6sszeszerel\u00e9shez (a gy\u00e1ri csavarokon fel\u00fcl), valamint az \u00e1ll\u00edt\u00e1shoz sz\u00fcks\u00e9ges imbuszkulcsot.<\/strong><\/p>\n<p><strong>Felfogat\u00e1sa: <\/strong>110 mm\u00a0 (sz\u00e9less\u00e9g) x 145 mm (m\u00e9lys\u00e9g) t\u00e1vols\u00e1gra tal\u00e1lhat\u00f3 4 db M6-os csavarral (tartoz\u00e9k) fogathat\u00f3 fel, a gy\u00e1ri ped\u00e1lhoz hasonl\u00f3an.<\/p>\n<p><strong>M\u00e9retek: <\/strong>24cm x 24 cm (m\u00e9lys\u00e9g x sz\u00e9less\u00e9g), 26cm magass\u00e1g<\/p>\n<p><strong>Compatibility<\/strong>: Logitech G29, G920, G923, G27, G25<\/p>\n<p><strong>Warranty:<\/strong>:<br \/>\n1 \u00e9v<\/p>","protected":false},"excerpt":{"rendered":"<p>Logitech kieg\u00e9sz\u00edt\u0151, GT st\u00edlus\u00fa, fels\u0151 felfogat\u00e1s\u00fa ped\u00e1ltart\u00f3.<\/p>","protected":false},"featured_media":10591,"template":"","meta":[],"product_brand":[],"product_cat":[84],"product_tag":[89,92,284],"class_list":{"0":"post-10546","1":"product","2":"type-product","3":"status-publish","4":"has-post-thumbnail","6":"product_cat-pedal","7":"product_tag-gt","8":"product_tag-logitech","9":"product_tag-pedaltarto","11":"first","12":"instock","13":"featured","14":"shipping-taxable","15":"purchasable","16":"product-type-variable"},"_links":{"self":[{"href":"https:\/\/mtsimtech.hu\/en\/wp-json\/wp\/v2\/product\/10546","targetHints":{"allow":["GET"]}}],"collection":[{"href":"https:\/\/mtsimtech.hu\/en\/wp-json\/wp\/v2\/product"}],"about":[{"href":"https:\/\/mtsimtech.hu\/en\/wp-json\/wp\/v2\/types\/product"}],"wp:featuredmedia":[{"embeddable":true,"href":"https:\/\/mtsimtech.hu\/en\/wp-json\/wp\/v2\/media\/10591"}],"wp:attachment":[{"href":"https:\/\/mtsimtech.hu\/en\/wp-json\/wp\/v2\/media?parent=10546"}],"wp:term":[{"taxonomy":"product_brand","embeddable":true,"href":"https:\/\/mtsimtech.hu\/en\/wp-json\/wp\/v2\/product_brand?post=10546"},{"taxonomy":"product_cat","embeddable":true,"href":"https:\/\/mtsimtech.hu\/en\/wp-json\/wp\/v2\/product_cat?post=10546"},{"taxonomy":"product_tag","embeddable":true,"href":"https:\/\/mtsimtech.hu\/en\/wp-json\/wp\/v2\/product_tag?post=10546"}],"curies":[{"name":"wp","href":"https:\/\/api.w.org\/{rel}","templated":true}]}}