{"id":10565,"date":"2025-11-18T12:05:36","date_gmt":"2025-11-18T12:05:36","guid":{"rendered":"https:\/\/mtsimtech.hu\/?post_type=product&#038;p=10565"},"modified":"2025-11-26T16:50:15","modified_gmt":"2025-11-26T16:50:15","slug":"thrustmaster-t150-tmx-6x70mm-adapter","status":"publish","type":"product","link":"https:\/\/mtsimtech.hu\/en\/product\/thrustmaster-t150-tmx-6x70mm-adapter\/","title":{"rendered":"Thrustmaster T150\/TMX &#8211; 6x70mm &#8211; adapter"},"content":{"rendered":"<p>Thrustmaster TMX \u00e9s T150 b\u00e1zisokra teszi lehet\u0151v\u00e9, hagyom\u00e1nyos 70mm-es oszt\u00f3k\u00f6r\u0171 korm\u00e1nyok (pl. m\u00e9lyagyas, vagy s\u00edk &#8222;drift&#8221;, nagyobb, 320-330mm ak\u00e1r 350mm \u00e1tm\u00e9r\u0151j\u0171) korm\u00e1nyok felszerel\u00e9s\u00e9t.<\/p>\n<p>Sz\u00e9nsz\u00e1las text\u00fara.<\/p>\n<p>A szett tartalmazza a korm\u00e1ny felszerel\u00e9s\u00e9hez sz\u00fcks\u00e9ges csavarokat, csavarany\u00e1kat \u00e9s imbuszkulcsot.<\/p>\n<p>&nbsp;<\/p>\n<p><strong>Warranty:<\/strong><\/p>\n<p><strong>1 \u00e9v<\/strong><\/p>","protected":false},"excerpt":{"rendered":"<p>TMX \u00e9s T150 drift, 70mm oszt\u00f3k\u00f6r\u0171 korm\u00e1ny felszerel\u00e9s\u00e9hez<\/p>","protected":false},"featured_media":10586,"template":"","meta":[],"product_brand":[],"product_cat":[139,77],"product_tag":[108,110,109,78,95],"class_list":{"0":"post-10565","1":"product","2":"type-product","3":"status-publish","4":"has-post-thumbnail","6":"product_cat-kormany-adapterek","7":"product_cat-kormanyok","8":"product_tag-70mm","9":"product_tag-adapter","10":"product_tag-dirft","11":"product_tag-kormany","12":"product_tag-thrustmaster","14":"first","15":"instock","16":"shipping-taxable","17":"purchasable","18":"product-type-simple"},"_links":{"self":[{"href":"https:\/\/mtsimtech.hu\/en\/wp-json\/wp\/v2\/product\/10565","targetHints":{"allow":["GET"]}}],"collection":[{"href":"https:\/\/mtsimtech.hu\/en\/wp-json\/wp\/v2\/product"}],"about":[{"href":"https:\/\/mtsimtech.hu\/en\/wp-json\/wp\/v2\/types\/product"}],"wp:featuredmedia":[{"embeddable":true,"href":"https:\/\/mtsimtech.hu\/en\/wp-json\/wp\/v2\/media\/10586"}],"wp:attachment":[{"href":"https:\/\/mtsimtech.hu\/en\/wp-json\/wp\/v2\/media?parent=10565"}],"wp:term":[{"taxonomy":"product_brand","embeddable":true,"href":"https:\/\/mtsimtech.hu\/en\/wp-json\/wp\/v2\/product_brand?post=10565"},{"taxonomy":"product_cat","embeddable":true,"href":"https:\/\/mtsimtech.hu\/en\/wp-json\/wp\/v2\/product_cat?post=10565"},{"taxonomy":"product_tag","embeddable":true,"href":"https:\/\/mtsimtech.hu\/en\/wp-json\/wp\/v2\/product_tag?post=10565"}],"curies":[{"name":"wp","href":"https:\/\/api.w.org\/{rel}","templated":true}]}}