{"id":10574,"date":"2025-11-24T13:51:03","date_gmt":"2025-11-24T13:51:03","guid":{"rendered":"https:\/\/mtsimtech.hu\/?post_type=product&#038;p=10574"},"modified":"2025-12-05T15:40:18","modified_gmt":"2025-12-05T15:40:18","slug":"mt-tempomat-limiter","status":"publish","type":"product","link":"https:\/\/mtsimtech.hu\/en\/product\/mt-tempomat-limiter\/","title":{"rendered":"MT Tempomat-Limiter"},"content":{"rendered":"<p data-start=\"230\" data-end=\"524\">Val\u00f3s\u00e1gh\u0171 tempomat, limiter valamint szabadon testreszabhat\u00f3 funkci\u00f3kat k\u00edn\u00e1l\u00f3 kieg\u00e9sz\u00edt\u0151.<br \/>\nAz eszk\u00f6z egy USB-C porttal rendelkezik, ezen kereszt\u00fcl csatlakozik a PC-hez, teljesen Plug&amp;Play m\u00f3don, \u00edgy azonnal haszn\u00e1latra k\u00e9sz.<\/p>\n<p data-start=\"230\" data-end=\"524\">A rendszer 15 \u00faj gombk\u00e9nt \u00e9rz\u00e9keli a k\u00fcl\u00f6nb\u00f6z\u0151 funkci\u00f3kat, \u00edgy b\u00e1rmilyen korm\u00e1ny mell\u00e9 felszerelve \u00faj szintre emeli a realizmust \u00e9s a kezelhet\u0151s\u00e9get.<\/p>\n<ul data-start=\"526\" data-end=\"833\">\n<li data-start=\"526\" data-end=\"703\">\n<p data-start=\"528\" data-end=\"703\"><strong data-start=\"528\" data-end=\"539\">Left arm<\/strong>:<br data-start=\"540\" data-end=\"543\" \/>\u2022 SET\/+<br data-start=\"559\" data-end=\"562\" \/>\u2022 SET\/-<br data-start=\"577\" data-end=\"580\" \/>\u2022 MEM - upper<br data-start=\"596\" data-end=\"599\" \/>\u2022 MEM &#8211; lower<br data-start=\"622\" data-end=\"625\" data-is-only-node=\"\" \/>\u2022 Pause<br \/>\n<br data-start=\"622\" data-end=\"625\" data-is-only-node=\"\" \/>\u2022 Mode selector wheel<\/p>\n<ul data-start=\"526\" data-end=\"833\">\n<li data-start=\"526\" data-end=\"703\">Limit (retarder)<\/li>\n<li data-start=\"526\" data-end=\"703\">O (semleges, tetsz\u0151leges funkci\u00f3k rendelhet\u0151ek a gombokhoz)<\/li>\n<li data-start=\"526\" data-end=\"703\">Cruise (tempomat)<\/li>\n<\/ul>\n<\/li>\n<\/ul>\n<p>A m\u00f3dv\u00e1laszt\u00f3 haszn\u00e1lat\u00e1val \u00f6sszesen 3*5 azaz 15 gomb lesz el\u00e9rhet\u0151. Ezek egym\u00e1st\u00f3l f\u00fcggetlen\u00fcl m\u0171k\u00f6dtethet\u0151ek.<br \/>\nP\u00e9ld\u00e1ul: A m\u00f3dv\u00e1laszt\u00f3t Cruise (tempomat) funkci\u00f3ba tekerve be\u00e1ll\u00edtod, hogy a j\u00e1rm\u0171 tartson 90km\/h sebess\u00e9get, majd \u00e1tl\u00e9pteted a m\u00f3dv\u00e1laszt\u00f3t az O (semleges) m\u00f3dba, \u00e9s p\u00e9ld\u00e1ul a SET\/- gombot megnyomva \u00e1ll\u00edtasz a f\u00e9nysz\u00f3r\u00f3k magass\u00e1g\u00e1n. Ezalatt a j\u00e1rm\u0171 v\u00e9gig tartja a sebess\u00e9get. A m\u00f3dv\u00e1laszt\u00f3val \u00fajra Cruise (tempomat) funkci\u00f3ba l\u00e9pve ez\u00fattal a SET\/- gomb-ot megnyomva m\u00e1r \u00fajra a j\u00e1rm\u0171 sebess\u00e9g\u00e9t fogod \u00e1ll\u00edtani.<\/p>\n<p data-start=\"124\" data-end=\"563\"><strong>Free accessories:<\/strong><\/p>\n<ul>\n<li data-start=\"124\" data-end=\"563\">USB k\u00e1bel (1.8m hossz\u00fa)<\/li>\n<li data-start=\"124\" data-end=\"563\">Felszerel\u00e9shez sz\u00fcks\u00e9ges csavarok<\/li>\n<li data-start=\"124\" data-end=\"563\">Imbuszkulcs<\/li>\n<\/ul>\n<p data-start=\"124\" data-end=\"563\"><strong>Compatibility:<\/strong><\/p>\n<p data-start=\"124\" data-end=\"563\">All simulator bases<\/p>\n<p data-start=\"124\" data-end=\"563\"><strong>Platforms:<\/strong><\/p>\n<p data-start=\"124\" data-end=\"563\">PC<\/p>\n<p data-start=\"124\" data-end=\"563\"><strong>Recording modes:<\/strong><\/p>\n<ul>\n<li data-start=\"124\" data-end=\"563\"><strong>Basic <\/strong>2pcs M6 threads at 30mm distance, located at the back<\/li>\n<li data-start=\"124\" data-end=\"563\"><strong>Logitech (G29, G920, G923, G27, G25) next-to-base\u00a0<\/strong>&#8211; clampable base mount for index arms<\/li>\n<li><em><strong>Logitech (G29, G920, G923, G27, G25) behind the wheel<\/strong> <strong>(+9.75 EUR) \u2013\u00a0<\/strong>a b\u00e1zis elej\u00e9re r\u00f6gz\u00edthet\u0151 tart\u00f3, a korm\u00e1nyt egy told\u00f3val t\u00e1volabb ker\u00fcl a b\u00e1zist\u00f3l, \u00edgy helyet teremtve a karoknak<\/em><\/li>\n<li><strong>Fanatec CSL DD <\/strong>&#8211; can be mounted to M6 nuts on the side of the base<\/li>\n<li><strong>MOZA <\/strong><strong>R3<\/strong>&#8211; Top-base mount, adjustable arm height<\/li>\n<li><strong>MOZA <\/strong><strong>R5<\/strong>&#8211; Top-base mount, adjustable arm height<\/li>\n<li><strong>Fanatec CSW (+1900 Ft)<\/strong> &#8211; Front-base mount, allows placement of arms next to base<\/li>\n<li><strong>Fanatec CSL Elite\u00a0<\/strong> &#8211; Front-base mount, allows placement of arms next to base<\/li>\n<li data-start=\"124\" data-end=\"563\"><strong>Horizontal surface mounnt <\/strong>\u2014 designed for screw attachment to flat surfaces\/profiles, featuring 50 mm long slots spaced 30 mm apart, allowing adjustable depth of the arms<\/li>\n<li data-start=\"124\" data-end=\"563\"><strong>Table bracket pair <\/strong>&#8211; Mounts index arms to front of table, for 36mm thick tabletop<\/li>\n<\/ul>\n<p>For additional custom solutions (e.g., for thicker desks or mounting directly alongside another base), contact us through one of our available channels: <a href=\"mailto:mtsimtech@gmail.com\">mtsimtech@gmail.com<\/a> or <a href=\"https:\/\/mtsimtech.hu\/en\/kapcsolat\/\">form<\/a>.<\/p>","protected":false},"excerpt":{"rendered":"<p>Val\u00f3s\u00e1gh\u0171 tempomat, limiter valamint szabadon testreszabhat\u00f3 funkci\u00f3kat k\u00edn\u00e1l\u00f3 kieg\u00e9sz\u00edt\u0151. Az eszk\u00f6z egy USB-C porttal rendelkezik, ezen kereszt\u00fcl csatlakozik a PC-hez, teljesen Plug&amp;Play m\u00f3don, \u00edgy azonnal haszn\u00e1latra k\u00e9sz. A rendszer 15 \u00faj gombk\u00e9nt \u00e9rz\u00e9keli a k\u00fcl\u00f6nb\u00f6z\u0151 funkci\u00f3kat, \u00edgy b\u00e1rmilyen korm\u00e1ny mell\u00e9 felszerelve \u00faj szintre emeli a realizmust \u00e9s a kezelhet\u0151s\u00e9get. Bal kar:\u2022 SET\/+\u2022 SET\/-\u2022 MEM -fels\u0151\u2022 &#8230; <a title=\"MT Tempomat-Limiter\" class=\"read-more\" href=\"https:\/\/mtsimtech.hu\/en\/product\/mt-tempomat-limiter\/\">Read more<span class=\"screen-reader-text\">MT Tempomat-Limiter<\/span><\/a><\/p>","protected":false},"featured_media":10617,"template":"","meta":[],"product_brand":[],"product_cat":[101,135,85],"product_tag":[217,287,286,285],"class_list":{"0":"post-10574","1":"product","2":"type-product","3":"status-publish","4":"has-post-thumbnail","6":"product_cat-egyeb","7":"product_cat-kiegeszitok","8":"product_cat-valto","9":"product_tag-index","10":"product_tag-limiter","11":"product_tag-retarder","12":"product_tag-tempomat","14":"first","15":"instock","16":"sale","17":"shipping-taxable","18":"purchasable","19":"product-type-variable"},"_links":{"self":[{"href":"https:\/\/mtsimtech.hu\/en\/wp-json\/wp\/v2\/product\/10574","targetHints":{"allow":["GET"]}}],"collection":[{"href":"https:\/\/mtsimtech.hu\/en\/wp-json\/wp\/v2\/product"}],"about":[{"href":"https:\/\/mtsimtech.hu\/en\/wp-json\/wp\/v2\/types\/product"}],"wp:featuredmedia":[{"embeddable":true,"href":"https:\/\/mtsimtech.hu\/en\/wp-json\/wp\/v2\/media\/10617"}],"wp:attachment":[{"href":"https:\/\/mtsimtech.hu\/en\/wp-json\/wp\/v2\/media?parent=10574"}],"wp:term":[{"taxonomy":"product_brand","embeddable":true,"href":"https:\/\/mtsimtech.hu\/en\/wp-json\/wp\/v2\/product_brand?post=10574"},{"taxonomy":"product_cat","embeddable":true,"href":"https:\/\/mtsimtech.hu\/en\/wp-json\/wp\/v2\/product_cat?post=10574"},{"taxonomy":"product_tag","embeddable":true,"href":"https:\/\/mtsimtech.hu\/en\/wp-json\/wp\/v2\/product_tag?post=10574"}],"curies":[{"name":"wp","href":"https:\/\/api.w.org\/{rel}","templated":true}]}}