{"id":10709,"date":"2026-01-13T14:22:55","date_gmt":"2026-01-13T14:22:55","guid":{"rendered":"https:\/\/mtsimtech.hu\/?post_type=product&#038;p=10709"},"modified":"2026-01-16T09:42:51","modified_gmt":"2026-01-16T09:42:51","slug":"thrustmaster-trlp-598-fekmod","status":"publish","type":"product","link":"https:\/\/mtsimtech.hu\/en\/product\/thrustmaster-trlp-598-fekmod\/","title":{"rendered":"Thrustmaster Raceline\/T598 f\u00e9kmod"},"content":{"rendered":"<p><span style=\"font-weight: 500;\">A f\u00e9kmod beszerel\u00e9s\u00e9vel realisztikusabb, \u00e9s pontosabb f\u00e9khat\u00e1s \u00e9rhet\u0151 el a rugalmas anyagnak k\u00f6sz\u00f6nhet\u0151en.<\/span> <span style=\"font-weight: 500;\"><br \/>\n<\/span><span style=\"font-weight: 500;\"><br \/>\nRally:<\/span> <span style=\"font-weight: 500;\">puh\u00e1bb verzi\u00f3<\/span><\/p>\n<p><span style=\"font-weight: 500;\">Formula: <\/span> <span style=\"font-weight: 500;\">kem\u00e9nyebb verzi\u00f3<\/span><\/p>\n<p><span style=\"font-weight: 500;\">Szettben v\u00e1s\u00e1rolva 1000 Ft kedvezm\u00e9ny!<\/span><\/p>","protected":false},"excerpt":{"rendered":"<p>A f\u00e9kmod beszerel\u00e9s\u00e9vel realisztikusabb, \u00e9s pontosabb f\u00e9khat\u00e1s \u00e9rhet\u0151 el a rugalmas anyagnak k\u00f6sz\u00f6nhet\u0151en. Rally: puh\u00e1bb verzi\u00f3 Formula: kem\u00e9nyebb verzi\u00f3 Szettben v\u00e1s\u00e1rolva 1000 Ft kedvezm\u00e9ny!<\/p>","protected":false},"featured_media":0,"template":"","meta":[],"product_brand":[],"product_cat":[84],"product_tag":[94,93,289,290,95,288],"class_list":{"0":"post-10709","1":"product","2":"type-product","3":"status-publish","5":"product_cat-pedal","6":"product_tag-brakemod","7":"product_tag-fekmod","8":"product_tag-raceline","9":"product_tag-t598","10":"product_tag-thrustmaster","11":"product_tag-trlp","13":"first","14":"instock","15":"shipping-taxable","16":"purchasable","17":"product-type-variable"},"_links":{"self":[{"href":"https:\/\/mtsimtech.hu\/en\/wp-json\/wp\/v2\/product\/10709","targetHints":{"allow":["GET"]}}],"collection":[{"href":"https:\/\/mtsimtech.hu\/en\/wp-json\/wp\/v2\/product"}],"about":[{"href":"https:\/\/mtsimtech.hu\/en\/wp-json\/wp\/v2\/types\/product"}],"wp:attachment":[{"href":"https:\/\/mtsimtech.hu\/en\/wp-json\/wp\/v2\/media?parent=10709"}],"wp:term":[{"taxonomy":"product_brand","embeddable":true,"href":"https:\/\/mtsimtech.hu\/en\/wp-json\/wp\/v2\/product_brand?post=10709"},{"taxonomy":"product_cat","embeddable":true,"href":"https:\/\/mtsimtech.hu\/en\/wp-json\/wp\/v2\/product_cat?post=10709"},{"taxonomy":"product_tag","embeddable":true,"href":"https:\/\/mtsimtech.hu\/en\/wp-json\/wp\/v2\/product_tag?post=10709"}],"curies":[{"name":"wp","href":"https:\/\/api.w.org\/{rel}","templated":true}]}}