{"id":10737,"date":"2026-01-30T13:31:35","date_gmt":"2026-01-30T13:31:35","guid":{"rendered":"https:\/\/mtsimtech.hu\/?post_type=product&#038;p=10737"},"modified":"2026-01-30T13:36:58","modified_gmt":"2026-01-30T13:36:58","slug":"350mm-kormany-logitech-thrustmaster-moza-adapterrel","status":"publish","type":"product","link":"https:\/\/mtsimtech.hu\/en\/product\/350mm-kormany-logitech-thrustmaster-moza-adapterrel\/","title":{"rendered":"350mm korm\u00e1ny Logitech\/Thrustmaster\/MOZA adapterrel"},"content":{"rendered":"<p>Hagyom\u00e1nyos s\u00edk agyas, m\u0171b\u0151r bevonat\u00fa 70mm oszt\u00f3k\u00f6r\u0171 &#8211; <strong>350mm \u00e1tm\u00e9r\u0151j\u00fa<\/strong> korm\u00e1ny.<br \/>\nA hozz\u00e1 tartoz\u00f3 adapterrel a k\u00f6vetkez\u0151 b\u00e1zisokra szerelhet\u0151:<\/p>\n<p>Logitech G25, 27, 29, 920, 923<br \/>\nThrustmaster Quick-release<br \/>\nThrustmaster T300 gy\u00e1ri korm\u00e1ny<br \/>\nMOZA gy\u00e1ri korm\u00e1nykereke (ESX RS052)<\/p>\n<p>A felszerel\u00e9shez sz\u00fcks\u00e9ges valamennyi csavarokat a csomag r\u00e9sz\u00e9t k\u00e9pezik.<\/p>","protected":false},"excerpt":{"rendered":"<p>Logitech, Thrustmaster szimul\u00e1tor kieg\u00e9sz\u00edt\u0151, nagyobb korm\u00e1ny, 330 mm \u00e1tm\u00e9r\u0151vel, saj\u00e1t adapterrel.<\/p>","protected":false},"featured_media":10742,"template":"","meta":[],"product_brand":[],"product_cat":[139,77],"product_tag":[291,108,110,203,78,92,293,292,95],"class_list":{"0":"post-10737","1":"product","2":"type-product","3":"status-publish","4":"has-post-thumbnail","6":"product_cat-kormany-adapterek","7":"product_cat-kormanyok","8":"product_tag-350mm","9":"product_tag-70mm","10":"product_tag-adapter","11":"product_tag-drift","12":"product_tag-kormany","13":"product_tag-logitech","14":"product_tag-moza","15":"product_tag-nascar","16":"product_tag-thrustmaster","18":"first","19":"instock","20":"shipping-taxable","21":"purchasable","22":"product-type-variable"},"_links":{"self":[{"href":"https:\/\/mtsimtech.hu\/en\/wp-json\/wp\/v2\/product\/10737","targetHints":{"allow":["GET"]}}],"collection":[{"href":"https:\/\/mtsimtech.hu\/en\/wp-json\/wp\/v2\/product"}],"about":[{"href":"https:\/\/mtsimtech.hu\/en\/wp-json\/wp\/v2\/types\/product"}],"wp:featuredmedia":[{"embeddable":true,"href":"https:\/\/mtsimtech.hu\/en\/wp-json\/wp\/v2\/media\/10742"}],"wp:attachment":[{"href":"https:\/\/mtsimtech.hu\/en\/wp-json\/wp\/v2\/media?parent=10737"}],"wp:term":[{"taxonomy":"product_brand","embeddable":true,"href":"https:\/\/mtsimtech.hu\/en\/wp-json\/wp\/v2\/product_brand?post=10737"},{"taxonomy":"product_cat","embeddable":true,"href":"https:\/\/mtsimtech.hu\/en\/wp-json\/wp\/v2\/product_cat?post=10737"},{"taxonomy":"product_tag","embeddable":true,"href":"https:\/\/mtsimtech.hu\/en\/wp-json\/wp\/v2\/product_tag?post=10737"}],"curies":[{"name":"wp","href":"https:\/\/api.w.org\/{rel}","templated":true}]}}