{"id":10827,"date":"2026-02-05T20:27:55","date_gmt":"2026-02-05T20:27:55","guid":{"rendered":"https:\/\/mtsimtech.hu\/?post_type=product&#038;p=10827"},"modified":"2026-02-06T14:47:41","modified_gmt":"2026-02-06T14:47:41","slug":"szekvencialis-valto","status":"publish","type":"product","link":"https:\/\/mtsimtech.hu\/en\/product\/szekvencialis-valto\/","title":{"rendered":"MT sequential shifter"},"content":{"rendered":"<p><span style=\"color: #000000;\">The sequential gearbox is most common in rally and drift cars. If you want to drive them realistically, this is an essential addition to your simulator.<\/span><\/p>\n<p><span style=\"color: #000000;\"><strong>Key features:<\/strong><\/span><\/p>\n<ul>\n<li><span style=\"color: #000000;\">Definite sense of change, resistance<\/span><\/li>\n<li><span style=\"color: #000000;\">Easily interchangeable arm - can be unscrewed from the shaft and replaced with another diameter, length<\/span><\/li>\n<li><span style=\"color: #000000;\">Automatically recognised by your computer, no need to install any software<\/span><\/li>\n<li>Gearbox dimensions: 100mm long, 70mm high, 40mm wide<\/li>\n<\/ul>\n<p><span style=\"color: #000000;\"><strong>Fixing:<\/strong><\/span><\/p>\n<ul>\n<li>bottom mounting, 4pcs M6 mounting points, 75mm x 18mm spacing + 4pcs M6x15 screws<\/li>\n<li>Top and bottom bracket: 4pcs M6 fixing points, 80mm x 60mm spacing + 4pcs M6x15 screws<\/li>\n<li>Table clamp for maximum 38mm thick table top (please contact us for specific requirements)<\/li>\n<\/ul>\n<p><span style=\"color: #000000;\"><strong>The package also includes:<\/strong><\/span><\/p>\n<ul>\n<li><span style=\"color: #000000;\">The fasteners, screws and wrench of your choice<\/span><\/li>\n<li><span style=\"color: #000000;\">1.8 m USB cable for connection<\/span><\/li>\n<\/ul>\n<p><span style=\"color: #000000;\"><strong>Compatibility:<\/strong> The product is PC compatible and can be used with any base, but <\/span><span style=\"color: #000000;\">does not work with consoles.<\/span><\/p>\n<p><span style=\"color: #000000;\"><strong>Warranty:<\/strong> 1 year.<\/span><\/p>","protected":false},"excerpt":{"rendered":"<p>A szekvenci\u00e1lis v\u00e1lt\u00f3kar legink\u00e1bb rally \u00e9s driftaut\u00f3kban jellemz\u0151. Ha realisztikusan szeretn\u00e9d ezeket vezetni akkor ez egy elengedhetetlen kieg\u00e9sz\u00edt\u0151je a szimul\u00e1torodnak. F\u0151bb tulajdons\u00e1gai: Hat\u00e1rozott v\u00e1lt\u00e1s\u00e9rzet, ellen\u00e1ll\u00e1s Egyszer\u0171en cser\u00e9lhet\u0151 kar &#8211; kitekerhet\u0151 a tengelyb\u0151l, \u00e9s cser\u00e9lhet\u0151 m\u00e1s \u00e1tm\u00e9r\u0151re, hossz\u00fas\u00e1gra Automatikusan felismeri a sz\u00e1m\u00edt\u00f3g\u00e9p, nem sz\u00fcks\u00e9ges k\u00fcl\u00f6n szoftvert telep\u00edteni hozz\u00e1 A v\u00e1lt\u00f3h\u00e1z m\u00e9retei: 100mm hossz\u00fa, 70mm magas, 40mm &#8230; <a title=\"MT sequential shifter\" class=\"read-more\" href=\"https:\/\/mtsimtech.hu\/en\/product\/szekvencialis-valto\/\">Read more<span class=\"screen-reader-text\">MT sequential shifter<\/span><\/a><\/p>","protected":false},"featured_media":10849,"template":"","meta":[],"product_brand":[],"product_cat":[85],"product_tag":[98,97,301],"class_list":{"0":"post-10827","1":"product","2":"type-product","3":"status-publish","4":"has-post-thumbnail","6":"product_cat-valto","7":"product_tag-sequential","8":"product_tag-shifter","9":"product_tag-szekvencialis-valto","11":"first","12":"instock","13":"shipping-taxable","14":"purchasable","15":"product-type-variable","16":"has-default-attributes"},"_links":{"self":[{"href":"https:\/\/mtsimtech.hu\/en\/wp-json\/wp\/v2\/product\/10827","targetHints":{"allow":["GET"]}}],"collection":[{"href":"https:\/\/mtsimtech.hu\/en\/wp-json\/wp\/v2\/product"}],"about":[{"href":"https:\/\/mtsimtech.hu\/en\/wp-json\/wp\/v2\/types\/product"}],"wp:featuredmedia":[{"embeddable":true,"href":"https:\/\/mtsimtech.hu\/en\/wp-json\/wp\/v2\/media\/10849"}],"wp:attachment":[{"href":"https:\/\/mtsimtech.hu\/en\/wp-json\/wp\/v2\/media?parent=10827"}],"wp:term":[{"taxonomy":"product_brand","embeddable":true,"href":"https:\/\/mtsimtech.hu\/en\/wp-json\/wp\/v2\/product_brand?post=10827"},{"taxonomy":"product_cat","embeddable":true,"href":"https:\/\/mtsimtech.hu\/en\/wp-json\/wp\/v2\/product_cat?post=10827"},{"taxonomy":"product_tag","embeddable":true,"href":"https:\/\/mtsimtech.hu\/en\/wp-json\/wp\/v2\/product_tag?post=10827"}],"curies":[{"name":"wp","href":"https:\/\/api.w.org\/{rel}","templated":true}]}}