{"id":10864,"date":"2026-02-13T09:14:30","date_gmt":"2026-02-13T09:14:30","guid":{"rendered":"https:\/\/mtsimtech.hu\/?post_type=product&#038;p=10864"},"modified":"2026-03-13T20:28:02","modified_gmt":"2026-03-13T20:28:02","slug":"kormanytekero-gomb","status":"publish","type":"product","link":"https:\/\/mtsimtech.hu\/en\/product\/kormanytekero-gomb\/","title":{"rendered":"Korm\u00e1nyteker\u0151 gomb"},"content":{"rendered":"<p>Modul\u00e1ris korm\u00e1nyteker\u0151 gomb\u00a0 30 \u00e9s 40mm vastag korm\u00e1nyokra szerelhet\u0151 gy\u0171r\u0171vel, valamint k\u00e9tf\u00e9le m\u00e9ret\u0171 teker\u0151vel (50 \u00e9s 60mm \u00e1tm\u00e9r\u0171j\u0171 g\u00f6mb\u00f6k).<\/p>","protected":false},"excerpt":{"rendered":"<p>Modul\u00e1ris korm\u00e1nyteker\u0151 gomb\u00a0 30 \u00e9s 40mm vastag korm\u00e1nyokra szerelhet\u0151 gy\u0171r\u0171vel, valamint k\u00e9tf\u00e9le m\u00e9ret\u0171 teker\u0151vel (50 \u00e9s 60mm \u00e1tm\u00e9r\u0171j\u0171 g\u00f6mb\u00f6k).<\/p>","protected":false},"featured_media":10865,"template":"","meta":[],"product_brand":[],"product_cat":[101],"product_tag":[302,304,303,305],"class_list":{"0":"post-10864","1":"product","2":"type-product","3":"status-publish","4":"has-post-thumbnail","6":"product_cat-egyeb","7":"product_tag-kamion","8":"product_tag-knob","9":"product_tag-kormanytekero","10":"product_tag-truck-simulator","12":"first","13":"instock","14":"shipping-taxable","15":"purchasable","16":"product-type-simple"},"_links":{"self":[{"href":"https:\/\/mtsimtech.hu\/en\/wp-json\/wp\/v2\/product\/10864","targetHints":{"allow":["GET"]}}],"collection":[{"href":"https:\/\/mtsimtech.hu\/en\/wp-json\/wp\/v2\/product"}],"about":[{"href":"https:\/\/mtsimtech.hu\/en\/wp-json\/wp\/v2\/types\/product"}],"wp:featuredmedia":[{"embeddable":true,"href":"https:\/\/mtsimtech.hu\/en\/wp-json\/wp\/v2\/media\/10865"}],"wp:attachment":[{"href":"https:\/\/mtsimtech.hu\/en\/wp-json\/wp\/v2\/media?parent=10864"}],"wp:term":[{"taxonomy":"product_brand","embeddable":true,"href":"https:\/\/mtsimtech.hu\/en\/wp-json\/wp\/v2\/product_brand?post=10864"},{"taxonomy":"product_cat","embeddable":true,"href":"https:\/\/mtsimtech.hu\/en\/wp-json\/wp\/v2\/product_cat?post=10864"},{"taxonomy":"product_tag","embeddable":true,"href":"https:\/\/mtsimtech.hu\/en\/wp-json\/wp\/v2\/product_tag?post=10864"}],"curies":[{"name":"wp","href":"https:\/\/api.w.org\/{rel}","templated":true}]}}