{"id":10948,"date":"2026-04-08T06:41:29","date_gmt":"2026-04-08T06:41:29","guid":{"rendered":"https:\/\/mtsimtech.hu\/?post_type=product&#038;p=10948"},"modified":"2026-04-18T20:30:13","modified_gmt":"2026-04-18T20:30:13","slug":"moza-r3-fan","status":"publish","type":"product","link":"https:\/\/mtsimtech.hu\/en\/product\/moza-r3-fan\/","title":{"rendered":"MOZA R3 adjustable active cooling"},"content":{"rendered":"<p>If you like playing with 100% FFB and have ever experienced your MOZA R3 base overheating, reducing the FFB, or even shutting down?<br \/>\nA szab\u00e1lyozhat\u00f3 akt\u00edv h\u0171t\u00e9st \u00fagy tervezt\u00fck meg, hogyha az is el\u00e9g, akkor alacsonyra csavarva hang n\u00e9lk\u00fcl menjen, m\u00edg ha sz\u00fcks\u00e9ges a ny\u00e1ri forr\u00f3s\u00e1gban, l\u00e9gkondi n\u00e9lk\u00fcl maxra csavarva is el\u00e9g h\u0171t\u00e9st tudjon biztos\u00edtani (2500 RPM, 28 CFM).<\/p>\n<ul>\n<li>Powered via USB cable (cable included in the package)<\/li>\n<li>Fan speed adjustable with a small screw<\/li>\n<li>The cables and power button remain accessible\u2014you don\u2019t even need to unplug them during installation<\/li>\n<li>Mounts to the top of the base with two screws and is compatible with our <a href=\"https:\/\/mtsimtech.hu\/en\/product\/telefontarto-moza-bazisokhoz\/\">MOZA phone holder<\/a><\/li>\n<\/ul>\n<p><strong>Compatibility:<\/strong><\/p>\n<p>Moza R3<\/p>\n<p><strong>Warranty:<\/strong><\/p>\n<p><strong>1 year<\/strong><\/p>","protected":false},"excerpt":{"rendered":"<p>MOZA R3 adjustable, fitted active cooling.<\/p>","protected":false},"featured_media":10993,"template":"","meta":[],"product_brand":[],"product_cat":[101],"product_tag":[309,310,293,308],"class_list":{"0":"post-10948","1":"product","2":"type-product","3":"status-publish","4":"has-post-thumbnail","6":"product_cat-egyeb","7":"product_tag-cooling","8":"product_tag-fan","9":"product_tag-moza","10":"product_tag-r3","12":"first","13":"instock","14":"shipping-taxable","15":"purchasable","16":"product-type-simple"},"_links":{"self":[{"href":"https:\/\/mtsimtech.hu\/en\/wp-json\/wp\/v2\/product\/10948","targetHints":{"allow":["GET"]}}],"collection":[{"href":"https:\/\/mtsimtech.hu\/en\/wp-json\/wp\/v2\/product"}],"about":[{"href":"https:\/\/mtsimtech.hu\/en\/wp-json\/wp\/v2\/types\/product"}],"wp:featuredmedia":[{"embeddable":true,"href":"https:\/\/mtsimtech.hu\/en\/wp-json\/wp\/v2\/media\/10993"}],"wp:attachment":[{"href":"https:\/\/mtsimtech.hu\/en\/wp-json\/wp\/v2\/media?parent=10948"}],"wp:term":[{"taxonomy":"product_brand","embeddable":true,"href":"https:\/\/mtsimtech.hu\/en\/wp-json\/wp\/v2\/product_brand?post=10948"},{"taxonomy":"product_cat","embeddable":true,"href":"https:\/\/mtsimtech.hu\/en\/wp-json\/wp\/v2\/product_cat?post=10948"},{"taxonomy":"product_tag","embeddable":true,"href":"https:\/\/mtsimtech.hu\/en\/wp-json\/wp\/v2\/product_tag?post=10948"}],"curies":[{"name":"wp","href":"https:\/\/api.w.org\/{rel}","templated":true}]}}