{"id":10949,"date":"2026-04-08T06:41:31","date_gmt":"2026-04-08T06:41:31","guid":{"rendered":"https:\/\/mtsimtech.hu\/?post_type=product&#038;p=10949"},"modified":"2026-04-09T17:06:58","modified_gmt":"2026-04-09T17:06:58","slug":"logitech-qr-adapter","status":"publish","type":"product","link":"https:\/\/mtsimtech.hu\/en\/product\/logitech-qr-adapter\/","title":{"rendered":"Logitech gyorscsatlakoz\u00f3s adapter"},"content":{"rendered":"<p>Logitech korm\u00e1nyok eset\u00e9n teszi lehet\u0151v\u00e9, hogy az\u00a0<strong>elektronik\u00e1val egy\u00fctt<\/strong> cser\u00e9ld a korm\u00e1nyaidat egyetlen mozdulattal.<\/p>\n<p>Akkor praktikus, hogyha olyan korm\u00e1nyokat szeretn\u00e9l cser\u00e9lgetni, melyek k\u00f6z\u00fcl az egyikben (vagy ak\u00e1r t\u00f6bb-ben) gy\u00e1ri Logitech elektronika van. Az adapter belsej\u00e9ben tal\u00e1lhat\u00f3 elektronika t\u00f6k\u00e9letesen \u00e1tviszi a jelet, viszont egy mozdulat cser\u00e9lheted.<\/p>\n<p>P\u00e9ld\u00e1ul:<\/p>\n<ul>\n<li>Egy F1 Advanced modot felteszel az egyik elektronik\u00e1ra, a m\u00e1sik elektronika marad a gy\u00e1ri Logitech 28cm-es pereccel<\/li>\n<li>Egy F1 Adcanced modot felteszel az egyik elektronik\u00e1ra, a m\u00e1sik Logitech elektronik\u00e1ra Logitech adapterrel felrakott 330mm\/350mm-es drift&amp;rally korm\u00e1ny<\/li>\n<li>Gy\u00e1ri Logitech korm\u00e1ny elektronika, illetve egy 6x70mm-es oszt\u00f3k\u00f6r\u0171 adapterrel felszerelt, elektronika n\u00e9lk\u00fcli 330mm\/350mm-es drift&amp;rally korm\u00e1ny<\/li>\n<li>Egy 488 GT3 korm\u00e1nyt haszn\u00e1lsz, \u00e9s egy mozdulattal szeretn\u00e9d cser\u00e9lni a gy\u00e1ri Logitech 28cm-es perecre.<\/li>\n<\/ul>\n<p>A szett alap esetben egy b\u00e1zis oldali \u00e9s egy korm\u00e1ny oldali adaptert tartalmaz.<\/p>\n<p>A gy\u00e1ri elektronik\u00e1k beszerz\u00e9s\u00e9hez javasoljuk, hogy k\u00f6vess adok-veszek csoportokat, ahol hib\u00e1s b\u00e1zisok korm\u00e1nyelektronik\u00e1it be tudod szerezni.<\/p>\n<p><strong>Warranty:<\/strong><\/p>\n<p><strong>1 \u00e9v<\/strong><\/p>","protected":false},"excerpt":{"rendered":"<p>TMX \u00e9s T150 drift, 70mm oszt\u00f3k\u00f6r\u0171 korm\u00e1ny felszerel\u00e9s\u00e9hez<\/p>","protected":false},"featured_media":10956,"template":"","meta":[],"product_brand":[],"product_cat":[139,77],"product_tag":[108,110,203,78,92,306,205],"class_list":{"0":"post-10949","1":"product","2":"type-product","3":"status-publish","4":"has-post-thumbnail","6":"product_cat-kormany-adapterek","7":"product_cat-kormanyok","8":"product_tag-70mm","9":"product_tag-adapter","10":"product_tag-drift","11":"product_tag-kormany","12":"product_tag-logitech","13":"product_tag-qr","14":"product_tag-quick-release","16":"first","17":"instock","18":"shipping-taxable","19":"purchasable","20":"product-type-variable"},"_links":{"self":[{"href":"https:\/\/mtsimtech.hu\/en\/wp-json\/wp\/v2\/product\/10949","targetHints":{"allow":["GET"]}}],"collection":[{"href":"https:\/\/mtsimtech.hu\/en\/wp-json\/wp\/v2\/product"}],"about":[{"href":"https:\/\/mtsimtech.hu\/en\/wp-json\/wp\/v2\/types\/product"}],"wp:featuredmedia":[{"embeddable":true,"href":"https:\/\/mtsimtech.hu\/en\/wp-json\/wp\/v2\/media\/10956"}],"wp:attachment":[{"href":"https:\/\/mtsimtech.hu\/en\/wp-json\/wp\/v2\/media?parent=10949"}],"wp:term":[{"taxonomy":"product_brand","embeddable":true,"href":"https:\/\/mtsimtech.hu\/en\/wp-json\/wp\/v2\/product_brand?post=10949"},{"taxonomy":"product_cat","embeddable":true,"href":"https:\/\/mtsimtech.hu\/en\/wp-json\/wp\/v2\/product_cat?post=10949"},{"taxonomy":"product_tag","embeddable":true,"href":"https:\/\/mtsimtech.hu\/en\/wp-json\/wp\/v2\/product_tag?post=10949"}],"curies":[{"name":"wp","href":"https:\/\/api.w.org\/{rel}","templated":true}]}}