{"id":10961,"date":"2026-04-10T10:37:40","date_gmt":"2026-04-10T10:37:40","guid":{"rendered":"https:\/\/mtsimtech.hu\/?post_type=product&#038;p=10961"},"modified":"2026-04-10T13:39:54","modified_gmt":"2026-04-10T13:39:54","slug":"thrustmaster-t3pa-t2pa-load-cell","status":"publish","type":"product","link":"https:\/\/mtsimtech.hu\/en\/product\/thrustmaster-t3pa-t2pa-load-cell\/","title":{"rendered":"Thrustmaster T3PA\/T2PA load-cell"},"content":{"rendered":"<p>A <strong>load-cell szenzor a ped\u00e1l lenyom\u00e1s\u00e1nak er\u0151ss\u00e9g\u00e9t<\/strong> <strong>\u00e9rz\u00e9keli<\/strong>, and it outputs a proportional signal, making it easier to build muscle memory during braking. (The factory potentiometer only outputs a signal proportional to the traveled distance.<\/p>\n<p>A szenzor teljesen karbantart\u00e1smentes, valamint az eredeti potm\u00e9tert sz\u00fcks\u00e9gtelenn\u00e9 teszi, \u00edgy azt ak\u00e1r \u00e1tszerelheted m\u00e1sik ped\u00e1ln\u00e1l l\u00e9v\u0151, elkoszol\u00f3dott szenzor hely\u00e9re is.<\/p>\n<p>A beszerel\u00e9s\u00e9hez a ped\u00e1lt meg kell bontani, ehhez instrukci\u00f3kat a term\u00e9k k\u00e9zik\u00f6nyv\u00e9ben tal\u00e1lsz.<\/p>\n<p>A dobozon tal\u00e1lhat\u00f3 k\u00e9t \u00e1ll\u00edt\u00f3 csavar seg\u00edts\u00e9g\u00e9vel tudod a szenzor 0 szintj\u00e9t \u00e9s az \u00e9rz\u00e9kenys\u00e9g\u00e9t \u00e1ll\u00edtani, \u00edgy nem sz\u00fcks\u00e9ges semmilyen k\u00fcls\u0151 szoftver hozz\u00e1, valamint <strong>PC, PlayStation \u00e9s XBOX kompatibilis<\/strong>.<br \/>\nA dobozban tal\u00e1lhat\u00f3 m\u00e1gnes seg\u00edts\u00e9g\u00e9vel a vez\u00e9rl\u0151 roncsol\u00e1smentesen, eszt\u00e9tikusan r\u00f6gz\u00edthet\u0151 a ped\u00e1lh\u00e1zra, egy bel\u00fcl elhelyezett m\u00e1gnessel (a csomag tartalmazza).<br \/>\nA szenzor egy <strong>50kg-os loadcell<\/strong>.<br \/>\n<strong>2 darab elt\u00e9r\u0151 kem\u00e9nys\u00e9g\u0171 elasztomer j\u00e1r hozz\u00e1<\/strong>, \u00edgy \u00e1ll\u00edthat\u00f3 a ped\u00e1l viselked\u00e9se (mindkett\u0151vel r\u00f6videbb a ped\u00e1l \u00fathossza, ez a loadcell l\u00e9nyege, \u00edgy lesz realisztikus az \u00e9rz\u00e9s).<\/p>\n<p>Csomag tartalma:<\/p>\n<ul>\n<li>2 f\u00e9le kem\u00e9nys\u00e9g\u0171 elasztomer<\/li>\n<li>csavarh\u00faz\u00f3 a be\u00e1ll\u00edt\u00e1shoz<\/li>\n<li>k\u00e1belek r\u00f6gz\u00edt\u00e9s\u00e9hez sz\u00fcks\u00e9ges k\u00e1belvezet\u0151k<\/li>\n<li>m\u00e1gnes k\u00e9toldal\u00fa ragaszt\u00f3val a ped\u00e1lh\u00e1z belsej\u00e9re<\/li>\n<li>1 db csavar a szenzor r\u00f6gz\u00edt\u00e9s\u00e9hez<\/li>\n<\/ul>\n<p><strong>Compatibility<\/strong>:<br \/>\nThrustmaster T3PA \u00e9s T2PA ped\u00e1lok<\/p>\n<p><strong>Platformok<\/strong>:<br \/>\nPS, PC, XBOX<\/p>\n<p><strong>Warranty:<br \/>\n<\/strong>1 \u00e9v<\/p>","protected":false},"excerpt":{"rendered":"<p>Thrustmaster T3pa \u00e9s T2PA ped\u00e1ljaival kompatibilis load cell k\u00e9szlet. PC, Playstation \u00e9s XBox kompatibilis. F\u00e9ker\u0151vel ar\u00e1nyos jelet ad, karbantart\u00e1smentes.<\/p>","protected":false},"featured_media":10974,"template":"","meta":[],"product_brand":[],"product_cat":[84],"product_tag":[206,207,307,96,95,208],"class_list":{"0":"post-10961","1":"product","2":"type-product","3":"status-publish","4":"has-post-thumbnail","6":"product_cat-pedal","7":"product_tag-loadcell","8":"product_tag-pedal","9":"product_tag-t2pa","10":"product_tag-t3pa","11":"product_tag-thrustmaster","12":"product_tag-upgrade","14":"first","15":"instock","16":"shipping-taxable","17":"purchasable","18":"product-type-simple"},"_links":{"self":[{"href":"https:\/\/mtsimtech.hu\/en\/wp-json\/wp\/v2\/product\/10961","targetHints":{"allow":["GET"]}}],"collection":[{"href":"https:\/\/mtsimtech.hu\/en\/wp-json\/wp\/v2\/product"}],"about":[{"href":"https:\/\/mtsimtech.hu\/en\/wp-json\/wp\/v2\/types\/product"}],"wp:featuredmedia":[{"embeddable":true,"href":"https:\/\/mtsimtech.hu\/en\/wp-json\/wp\/v2\/media\/10974"}],"wp:attachment":[{"href":"https:\/\/mtsimtech.hu\/en\/wp-json\/wp\/v2\/media?parent=10961"}],"wp:term":[{"taxonomy":"product_brand","embeddable":true,"href":"https:\/\/mtsimtech.hu\/en\/wp-json\/wp\/v2\/product_brand?post=10961"},{"taxonomy":"product_cat","embeddable":true,"href":"https:\/\/mtsimtech.hu\/en\/wp-json\/wp\/v2\/product_cat?post=10961"},{"taxonomy":"product_tag","embeddable":true,"href":"https:\/\/mtsimtech.hu\/en\/wp-json\/wp\/v2\/product_tag?post=10961"}],"curies":[{"name":"wp","href":"https:\/\/api.w.org\/{rel}","templated":true}]}}