{"id":11007,"date":"2026-04-30T15:22:14","date_gmt":"2026-04-30T15:22:14","guid":{"rendered":"https:\/\/mtsimtech.hu\/?post_type=product&#038;p=11007"},"modified":"2026-04-30T15:32:11","modified_gmt":"2026-04-30T15:32:11","slug":"moza-es-r3-r5-gyari-kormany-magneses-valto-mod","status":"publish","type":"product","link":"https:\/\/mtsimtech.hu\/en\/product\/moza-es-r3-r5-gyari-kormany-magneses-valto-mod\/","title":{"rendered":"MOZA ES (R3, R5 gy\u00e1ri korm\u00e1ny) m\u00e1gneses v\u00e1lt\u00f3 mod"},"content":{"rendered":"<p>A v\u00e1lt\u00f3-moddal a gy\u00e1ri mechanizmuson t\u00fal egy m\u00e1gnes h\u00fazza vissza a v\u00e1lt\u00f3karokat az alap\u00e1llapotba. \u00cdgy sokkal realisztikusabb, hat\u00e1rozottabb lesz a v\u00e1lt\u00e1s\u00e9rzet.<\/p>\n<p>A v\u00e1lt\u00f3modhoz j\u00e1r 2db er\u0151s illetve 2db gyenge m\u00e1gnes, \u00edgy \u00f6sszesen 3 f\u00e9le er\u0151ss\u00e9gben \u00e1ll\u00edthat\u00f3 (gyenge &#8211; er\u0151s &#8211; er\u0151s+gyenge) a visszah\u00faz\u00e1s m\u00e9rt\u00e9ke.<\/p>\n<p>A felszerel\u00e9shez sz\u00fcks\u00e9ges csavarokat a csomag tartalmazza.<\/p>\n<p><strong>Kompatibilis t\u00edpusok:<\/strong><br \/>\nMOZA ES gy\u00e1ri korm\u00e1ny, ak\u00e1r Formula moddal is<\/p>\n<p><strong>Warranty:<br \/>\n<\/strong>1 year<\/p>","protected":false},"excerpt":{"rendered":"<p>A v\u00e1lt\u00f3-moddal a gy\u00e1ri mechanizmuson t\u00fal egy m\u00e1gnes h\u00fazza vissza a v\u00e1lt\u00f3karokat az alap\u00e1llapotba. \u00cdgy sokkal realisztikusabb, hat\u00e1rozottabb lesz a v\u00e1lt\u00e1s\u00e9rzet. A v\u00e1lt\u00f3modhoz j\u00e1r 2db er\u0151s illetve 2db gyenge m\u00e1gnes, \u00edgy \u00f6sszesen 3 f\u00e9le er\u0151ss\u00e9gben \u00e1ll\u00edthat\u00f3 (gyenge &#8211; er\u0151s &#8211; er\u0151s+gyenge) a visszah\u00faz\u00e1s m\u00e9rt\u00e9ke. A felszerel\u00e9shez sz\u00fcks\u00e9ges csavarokat a csomag tartalmazza. Kompatibilis t\u00edpusok: MOZA ES &#8230; <a title=\"MOZA ES (R3, R5 gy\u00e1ri korm\u00e1ny) m\u00e1gneses v\u00e1lt\u00f3 mod\" class=\"read-more\" href=\"https:\/\/mtsimtech.hu\/en\/product\/moza-es-r3-r5-gyari-kormany-magneses-valto-mod\/\">Read more<span class=\"screen-reader-text\">MOZA ES (R3, R5 gy\u00e1ri korm\u00e1ny) m\u00e1gneses v\u00e1lt\u00f3 mod<\/span><\/a><\/p>","protected":false},"featured_media":11014,"template":"","meta":[],"product_brand":[],"product_cat":[85],"product_tag":[311,216,293,308,312,215],"class_list":{"0":"post-11007","1":"product","2":"type-product","3":"status-publish","4":"has-post-thumbnail","6":"product_cat-valto","7":"product_tag-es","8":"product_tag-magneses-valtomod","9":"product_tag-moza","10":"product_tag-r3","11":"product_tag-r5","12":"product_tag-valtomod","14":"first","15":"instock","16":"shipping-taxable","17":"purchasable","18":"product-type-simple"},"_links":{"self":[{"href":"https:\/\/mtsimtech.hu\/en\/wp-json\/wp\/v2\/product\/11007","targetHints":{"allow":["GET"]}}],"collection":[{"href":"https:\/\/mtsimtech.hu\/en\/wp-json\/wp\/v2\/product"}],"about":[{"href":"https:\/\/mtsimtech.hu\/en\/wp-json\/wp\/v2\/types\/product"}],"wp:featuredmedia":[{"embeddable":true,"href":"https:\/\/mtsimtech.hu\/en\/wp-json\/wp\/v2\/media\/11014"}],"wp:attachment":[{"href":"https:\/\/mtsimtech.hu\/en\/wp-json\/wp\/v2\/media?parent=11007"}],"wp:term":[{"taxonomy":"product_brand","embeddable":true,"href":"https:\/\/mtsimtech.hu\/en\/wp-json\/wp\/v2\/product_brand?post=11007"},{"taxonomy":"product_cat","embeddable":true,"href":"https:\/\/mtsimtech.hu\/en\/wp-json\/wp\/v2\/product_cat?post=11007"},{"taxonomy":"product_tag","embeddable":true,"href":"https:\/\/mtsimtech.hu\/en\/wp-json\/wp\/v2\/product_tag?post=11007"}],"curies":[{"name":"wp","href":"https:\/\/api.w.org\/{rel}","templated":true}]}}