{"id":1321,"date":"2020-11-20T14:42:05","date_gmt":"2020-11-20T14:42:05","guid":{"rendered":"http:\/\/80.98.34.177\/?post_type=product&#038;p=1321"},"modified":"2025-11-26T07:30:14","modified_gmt":"2025-11-26T07:30:14","slug":"f1-advanced","status":"publish","type":"product","link":"https:\/\/mtsimtech.hu\/en\/product\/f1-advanced\/","title":{"rendered":"F1 Advanced"},"content":{"rendered":"<p>A korm\u00e1ny az eredeti elektronik\u00e1ra illeszkedik, \u00edgy a gombok el\u00e9rhet\u0151ek maradnak (kiv\u00e9ve G25 \u00e9s G27).<br \/>\nAJ\u00c1ND\u00c9K 32 darabos gombmatricaszett!<\/p>\n<p>Ha log\u00f3t\/m\u00e1rkajelz\u00e9st, vagy extra gombokat k\u00e9rsz a korm\u00e1nyodhoz, csak tedd a kos\u00e1rba az adott term\u00e9keket.<\/p>\n<p>Vide\u00f3\u00fatmutat\u00f3nk a felszerel\u00e9shez: https:\/\/www.youtube.com\/watch?v=Fd7UfG832BU<\/p>\n<p>A k\u00e9p csak illusztr\u00e1ci\u00f3, a korm\u00e1ny haszn\u00e1lat\u00e1hoz rendelkezned kell valamely Logitech G- sz\u00e9ri\u00e1s b\u00e1zissal.<\/p>\n<p>&nbsp;<\/p>\n<p>Ha mindh\u00e1rom testreszabhat\u00f3 elemhez &#8222;LeoCrowe&#8221; verzi\u00f3t v\u00e1lasztasz, \u00fagy automatikusan a Honda log\u00f3val ell\u00e1tott verzi\u00f3t k\u00fcldj\u00fck.<\/p>","protected":false},"excerpt":{"rendered":"<p>Logitech G29, G920, G923 kieg\u00e9sz\u00edt\u0151, F1 st\u00edlus\u00fa korm\u00e1ny<\/p>","protected":false},"featured_media":3002,"template":"","meta":[],"product_brand":[],"product_cat":[77,82],"product_tag":[80,81,213,214,78,276,283,79],"class_list":{"0":"post-1321","1":"product","2":"type-product","3":"status-publish","4":"has-post-thumbnail","6":"product_cat-kormanyok","7":"product_cat-raszerelheto-kormanyok-kormany-addon","8":"product_tag-f1","9":"product_tag-g29","10":"product_tag-g920","11":"product_tag-g923","12":"product_tag-kormany","13":"product_tag-logitech-kiegeszito","14":"product_tag-logitech-kormany","15":"product_tag-raszerelheto","17":"first","18":"instock","19":"featured","20":"shipping-taxable","21":"purchasable","22":"product-type-variable","23":"has-default-attributes"},"_links":{"self":[{"href":"https:\/\/mtsimtech.hu\/en\/wp-json\/wp\/v2\/product\/1321","targetHints":{"allow":["GET"]}}],"collection":[{"href":"https:\/\/mtsimtech.hu\/en\/wp-json\/wp\/v2\/product"}],"about":[{"href":"https:\/\/mtsimtech.hu\/en\/wp-json\/wp\/v2\/types\/product"}],"wp:featuredmedia":[{"embeddable":true,"href":"https:\/\/mtsimtech.hu\/en\/wp-json\/wp\/v2\/media\/3002"}],"wp:attachment":[{"href":"https:\/\/mtsimtech.hu\/en\/wp-json\/wp\/v2\/media?parent=1321"}],"wp:term":[{"taxonomy":"product_brand","embeddable":true,"href":"https:\/\/mtsimtech.hu\/en\/wp-json\/wp\/v2\/product_brand?post=1321"},{"taxonomy":"product_cat","embeddable":true,"href":"https:\/\/mtsimtech.hu\/en\/wp-json\/wp\/v2\/product_cat?post=1321"},{"taxonomy":"product_tag","embeddable":true,"href":"https:\/\/mtsimtech.hu\/en\/wp-json\/wp\/v2\/product_tag?post=1321"}],"curies":[{"name":"wp","href":"https:\/\/api.w.org\/{rel}","templated":true}]}}