{"id":1343,"date":"2020-11-20T15:24:41","date_gmt":"2020-11-20T15:24:41","guid":{"rendered":"http:\/\/80.98.34.177\/?post_type=product&#038;p=1343"},"modified":"2025-05-23T11:28:35","modified_gmt":"2025-05-23T11:28:35","slug":"logitech-fek-mod","status":"publish","type":"product","link":"https:\/\/mtsimtech.hu\/en\/product\/logitech-fek-mod\/","title":{"rendered":"Logitech brake mod"},"content":{"rendered":"<p>A gy\u00e1ri ped\u00e1lra kifejtett er\u0151nek egy rug\u00f3 (valamint G29 \u00e9s frissebb modellekn\u00e9l egy szivacs kocka) tart ellen.<br \/>\nA f\u00e9kmod beszerel\u00e9s\u00e9vel realisztikusabb, \u00e9s pontosabb f\u00e9khat\u00e1s \u00e9rhet\u0151 el a rugalmas anyagnak k\u00f6sz\u00f6nhet\u0151en.<br \/>\nRally: puh\u00e1bb verzi\u00f3<br \/>\nFormula: kem\u00e9nyebb verzi\u00f3<br \/>\nSzettben v\u00e1s\u00e1rolva 1400 Ft kedvezm\u00e9ny!<\/p>","protected":false},"excerpt":{"rendered":"<p>A gy\u00e1ri ped\u00e1lra kifejtett er\u0151nek egy rug\u00f3 (valamint G29 \u00e9s frissebb modellekn\u00e9l egy szivacs kocka) tart ellen. A f\u00e9kmod beszerel\u00e9s\u00e9vel realisztikusabb, \u00e9s pontosabb f\u00e9khat\u00e1s \u00e9rhet\u0151 el a rugalmas anyagnak k\u00f6sz\u00f6nhet\u0151en. Rally: puh\u00e1bb verzi\u00f3 Formula: kem\u00e9nyebb verzi\u00f3 Szettben v\u00e1s\u00e1rolva 1400 Ft kedvezm\u00e9ny!<\/p>","protected":false},"featured_media":1349,"template":"","meta":[],"product_brand":[],"product_cat":[84],"product_tag":[94,93,92],"class_list":{"0":"post-1343","1":"product","2":"type-product","3":"status-publish","4":"has-post-thumbnail","6":"product_cat-pedal","7":"product_tag-brakemod","8":"product_tag-fekmod","9":"product_tag-logitech","11":"first","12":"instock","13":"shipping-taxable","14":"purchasable","15":"product-type-variable"},"_links":{"self":[{"href":"https:\/\/mtsimtech.hu\/en\/wp-json\/wp\/v2\/product\/1343","targetHints":{"allow":["GET"]}}],"collection":[{"href":"https:\/\/mtsimtech.hu\/en\/wp-json\/wp\/v2\/product"}],"about":[{"href":"https:\/\/mtsimtech.hu\/en\/wp-json\/wp\/v2\/types\/product"}],"wp:featuredmedia":[{"embeddable":true,"href":"https:\/\/mtsimtech.hu\/en\/wp-json\/wp\/v2\/media\/1349"}],"wp:attachment":[{"href":"https:\/\/mtsimtech.hu\/en\/wp-json\/wp\/v2\/media?parent=1343"}],"wp:term":[{"taxonomy":"product_brand","embeddable":true,"href":"https:\/\/mtsimtech.hu\/en\/wp-json\/wp\/v2\/product_brand?post=1343"},{"taxonomy":"product_cat","embeddable":true,"href":"https:\/\/mtsimtech.hu\/en\/wp-json\/wp\/v2\/product_cat?post=1343"},{"taxonomy":"product_tag","embeddable":true,"href":"https:\/\/mtsimtech.hu\/en\/wp-json\/wp\/v2\/product_tag?post=1343"}],"curies":[{"name":"wp","href":"https:\/\/api.w.org\/{rel}","templated":true}]}}