{"id":1358,"date":"2020-11-20T19:26:27","date_gmt":"2020-11-20T19:26:27","guid":{"rendered":"http:\/\/80.98.34.177\/?post_type=product&#038;p=1358"},"modified":"2024-06-27T05:14:28","modified_gmt":"2024-06-27T05:14:28","slug":"t3pa-fekmod","status":"publish","type":"product","link":"https:\/\/mtsimtech.hu\/en\/product\/t3pa-fekmod\/","title":{"rendered":"T3PA brake mod"},"content":{"rendered":"<p><span style=\"font-weight: 500;\">A f\u00e9kmod beszerel\u00e9s\u00e9vel realisztikusabb, \u00e9s pontosabb f\u00e9khat\u00e1s \u00e9rhet\u0151 el a rugalmas anyagnak k\u00f6sz\u00f6nhet\u0151en.<\/span> <span style=\"font-weight: 500;\"><br \/>\n<\/span><\/p>\n<p><span style=\"font-weight: 500;\">Rally:<\/span> <span style=\"font-weight: 500;\">puh\u00e1bb verzi\u00f3<\/span><\/p>\n<p><span style=\"font-weight: 500;\">Formula: <\/span> <span style=\"font-weight: 500;\">kem\u00e9nyebb verzi\u00f3<\/span><\/p>\n<p><span style=\"font-weight: 500;\">Szettben v\u00e1s\u00e1rolva 1400 Ft kedvezm\u00e9ny!<\/span><\/p>","protected":false},"excerpt":{"rendered":"<p>A f\u00e9kmod beszerel\u00e9s\u00e9vel realisztikusabb, \u00e9s pontosabb f\u00e9khat\u00e1s \u00e9rhet\u0151 el a rugalmas anyagnak k\u00f6sz\u00f6nhet\u0151en. Rally: puh\u00e1bb verzi\u00f3 Formula: kem\u00e9nyebb verzi\u00f3 Szettben v\u00e1s\u00e1rolva 1400 Ft kedvezm\u00e9ny!<\/p>","protected":false},"featured_media":1374,"template":"","meta":[],"product_brand":[],"product_cat":[84],"product_tag":[94,93,96,95],"class_list":{"0":"post-1358","1":"product","2":"type-product","3":"status-publish","4":"has-post-thumbnail","6":"product_cat-pedal","7":"product_tag-brakemod","8":"product_tag-fekmod","9":"product_tag-t3pa","10":"product_tag-thrustmaster","12":"first","13":"instock","14":"shipping-taxable","15":"purchasable","16":"product-type-variable"},"_links":{"self":[{"href":"https:\/\/mtsimtech.hu\/en\/wp-json\/wp\/v2\/product\/1358","targetHints":{"allow":["GET"]}}],"collection":[{"href":"https:\/\/mtsimtech.hu\/en\/wp-json\/wp\/v2\/product"}],"about":[{"href":"https:\/\/mtsimtech.hu\/en\/wp-json\/wp\/v2\/types\/product"}],"wp:featuredmedia":[{"embeddable":true,"href":"https:\/\/mtsimtech.hu\/en\/wp-json\/wp\/v2\/media\/1374"}],"wp:attachment":[{"href":"https:\/\/mtsimtech.hu\/en\/wp-json\/wp\/v2\/media?parent=1358"}],"wp:term":[{"taxonomy":"product_brand","embeddable":true,"href":"https:\/\/mtsimtech.hu\/en\/wp-json\/wp\/v2\/product_brand?post=1358"},{"taxonomy":"product_cat","embeddable":true,"href":"https:\/\/mtsimtech.hu\/en\/wp-json\/wp\/v2\/product_cat?post=1358"},{"taxonomy":"product_tag","embeddable":true,"href":"https:\/\/mtsimtech.hu\/en\/wp-json\/wp\/v2\/product_tag?post=1358"}],"curies":[{"name":"wp","href":"https:\/\/api.w.org\/{rel}","templated":true}]}}