{"id":1383,"date":"2020-11-21T21:33:43","date_gmt":"2020-11-21T21:33:43","guid":{"rendered":"http:\/\/80.98.34.177\/?post_type=product&#038;p=1383"},"modified":"2026-01-28T07:49:36","modified_gmt":"2026-01-28T07:49:36","slug":"t-lcm-fekmod","status":"publish","type":"product","link":"https:\/\/mtsimtech.hu\/en\/product\/t-lcm-fekmod\/","title":{"rendered":"T-LCM brake mod"},"content":{"rendered":"<p><span style=\"font-weight: 500;\">A f\u00e9kmod beszerel\u00e9s\u00e9vel realisztikusabb, \u00e9s pontosabb f\u00e9khat\u00e1s \u00e9rhet\u0151 el a rugalmas anyagnak k\u00f6sz\u00f6nhet\u0151en.<br \/>\n<\/span><span style=\"font-weight: 500;\">Ha csak egy darabot rendelsz, \u00fagy egy rug\u00f3 is bent kell, hogy maradjon mellette. Ha azt szeretn\u00e9d, hogy kiz\u00e1r\u00f3lag elasztomert nyomj \u00f6ssze a f\u00e9kez\u00e9s sor\u00e1n, \u00fagy v\u00e1laszd a k\u00e9t darabot verzi\u00f3t.<br \/>\n<\/span><span style=\"font-weight: 500;\"><br \/>\nRally:<\/span> <span style=\"font-weight: 500;\">puh\u00e1bb verzi\u00f3<\/span><\/p>\n<p><span style=\"font-weight: 500;\">Formula: <\/span> <span style=\"font-weight: 500;\">kem\u00e9nyebb verzi\u00f3<\/span><\/p>\n<p>Rally+Formula: mindk\u00e9t kem\u00e9nys\u00e9gb\u0151l kapsz 1-1, vagy 2-2 darabot, \u00edgy tetsz\u0151legesen tudod kombin\u00e1lni.<\/p>","protected":false},"excerpt":{"rendered":"<p>A f\u00e9kmod beszerel\u00e9s\u00e9vel realisztikusabb, \u00e9s pontosabb f\u00e9khat\u00e1s \u00e9rhet\u0151 el a rugalmas anyagnak k\u00f6sz\u00f6nhet\u0151en. Ha csak egy darabot rendelsz, \u00fagy egy rug\u00f3 is bent kell, hogy maradjon mellette. Ha azt szeretn\u00e9d, hogy kiz\u00e1r\u00f3lag elasztomert nyomj \u00f6ssze a f\u00e9kez\u00e9s sor\u00e1n, \u00fagy v\u00e1laszd a k\u00e9t darabot verzi\u00f3t. Rally: puh\u00e1bb verzi\u00f3 Formula: kem\u00e9nyebb verzi\u00f3 Rally+Formula: mindk\u00e9t kem\u00e9nys\u00e9gb\u0151l kapsz 1-1, &#8230; <a title=\"T-LCM brake mod\" class=\"read-more\" href=\"https:\/\/mtsimtech.hu\/en\/product\/t-lcm-fekmod\/\">Read more<span class=\"screen-reader-text\">T-LCM brake mod<\/span><\/a><\/p>","protected":false},"featured_media":1844,"template":"","meta":[],"product_brand":[],"product_cat":[84],"product_tag":[94,93,100,95],"class_list":{"0":"post-1383","1":"product","2":"type-product","3":"status-publish","4":"has-post-thumbnail","6":"product_cat-pedal","7":"product_tag-brakemod","8":"product_tag-fekmod","9":"product_tag-t-lcm","10":"product_tag-thrustmaster","12":"first","13":"instock","14":"shipping-taxable","15":"purchasable","16":"product-type-variable"},"_links":{"self":[{"href":"https:\/\/mtsimtech.hu\/en\/wp-json\/wp\/v2\/product\/1383","targetHints":{"allow":["GET"]}}],"collection":[{"href":"https:\/\/mtsimtech.hu\/en\/wp-json\/wp\/v2\/product"}],"about":[{"href":"https:\/\/mtsimtech.hu\/en\/wp-json\/wp\/v2\/types\/product"}],"wp:featuredmedia":[{"embeddable":true,"href":"https:\/\/mtsimtech.hu\/en\/wp-json\/wp\/v2\/media\/1844"}],"wp:attachment":[{"href":"https:\/\/mtsimtech.hu\/en\/wp-json\/wp\/v2\/media?parent=1383"}],"wp:term":[{"taxonomy":"product_brand","embeddable":true,"href":"https:\/\/mtsimtech.hu\/en\/wp-json\/wp\/v2\/product_brand?post=1383"},{"taxonomy":"product_cat","embeddable":true,"href":"https:\/\/mtsimtech.hu\/en\/wp-json\/wp\/v2\/product_cat?post=1383"},{"taxonomy":"product_tag","embeddable":true,"href":"https:\/\/mtsimtech.hu\/en\/wp-json\/wp\/v2\/product_tag?post=1383"}],"curies":[{"name":"wp","href":"https:\/\/api.w.org\/{rel}","templated":true}]}}