{"id":1434,"date":"2020-12-09T19:42:44","date_gmt":"2020-12-09T19:42:44","guid":{"rendered":"https:\/\/mtsimtech.hu\/?post_type=product&#038;p=1434"},"modified":"2024-08-16T10:18:19","modified_gmt":"2024-08-16T10:18:19","slug":"thrustmaster-magneses-valto-mod","status":"publish","type":"product","link":"https:\/\/mtsimtech.hu\/en\/product\/thrustmaster-magneses-valto-mod\/","title":{"rendered":"Thrustmaster magnetic shifter mod"},"content":{"rendered":"<p>A v\u00e1lt\u00f3-moddal a gy\u00e1rival ellent\u00e9tben egy m\u00e1gnes r\u00e1ntja a v\u00e1lt\u00f3karokat mag\u00e1hoz. \u00cdgy sokkal realisztikusabb, hat\u00e1rozottabb lesz a v\u00e1lt\u00e1s\u00e9rzet.<br \/>\nKompatibilis t\u00edpusok:<br \/>\nT150, TMX, Thrustmaster quick release rendszer\u00e9nek korm\u00e1nyai (T300 gy\u00e1ri perec, Ferrari Alcantara, Ferrari 488 Challenge, Open Wheel)<\/p>","protected":false},"excerpt":{"rendered":"<p>A v\u00e1lt\u00f3-moddal a gy\u00e1rival ellent\u00e9tben egy m\u00e1gnes r\u00e1ntja a v\u00e1lt\u00f3karokat mag\u00e1hoz. \u00cdgy sokkal realisztikusabb, hat\u00e1rozottabb lesz a v\u00e1lt\u00e1s\u00e9rzet. Kompatibilis t\u00edpusok: T150, TMX, Thrustmaster quick release rendszer\u00e9nek korm\u00e1nyai (T300 gy\u00e1ri perec, Ferrari Alcantara, Ferrari 488 Challenge, Open Wheel)<\/p>","protected":false},"featured_media":3454,"template":"","meta":[],"product_brand":[],"product_cat":[85],"product_tag":[105,107,106],"class_list":{"0":"post-1434","1":"product","2":"type-product","3":"status-publish","4":"has-post-thumbnail","6":"product_cat-valto","7":"product_tag-magnetic-shifter-mod","8":"product_tag-valto","9":"product_tag-valto-mod","11":"first","12":"instock","13":"shipping-taxable","14":"purchasable","15":"product-type-variable"},"_links":{"self":[{"href":"https:\/\/mtsimtech.hu\/en\/wp-json\/wp\/v2\/product\/1434","targetHints":{"allow":["GET"]}}],"collection":[{"href":"https:\/\/mtsimtech.hu\/en\/wp-json\/wp\/v2\/product"}],"about":[{"href":"https:\/\/mtsimtech.hu\/en\/wp-json\/wp\/v2\/types\/product"}],"wp:featuredmedia":[{"embeddable":true,"href":"https:\/\/mtsimtech.hu\/en\/wp-json\/wp\/v2\/media\/3454"}],"wp:attachment":[{"href":"https:\/\/mtsimtech.hu\/en\/wp-json\/wp\/v2\/media?parent=1434"}],"wp:term":[{"taxonomy":"product_brand","embeddable":true,"href":"https:\/\/mtsimtech.hu\/en\/wp-json\/wp\/v2\/product_brand?post=1434"},{"taxonomy":"product_cat","embeddable":true,"href":"https:\/\/mtsimtech.hu\/en\/wp-json\/wp\/v2\/product_cat?post=1434"},{"taxonomy":"product_tag","embeddable":true,"href":"https:\/\/mtsimtech.hu\/en\/wp-json\/wp\/v2\/product_tag?post=1434"}],"curies":[{"name":"wp","href":"https:\/\/api.w.org\/{rel}","templated":true}]}}