{"id":1472,"date":"2020-12-13T19:34:22","date_gmt":"2020-12-13T19:34:22","guid":{"rendered":"https:\/\/mtsimtech.hu\/?post_type=product&#038;p=1472"},"modified":"2025-07-03T12:32:18","modified_gmt":"2025-07-03T12:32:18","slug":"thrustmaster-6x70mm-quick-release-adapter","status":"publish","type":"product","link":"https:\/\/mtsimtech.hu\/en\/product\/thrustmaster-6x70mm-quick-release-adapter\/","title":{"rendered":"Thrustmaster \u2013 6x70mm \u2013 Quick-release adapter"},"content":{"rendered":"<p>Thrustmaster Quick-release b\u00e1zisokra teszi lehet\u0151v\u00e9, hagyom\u00e1nyos 70mm-es oszt\u00f3k\u00f6r\u0171 korm\u00e1nyok (pl. m\u00e9lyagyas, vagy s\u00edk &#8222;drift&#8221;) korm\u00e1nyok felszerel\u00e9s\u00e9t.<\/p>\n<p>Sz\u00e9nsz\u00e1las text\u00fara.<\/p>\n<p>A szett tartalmazza a korm\u00e1ny felszerel\u00e9s\u00e9hez sz\u00fcks\u00e9ges csavarokat, csavarany\u00e1kat \u00e9s imbuszkulcsot.<\/p>\n<p>&nbsp;<\/p>\n<p><strong>Warranty:<\/strong><\/p>\n<p><strong>1 \u00e9v<\/strong><\/p>","protected":false},"excerpt":{"rendered":"<p>Thrustmaster Quick-release b\u00e1zisokra teszi lehet\u0151v\u00e9, hagyom\u00e1nyos 70mm-es oszt\u00f3k\u00f6r\u0171 korm\u00e1nyok (pl. m\u00e9lyagyas, vagy s\u00edk &#8222;drift&#8221;) korm\u00e1nyok felszerel\u00e9s\u00e9t. Sz\u00e9nsz\u00e1las text\u00fara. A szett tartalmazza a korm\u00e1ny felszerel\u00e9s\u00e9hez sz\u00fcks\u00e9ges csavarokat, csavarany\u00e1kat \u00e9s imbuszkulcsot. &nbsp; Garancia: 1 \u00e9v<\/p>","protected":false},"featured_media":10332,"template":"","meta":[],"product_brand":[],"product_cat":[139,77],"product_tag":[108,110,109,78,95],"class_list":{"0":"post-1472","1":"product","2":"type-product","3":"status-publish","4":"has-post-thumbnail","6":"product_cat-kormany-adapterek","7":"product_cat-kormanyok","8":"product_tag-70mm","9":"product_tag-adapter","10":"product_tag-dirft","11":"product_tag-kormany","12":"product_tag-thrustmaster","14":"first","15":"instock","16":"shipping-taxable","17":"purchasable","18":"product-type-simple"},"_links":{"self":[{"href":"https:\/\/mtsimtech.hu\/en\/wp-json\/wp\/v2\/product\/1472","targetHints":{"allow":["GET"]}}],"collection":[{"href":"https:\/\/mtsimtech.hu\/en\/wp-json\/wp\/v2\/product"}],"about":[{"href":"https:\/\/mtsimtech.hu\/en\/wp-json\/wp\/v2\/types\/product"}],"wp:featuredmedia":[{"embeddable":true,"href":"https:\/\/mtsimtech.hu\/en\/wp-json\/wp\/v2\/media\/10332"}],"wp:attachment":[{"href":"https:\/\/mtsimtech.hu\/en\/wp-json\/wp\/v2\/media?parent=1472"}],"wp:term":[{"taxonomy":"product_brand","embeddable":true,"href":"https:\/\/mtsimtech.hu\/en\/wp-json\/wp\/v2\/product_brand?post=1472"},{"taxonomy":"product_cat","embeddable":true,"href":"https:\/\/mtsimtech.hu\/en\/wp-json\/wp\/v2\/product_cat?post=1472"},{"taxonomy":"product_tag","embeddable":true,"href":"https:\/\/mtsimtech.hu\/en\/wp-json\/wp\/v2\/product_tag?post=1472"}],"curies":[{"name":"wp","href":"https:\/\/api.w.org\/{rel}","templated":true}]}}