{"id":1520,"date":"2021-01-01T15:00:09","date_gmt":"2021-01-01T15:00:09","guid":{"rendered":"https:\/\/mtsimtech.hu\/?post_type=product&#038;p=1520"},"modified":"2025-11-26T07:26:40","modified_gmt":"2025-11-26T07:26:40","slug":"szimulator-logitech-telefontarto","status":"publish","type":"product","link":"https:\/\/mtsimtech.hu\/en\/product\/szimulator-logitech-telefontarto\/","title":{"rendered":"Logitech phone mount"},"content":{"rendered":"<p>Ha plusz kijelz\u0151t szeretn\u00e9l cockpitedhez, ahhoz telefonodat is haszn\u00e1lhatod!<br \/>\nA <a href=\"https:\/\/www.simhubdash.com\/\">SimHub<\/a> seg\u00edts\u00e9g\u00e9vel WiFin kereszt\u00fcl sz\u00e1mtalan kijelz\u0151elrendez\u00e9s k\u00f6z\u00fcl v\u00e1laszthatsz!<\/p>\n<p>Sz\u00e9nsz\u00e1l mint\u00e1s telefontart\u00f3nk sz\u00e9less\u00e9ge \u00e9s magass\u00e1ga \u00e1ll\u00edthat\u00f3, k\u00f6nnyen neked k\u00e9nyelmes helyzetbe \u00e1ll\u00edthatod azt.<\/p>\n<p>A csomag minden sz\u00fcks\u00e9ges csavart, \u00e9s egy 1.5-es imbusz kulcsot is tartalmaz.<\/p>\n<p>A tart\u00f3 maximum 24 cm. sz\u00e9les eszk\u00f6zt k\u00e9pes befogni.<\/p>","protected":false},"excerpt":{"rendered":"<p>Logitech kieg\u00e9sz\u00edt\u0151, mellyel telefonod kijelz\u0151k\u00e9nt haszn\u00e1lhatod.<\/p>","protected":false},"featured_media":5455,"template":"","meta":[],"product_brand":[],"product_cat":[138],"product_tag":[92,276,280],"class_list":{"0":"post-1520","1":"product","2":"type-product","3":"status-publish","4":"has-post-thumbnail","6":"product_cat-telefontartok","7":"product_tag-logitech","8":"product_tag-logitech-kiegeszito","9":"product_tag-logitech-kijelzo","11":"first","12":"instock","13":"shipping-taxable","14":"purchasable","15":"product-type-simple"},"_links":{"self":[{"href":"https:\/\/mtsimtech.hu\/en\/wp-json\/wp\/v2\/product\/1520","targetHints":{"allow":["GET"]}}],"collection":[{"href":"https:\/\/mtsimtech.hu\/en\/wp-json\/wp\/v2\/product"}],"about":[{"href":"https:\/\/mtsimtech.hu\/en\/wp-json\/wp\/v2\/types\/product"}],"wp:featuredmedia":[{"embeddable":true,"href":"https:\/\/mtsimtech.hu\/en\/wp-json\/wp\/v2\/media\/5455"}],"wp:attachment":[{"href":"https:\/\/mtsimtech.hu\/en\/wp-json\/wp\/v2\/media?parent=1520"}],"wp:term":[{"taxonomy":"product_brand","embeddable":true,"href":"https:\/\/mtsimtech.hu\/en\/wp-json\/wp\/v2\/product_brand?post=1520"},{"taxonomy":"product_cat","embeddable":true,"href":"https:\/\/mtsimtech.hu\/en\/wp-json\/wp\/v2\/product_cat?post=1520"},{"taxonomy":"product_tag","embeddable":true,"href":"https:\/\/mtsimtech.hu\/en\/wp-json\/wp\/v2\/product_tag?post=1520"}],"curies":[{"name":"wp","href":"https:\/\/api.w.org\/{rel}","templated":true}]}}