{"id":1561,"date":"2021-01-09T20:41:11","date_gmt":"2021-01-09T20:41:11","guid":{"rendered":"https:\/\/mtsimtech.hu\/?post_type=product&#038;p=1561"},"modified":"2021-01-11T20:57:56","modified_gmt":"2021-01-11T20:57:56","slug":"palya-sziluett-kulcstarto-versenypalya-kulcstarto","status":"publish","type":"product","link":"https:\/\/mtsimtech.hu\/en\/product\/palya-sziluett-kulcstarto-versenypalya-kulcstarto\/","title":{"rendered":"Track silhouette keychain"},"content":{"rendered":"<p>Kulcskarik\u00e1ra f\u0171zhet\u0151 (~5 cm-es) p\u00e1lyasziluett &#8211; tetsz\u0151leges p\u00e1ly\u00e1val k\u00e9rhet\u0151, k\u00fcldd el a p\u00e1lya nev\u00e9t\/rajz\u00e1t, \u00e9s elk\u00e9sz\u00edtj\u00fck. V\u00e1laszthat\u00f3 sz\u00ednben (fekete, k\u00e9k, feh\u00e9r, piros, s\u00e1rga, z\u00f6ld, sz\u00fcrke&#8230;)<\/p>","protected":false},"excerpt":{"rendered":"<p>Kulcskarik\u00e1ra f\u0171zhet\u0151 (~5 cm-es) p\u00e1lyasziluett &#8211; tetsz\u0151leges p\u00e1ly\u00e1val k\u00e9rhet\u0151, k\u00fcldd el a p\u00e1lya nev\u00e9t\/rajz\u00e1t, \u00e9s elk\u00e9sz\u00edtj\u00fck. V\u00e1laszthat\u00f3 sz\u00ednben (fekete, k\u00e9k, feh\u00e9r, piros, s\u00e1rga, z\u00f6ld, sz\u00fcrke&#8230;)<\/p>","protected":false},"featured_media":1557,"template":"","meta":[],"product_brand":[],"product_cat":[101],"product_tag":[],"class_list":{"0":"post-1561","1":"product","2":"type-product","3":"status-publish","4":"has-post-thumbnail","6":"product_cat-egyeb","8":"first","9":"instock","10":"shipping-taxable","11":"purchasable","12":"product-type-simple"},"_links":{"self":[{"href":"https:\/\/mtsimtech.hu\/en\/wp-json\/wp\/v2\/product\/1561","targetHints":{"allow":["GET"]}}],"collection":[{"href":"https:\/\/mtsimtech.hu\/en\/wp-json\/wp\/v2\/product"}],"about":[{"href":"https:\/\/mtsimtech.hu\/en\/wp-json\/wp\/v2\/types\/product"}],"wp:featuredmedia":[{"embeddable":true,"href":"https:\/\/mtsimtech.hu\/en\/wp-json\/wp\/v2\/media\/1557"}],"wp:attachment":[{"href":"https:\/\/mtsimtech.hu\/en\/wp-json\/wp\/v2\/media?parent=1561"}],"wp:term":[{"taxonomy":"product_brand","embeddable":true,"href":"https:\/\/mtsimtech.hu\/en\/wp-json\/wp\/v2\/product_brand?post=1561"},{"taxonomy":"product_cat","embeddable":true,"href":"https:\/\/mtsimtech.hu\/en\/wp-json\/wp\/v2\/product_cat?post=1561"},{"taxonomy":"product_tag","embeddable":true,"href":"https:\/\/mtsimtech.hu\/en\/wp-json\/wp\/v2\/product_tag?post=1561"}],"curies":[{"name":"wp","href":"https:\/\/api.w.org\/{rel}","templated":true}]}}