{"id":1726,"date":"2021-01-31T19:41:10","date_gmt":"2021-01-31T19:41:10","guid":{"rendered":"https:\/\/mtsimtech.hu\/?post_type=product&#038;p=1726"},"modified":"2024-07-10T16:25:52","modified_gmt":"2024-07-10T16:25:52","slug":"szekvencialis-valtogomb","status":"publish","type":"product","link":"https:\/\/mtsimtech.hu\/en\/product\/szekvencialis-valtogomb\/","title":{"rendered":"Sequential shifter button"},"content":{"rendered":"<p>Ha szekvenci\u00e1lis v\u00e1lt\u00f3k\u00e9nt haszn\u00e1ln\u00e1d a H v\u00e1lt\u00f3dat vagy csak sim\u00e1n bej\u00f6n a szekvenci\u00e1lis v\u00e1lt\u00f3karok st\u00edlusa &#8211; \u00e9rdemes felszerelned.<\/p>\n<p>M\u00e9retek:<br \/>\n140 mm hossz; 40 mm \u00e1tm\u00e9r\u0151.<\/p>\n<p>A biztos r\u00f6gz\u00edt\u00e9sr\u0151l k\u00e9t, gyakorlatilag \u00e9szrevehetetlen imbuszos (1.5-\u00f6s m\u00e9ret) csavar gondoskodik.<\/p>\n<p>&nbsp;<\/p>\n<p>Kompatibilit\u00e1s: Logitech H v\u00e1lt\u00f3k (Driving Force GT, G27 v\u00e1lt\u00f3, G25 v\u00e1lt\u00f3), Thrustmaster TH8A (Fanatec v\u00e1lt\u00f3 eset\u00e9n keress meg benn\u00fcnket el\u00e9rhet\u0151s\u00e9geink egyik\u00e9n.)<\/p>","protected":false},"excerpt":{"rendered":"<p>Ha szekvenci\u00e1lis v\u00e1lt\u00f3k\u00e9nt haszn\u00e1ln\u00e1d a H v\u00e1lt\u00f3dat vagy csak sim\u00e1n bej\u00f6n a szekvenci\u00e1lis v\u00e1lt\u00f3karok st\u00edlusa &#8211; \u00e9rdemes felszerelned. M\u00e9retek: 140 mm hossz; 40 mm \u00e1tm\u00e9r\u0151. A biztos r\u00f6gz\u00edt\u00e9sr\u0151l k\u00e9t, gyakorlatilag \u00e9szrevehetetlen imbuszos (1.5-\u00f6s m\u00e9ret) csavar gondoskodik. &nbsp; Kompatibilit\u00e1s: Logitech H v\u00e1lt\u00f3k (Driving Force GT, G27 v\u00e1lt\u00f3, G25 v\u00e1lt\u00f3), Thrustmaster TH8A (Fanatec v\u00e1lt\u00f3 eset\u00e9n keress meg &#8230; <a title=\"Sequential shifter button\" class=\"read-more\" href=\"https:\/\/mtsimtech.hu\/en\/product\/szekvencialis-valtogomb\/\">Read more<span class=\"screen-reader-text\">Sequential shifter button<\/span><\/a><\/p>","protected":false},"featured_media":3461,"template":"","meta":[],"product_brand":[],"product_cat":[85],"product_tag":[99,98,97,120,121],"class_list":{"0":"post-1726","1":"product","2":"type-product","3":"status-publish","4":"has-post-thumbnail","6":"product_cat-valto","7":"product_tag-handbrake","8":"product_tag-sequential","9":"product_tag-shifter","10":"product_tag-shifterknob","11":"product_tag-valtogomb","13":"first","14":"instock","15":"shipping-taxable","16":"purchasable","17":"product-type-variable"},"_links":{"self":[{"href":"https:\/\/mtsimtech.hu\/en\/wp-json\/wp\/v2\/product\/1726","targetHints":{"allow":["GET"]}}],"collection":[{"href":"https:\/\/mtsimtech.hu\/en\/wp-json\/wp\/v2\/product"}],"about":[{"href":"https:\/\/mtsimtech.hu\/en\/wp-json\/wp\/v2\/types\/product"}],"wp:featuredmedia":[{"embeddable":true,"href":"https:\/\/mtsimtech.hu\/en\/wp-json\/wp\/v2\/media\/3461"}],"wp:attachment":[{"href":"https:\/\/mtsimtech.hu\/en\/wp-json\/wp\/v2\/media?parent=1726"}],"wp:term":[{"taxonomy":"product_brand","embeddable":true,"href":"https:\/\/mtsimtech.hu\/en\/wp-json\/wp\/v2\/product_brand?post=1726"},{"taxonomy":"product_cat","embeddable":true,"href":"https:\/\/mtsimtech.hu\/en\/wp-json\/wp\/v2\/product_cat?post=1726"},{"taxonomy":"product_tag","embeddable":true,"href":"https:\/\/mtsimtech.hu\/en\/wp-json\/wp\/v2\/product_tag?post=1726"}],"curies":[{"name":"wp","href":"https:\/\/api.w.org\/{rel}","templated":true}]}}