{"id":1816,"date":"2021-02-20T08:35:41","date_gmt":"2021-02-20T08:35:41","guid":{"rendered":"https:\/\/mtsimtech.hu\/?post_type=product&#038;p=1816"},"modified":"2026-01-13T14:41:31","modified_gmt":"2026-01-13T14:41:31","slug":"wrc-szimulator-kezifek","status":"publish","type":"product","link":"https:\/\/mtsimtech.hu\/en\/product\/wrc-szimulator-kezifek\/","title":{"rendered":"WRC simulator handbrake"},"content":{"rendered":"<p><span style=\"color: #000000;\">A k\u00e9zif\u00e9k egy val\u00f3di hidraulikus k\u00e9zif\u00e9kb\u0151l ker\u00fcl \u00e1talak\u00edt\u00e1sra, tartalmaz egy hall-szenzor alap\u00fa elektronik\u00e1t, mely USB k\u00e1belen kereszt\u00fcl csatlakoztathat\u00f3 PC-hez, Plug&amp;Play.<\/span><\/p>\n<p><span style=\"color: #000000;\"><strong>Key features:<\/strong><\/span><\/p>\n<ul>\n<li><span style=\"color: #000000;\">Egyszer\u0171en \u00e1ll\u00edthat\u00f3 er\u0151ss\u00e9g: Az anyacsavar megh\u00faz\u00e1s\u00e1val k\u00f6nnyebb\u00e9\/nehezebb\u00e9 teheted a k\u00e9zif\u00e9k ellen\u00e1ll\u00e1s\u00e1t<\/span>\n<ul>\n<li>A csavarokkal r\u00f6gz\u00edtett, munkahengeres verzi\u00f3t er\u0151sebb (20 N\/mm) rug\u00f3val szerelj\u00fck<\/li>\n<li>Az asztali tart\u00f3kkal r\u00f6gz\u00edtett \u00e9s\/vagy munkahenger n\u00e9lk\u00fcli verzi\u00f3kat l\u00e1gyabb (10 N\/mm) rug\u00f3val szerelj\u00fck<\/li>\n<li>Ha ezen m\u00e9gis v\u00e1ltoztatn\u00e1l, \u00fagy a -&gt; <a href=\"https:\/\/mtsimtech.hu\/en\/product\/pedal-rugo\/\">rug\u00f3kn\u00e1l<\/a> &lt;- you can add stiff\/soft spring for handbrake.<\/li>\n<\/ul>\n<\/li>\n<li><span style=\"color: #000000;\">Hall szenzor alap\u00fa m\u0171k\u00f6d\u00e9s: A sokkal strapab\u00edr\u00f3bb hall szenzor miatt nem kell agg\u00f3dnod az elkoszol\u00f3d\u00e1s\/elkop\u00e1s miatt<\/span><\/li>\n<li><span style=\"color: #000000;\">Beh\u00faz\u00e1s m\u00e9rt\u00e9k\u00e9vel ar\u00e1nyos f\u00e9ker\u0151, nem csup\u00e1n gombk\u00e9nt funkcion\u00e1l<\/span><\/li>\n<li><span style=\"color: #000000;\">Automatically recognised by your computer, no need to install any software<\/span><\/li>\n<\/ul>\n<p><span style=\"color: #000000;\"><strong>The package also includes:<\/strong><\/span><\/p>\n<ul>\n<li><span style=\"color: #000000;\">A v\u00e1lasztott r\u00f6gz\u00edt\u0151 elemeket<\/span><\/li>\n<li><span style=\"color: #000000;\">1,7 m-es USB k\u00e1belt a csatlakoztat\u00e1shoz<\/span><\/li>\n<li><span style=\"color: #000000;\">R\u00f6vid le\u00edr\u00e1st a kalibr\u00e1l\u00e1shoz.<\/span><\/li>\n<\/ul>\n<p><span style=\"color: #000000;\"><strong>Compatibility:<\/strong> A term\u00e9k csak PC-vel kompatibilis, konzolokkal nem m\u0171k\u00f6dik.<\/span><\/p>\n<p><span style=\"color: #000000;\"><strong>Warranty:<\/strong> 1 year.<\/span><\/p>","protected":false},"excerpt":{"rendered":"<p>A k\u00e9zif\u00e9k egy val\u00f3di hidraulikus k\u00e9zif\u00e9kb\u0151l ker\u00fcl \u00e1talak\u00edt\u00e1sra, tartalmaz egy hall-szenzor alap\u00fa elektronik\u00e1t, mely USB k\u00e1belen kereszt\u00fcl csatlakoztathat\u00f3 PC-hez, Plug&amp;Play. F\u0151bb tulajdons\u00e1gai: Egyszer\u0171en \u00e1ll\u00edthat\u00f3 er\u0151ss\u00e9g: Az anyacsavar megh\u00faz\u00e1s\u00e1val k\u00f6nnyebb\u00e9\/nehezebb\u00e9 teheted a k\u00e9zif\u00e9k ellen\u00e1ll\u00e1s\u00e1t A csavarokkal r\u00f6gz\u00edtett, munkahengeres verzi\u00f3t er\u0151sebb (20 N\/mm) rug\u00f3val szerelj\u00fck Az asztali tart\u00f3kkal r\u00f6gz\u00edtett \u00e9s\/vagy munkahenger n\u00e9lk\u00fcli verzi\u00f3kat l\u00e1gyabb (10 N\/mm) rug\u00f3val &#8230; <a title=\"WRC simulator handbrake\" class=\"read-more\" href=\"https:\/\/mtsimtech.hu\/en\/product\/wrc-szimulator-kezifek\/\">Read more<span class=\"screen-reader-text\">WRC simulator handbrake<\/span><\/a><\/p>","protected":false},"featured_media":3151,"template":"","meta":[],"product_brand":[],"product_cat":[137,135],"product_tag":[99],"class_list":{"0":"post-1816","1":"product","2":"type-product","3":"status-publish","4":"has-post-thumbnail","6":"product_cat-kezifekek","7":"product_cat-kiegeszitok","8":"product_tag-handbrake","10":"first","11":"instock","12":"shipping-taxable","13":"purchasable","14":"product-type-variable","15":"has-default-attributes"},"_links":{"self":[{"href":"https:\/\/mtsimtech.hu\/en\/wp-json\/wp\/v2\/product\/1816","targetHints":{"allow":["GET"]}}],"collection":[{"href":"https:\/\/mtsimtech.hu\/en\/wp-json\/wp\/v2\/product"}],"about":[{"href":"https:\/\/mtsimtech.hu\/en\/wp-json\/wp\/v2\/types\/product"}],"wp:featuredmedia":[{"embeddable":true,"href":"https:\/\/mtsimtech.hu\/en\/wp-json\/wp\/v2\/media\/3151"}],"wp:attachment":[{"href":"https:\/\/mtsimtech.hu\/en\/wp-json\/wp\/v2\/media?parent=1816"}],"wp:term":[{"taxonomy":"product_brand","embeddable":true,"href":"https:\/\/mtsimtech.hu\/en\/wp-json\/wp\/v2\/product_brand?post=1816"},{"taxonomy":"product_cat","embeddable":true,"href":"https:\/\/mtsimtech.hu\/en\/wp-json\/wp\/v2\/product_cat?post=1816"},{"taxonomy":"product_tag","embeddable":true,"href":"https:\/\/mtsimtech.hu\/en\/wp-json\/wp\/v2\/product_tag?post=1816"}],"curies":[{"name":"wp","href":"https:\/\/api.w.org\/{rel}","templated":true}]}}