{"id":1999,"date":"2021-03-07T14:20:58","date_gmt":"2021-03-07T14:20:58","guid":{"rendered":"https:\/\/mtsimtech.hu\/?post_type=product&#038;p=1999"},"modified":"2023-10-17T21:21:35","modified_gmt":"2023-10-17T21:21:35","slug":"thrustmaster-telefontarto","status":"publish","type":"product","link":"https:\/\/mtsimtech.hu\/en\/product\/thrustmaster-telefontarto\/","title":{"rendered":"Thrustmaster phone mount"},"content":{"rendered":"<p>Ha plusz kijelz\u0151t szeretn\u00e9l cockpitedhez, ahhoz telefonodat is haszn\u00e1lhatod!<br \/>\nA <a href=\"https:\/\/www.simhubdash.com\/\">SimHub<\/a> seg\u00edts\u00e9g\u00e9vel WiFin kereszt\u00fcl sz\u00e1mtalan kijelz\u0151elrendez\u00e9s k\u00f6z\u00fcl v\u00e1laszthatsz!<\/p>\n<p>Sz\u00e9nsz\u00e1l mint\u00e1s telefontart\u00f3nk sz\u00e9less\u00e9ge \u00e9s magass\u00e1ga \u00e1ll\u00edthat\u00f3, k\u00f6nnyen neked k\u00e9nyelmes helyzetbe \u00e1ll\u00edthatod azt.<\/p>\n<p>A csomag minden sz\u00fcks\u00e9ges csavart, \u00e9s egy 1.5-es imbusz kulcsot is tartalmaz.<\/p>\n<p>A tart\u00f3 maximum 24 cm sz\u00e9les eszk\u00f6zt k\u00e9pes befogni.<\/p>","protected":false},"excerpt":{"rendered":"<p>Ha plusz kijelz\u0151t szeretn\u00e9l cockpitedhez, ahhoz telefonodat is haszn\u00e1lhatod! A SimHub seg\u00edts\u00e9g\u00e9vel WiFin kereszt\u00fcl sz\u00e1mtalan kijelz\u0151elrendez\u00e9s k\u00f6z\u00fcl v\u00e1laszthatsz! Sz\u00e9nsz\u00e1l mint\u00e1s telefontart\u00f3nk sz\u00e9less\u00e9ge \u00e9s magass\u00e1ga \u00e1ll\u00edthat\u00f3, k\u00f6nnyen neked k\u00e9nyelmes helyzetbe \u00e1ll\u00edthatod azt. A csomag minden sz\u00fcks\u00e9ges csavart, \u00e9s egy 1.5-es imbusz kulcsot is tartalmaz. A tart\u00f3 maximum 24 cm sz\u00e9les eszk\u00f6zt k\u00e9pes befogni.<\/p>","protected":false},"featured_media":5457,"template":"","meta":[],"product_brand":[],"product_cat":[138],"product_tag":[],"class_list":{"0":"post-1999","1":"product","2":"type-product","3":"status-publish","4":"has-post-thumbnail","6":"product_cat-telefontartok","8":"first","9":"instock","10":"shipping-taxable","11":"purchasable","12":"product-type-variable"},"_links":{"self":[{"href":"https:\/\/mtsimtech.hu\/en\/wp-json\/wp\/v2\/product\/1999","targetHints":{"allow":["GET"]}}],"collection":[{"href":"https:\/\/mtsimtech.hu\/en\/wp-json\/wp\/v2\/product"}],"about":[{"href":"https:\/\/mtsimtech.hu\/en\/wp-json\/wp\/v2\/types\/product"}],"wp:featuredmedia":[{"embeddable":true,"href":"https:\/\/mtsimtech.hu\/en\/wp-json\/wp\/v2\/media\/5457"}],"wp:attachment":[{"href":"https:\/\/mtsimtech.hu\/en\/wp-json\/wp\/v2\/media?parent=1999"}],"wp:term":[{"taxonomy":"product_brand","embeddable":true,"href":"https:\/\/mtsimtech.hu\/en\/wp-json\/wp\/v2\/product_brand?post=1999"},{"taxonomy":"product_cat","embeddable":true,"href":"https:\/\/mtsimtech.hu\/en\/wp-json\/wp\/v2\/product_cat?post=1999"},{"taxonomy":"product_tag","embeddable":true,"href":"https:\/\/mtsimtech.hu\/en\/wp-json\/wp\/v2\/product_tag?post=1999"}],"curies":[{"name":"wp","href":"https:\/\/api.w.org\/{rel}","templated":true}]}}