{"id":2029,"date":"2021-03-20T17:44:11","date_gmt":"2021-03-20T17:44:11","guid":{"rendered":"https:\/\/mtsimtech.hu\/?post_type=product&#038;p=2029"},"modified":"2023-05-28T23:23:52","modified_gmt":"2023-05-28T23:23:52","slug":"logitech-valtoful-hosszabbito","status":"publish","type":"product","link":"https:\/\/mtsimtech.hu\/en\/product\/logitech-valtoful-hosszabbito\/","title":{"rendered":"Logitech shifter paddle extender"},"content":{"rendered":"<p>A v\u00e1lt\u00f3f\u00fcl hosszabb\u00edt\u00f3val a v\u00e1lt\u00f3f\u00fclek az eredeti hely\u00fckt\u0151l kijjebb ker\u00fclnek, \u00e1ll\u00edthat\u00f3an 3.5 vagy 5 cm-rel.<br \/>\n\u00cdgy k\u00e9nyelmesebb lehet az eredeti korm\u00e1nyhoz, nagyobb 330-350mm \u00e1tm\u00e9r\u0151j\u0171 korm\u00e1nyokhoz pedig szinte elengedhetetlen kell\u00e9k, hogy megfelel\u0151en el\u00e9rd a v\u00e1lt\u00f3f\u00fcleket.<\/p>\n<p>&nbsp;<\/p>\n<p>Kompatibilis t\u00edpusok:<br \/>\nG27;G29;G920;G923<\/p>","protected":false},"excerpt":{"rendered":"<p>A v\u00e1lt\u00f3f\u00fcl hosszabb\u00edt\u00f3val a v\u00e1lt\u00f3f\u00fclek az eredeti hely\u00fckt\u0151l kijjebb ker\u00fclnek, \u00e1ll\u00edthat\u00f3an 3.5 vagy 5 cm-rel. \u00cdgy k\u00e9nyelmesebb lehet az eredeti korm\u00e1nyhoz, nagyobb 330-350mm \u00e1tm\u00e9r\u0151j\u0171 korm\u00e1nyokhoz pedig szinte elengedhetetlen kell\u00e9k, hogy megfelel\u0151en el\u00e9rd a v\u00e1lt\u00f3f\u00fcleket. &nbsp; Kompatibilis t\u00edpusok: G27;G29;G920;G923<\/p>","protected":false},"featured_media":2031,"template":"","meta":[],"product_brand":[],"product_cat":[85],"product_tag":[],"class_list":{"0":"post-2029","1":"product","2":"type-product","3":"status-publish","4":"has-post-thumbnail","6":"product_cat-valto","8":"first","9":"instock","10":"shipping-taxable","11":"purchasable","12":"product-type-simple"},"_links":{"self":[{"href":"https:\/\/mtsimtech.hu\/en\/wp-json\/wp\/v2\/product\/2029","targetHints":{"allow":["GET"]}}],"collection":[{"href":"https:\/\/mtsimtech.hu\/en\/wp-json\/wp\/v2\/product"}],"about":[{"href":"https:\/\/mtsimtech.hu\/en\/wp-json\/wp\/v2\/types\/product"}],"wp:featuredmedia":[{"embeddable":true,"href":"https:\/\/mtsimtech.hu\/en\/wp-json\/wp\/v2\/media\/2031"}],"wp:attachment":[{"href":"https:\/\/mtsimtech.hu\/en\/wp-json\/wp\/v2\/media?parent=2029"}],"wp:term":[{"taxonomy":"product_brand","embeddable":true,"href":"https:\/\/mtsimtech.hu\/en\/wp-json\/wp\/v2\/product_brand?post=2029"},{"taxonomy":"product_cat","embeddable":true,"href":"https:\/\/mtsimtech.hu\/en\/wp-json\/wp\/v2\/product_cat?post=2029"},{"taxonomy":"product_tag","embeddable":true,"href":"https:\/\/mtsimtech.hu\/en\/wp-json\/wp\/v2\/product_tag?post=2029"}],"curies":[{"name":"wp","href":"https:\/\/api.w.org\/{rel}","templated":true}]}}