{"id":2149,"date":"2021-06-12T18:05:56","date_gmt":"2021-06-12T18:05:56","guid":{"rendered":"https:\/\/mtsimtech.hu\/?post_type=product&#038;p=2149"},"modified":"2025-11-26T07:34:06","modified_gmt":"2025-11-26T07:34:06","slug":"thrustmaster-t300-70mm-adapter","status":"publish","type":"product","link":"https:\/\/mtsimtech.hu\/en\/product\/thrustmaster-t300-70mm-adapter\/","title":{"rendered":"Thrustmaster &#8222;on-top&#8221; 70mm adapter"},"content":{"rendered":"<p>Thrustmaster T300 gy\u00e1ri, Alcantara, Ferrari GTE\u00a0 (egy\u00e9b t\u00edpusokon is kipr\u00f3b\u00e1lhat\u00f3) korm\u00e1ny\u00e1ra teszi lehet\u0151v\u00e9, hogy a gy\u00e1ri elektronika teljes funkcionalit\u00e1s\u00e1nak meg\u0151rz\u00e9se mellett &#8211; hagyom\u00e1nyos 70mm-es oszt\u00f3k\u00f6r\u0171 (pl. m\u00e9lyagyas, vagy s\u00edk, &#8222;drift&#8221;, 330-350mm-es \u00e1tm\u00e9r\u0151j\u0171) korm\u00e1nyt szerelj\u00fcnk fel.<\/p>\n<p>Az adapter \u00e9s a korm\u00e1ny felszerel\u00e9s\u00e9hez sz\u00fcks\u00e9ges \u00f6sszes csavart mell\u00e9kelj\u00fck.<\/p>","protected":false},"excerpt":{"rendered":"<p>Thrustmaster T300 gy\u00e1ri, Alcantara, Ferrari GTE\u00a0 (egy\u00e9b t\u00edpusokon is kipr\u00f3b\u00e1lhat\u00f3) korm\u00e1ny\u00e1ra teszi lehet\u0151v\u00e9, hogy a gy\u00e1ri elektronika teljes funkcionalit\u00e1s\u00e1nak meg\u0151rz\u00e9se mellett &#8211; hagyom\u00e1nyos 70mm-es oszt\u00f3k\u00f6r\u0171 (pl. m\u00e9lyagyas, vagy s\u00edk, &#8222;drift&#8221;, 330-350mm-es \u00e1tm\u00e9r\u0151j\u0171) korm\u00e1nyt szerelj\u00fcnk fel. Az adapter \u00e9s a korm\u00e1ny felszerel\u00e9s\u00e9hez sz\u00fcks\u00e9ges \u00f6sszes csavart mell\u00e9kelj\u00fck.<\/p>","protected":false},"featured_media":2719,"template":"","meta":[],"product_brand":[],"product_cat":[139,77],"product_tag":[108,110,109,78],"class_list":{"0":"post-2149","1":"product","2":"type-product","3":"status-publish","4":"has-post-thumbnail","6":"product_cat-kormany-adapterek","7":"product_cat-kormanyok","8":"product_tag-70mm","9":"product_tag-adapter","10":"product_tag-dirft","11":"product_tag-kormany","13":"first","14":"instock","15":"shipping-taxable","16":"purchasable","17":"product-type-simple"},"_links":{"self":[{"href":"https:\/\/mtsimtech.hu\/en\/wp-json\/wp\/v2\/product\/2149","targetHints":{"allow":["GET"]}}],"collection":[{"href":"https:\/\/mtsimtech.hu\/en\/wp-json\/wp\/v2\/product"}],"about":[{"href":"https:\/\/mtsimtech.hu\/en\/wp-json\/wp\/v2\/types\/product"}],"wp:featuredmedia":[{"embeddable":true,"href":"https:\/\/mtsimtech.hu\/en\/wp-json\/wp\/v2\/media\/2719"}],"wp:attachment":[{"href":"https:\/\/mtsimtech.hu\/en\/wp-json\/wp\/v2\/media?parent=2149"}],"wp:term":[{"taxonomy":"product_brand","embeddable":true,"href":"https:\/\/mtsimtech.hu\/en\/wp-json\/wp\/v2\/product_brand?post=2149"},{"taxonomy":"product_cat","embeddable":true,"href":"https:\/\/mtsimtech.hu\/en\/wp-json\/wp\/v2\/product_cat?post=2149"},{"taxonomy":"product_tag","embeddable":true,"href":"https:\/\/mtsimtech.hu\/en\/wp-json\/wp\/v2\/product_tag?post=2149"}],"curies":[{"name":"wp","href":"https:\/\/api.w.org\/{rel}","templated":true}]}}