{"id":3019,"date":"2022-02-02T10:56:48","date_gmt":"2022-02-02T10:56:48","guid":{"rendered":"https:\/\/mtsimtech.hu\/?post_type=product&#038;p=3019"},"modified":"2024-12-06T12:01:01","modified_gmt":"2024-12-06T12:01:01","slug":"gt488","status":"publish","type":"product","link":"https:\/\/mtsimtech.hu\/en\/product\/gt488\/","title":{"rendered":"GT3 488"},"content":{"rendered":"<p>A k\u00f6vetkez\u0151 korm\u00e1nyunk a GT3 sz\u00e9ri\u00e1ban, amit a Ferrari 488 GT3 korm\u00e1nya ihletett.<br \/>\nA korm\u00e1ny Plug&amp;Play, teh\u00e1t semmif\u00e9le kalibr\u00e1l\u00e1sra, plusz szoftverre nincs sz\u00fcks\u00e9g. A PC-be dugva az felismeri a korm\u00e1nyt, \u00e9s a j\u00e1t\u00e9kban azonnal haszn\u00e1lhat\u00f3.<\/p>\n<p><strong>Features<\/strong><\/p>\n<p>&#8211; 11 tactile, premium buttons<br \/>\n&#8211; 2 encoders with +\/- direction<br \/>\n&#8211; 3 x 3-position switches for easy up\/down car adjustments<\/p>\n<p><strong>Grips<\/strong><\/p>\n<p>Grips are covered with quality tennis grips, which are easily replacable when worn out.<\/p>\n<p><strong>Shifters<\/strong><\/p>\n<p>A GT3 488 korm\u00e1nyunk a m\u00e1sodik gener\u00e1ci\u00f3s m\u00e1gneses v\u00e1lt\u00f3nkkal van ell\u00e1tva, ami az el\u0151z\u0151 verzi\u00f3hoz k\u00e9pest halkabb m\u0171k\u00f6d\u00e9st, illetve \u00e1ll\u00edthat\u00f3 er\u0151ss\u00e9get biztos\u00edt.<\/p>\n<p><strong>A csomag tartalma<\/strong><\/p>\n<p>&#8211; 488 GT3 Steering Wheel<br \/>\n&#8211; Additional magnets for shifter resistance adjustment<br \/>\n&#8211; 96-piece sticker set<\/p>\n<p><strong>Garancia: 1 \u00e9v<\/strong><\/p>\n<p><strong>Compatibility<\/strong><\/p>\n<p><strong>A korm\u00e1ny csak PC-vel kompatibilis!<\/strong> A korm\u00e1ny konzolokkal nem haszn\u00e1lhat\u00f3!<\/p>\n<p>Logitech G25, G27, G29, G920, G923 b\u00e1zisok eset\u00e9n az \u00e1r tartalmazza a Thrustmaster\u00e9hez hasonl\u00f3, gyorskiold\u00f3s adaptert is. Ennek felszerel\u00e9s\u00e9ben az al\u00e1bbi vide\u00f3nk seg\u00edt: https:\/\/youtu.be\/c8Tptg4yGK0<br \/>\nThrustmaster Quick-release t\u00edpusok (T300\/TX \u00e9s att\u00f3l felfel\u00e9) est\u00e9n az \u00e1r tartalmazza a Thrustmaster kompatibilis gyorskiold\u00f3t.<br \/>\nFanatec b\u00e1zisok eset\u00e9n Fanatec adapter sz\u00fcks\u00e9ges (pl. Podium Hub \/ Universal Hub)<br \/>\nEgy\u00e9b b\u00e1zis eset\u00e9n keress minket <a href=\"https:\/\/www.facebook.com\/mtsimtech\">Facebookon<\/a> vagy <a href=\"\/en\/info@mtsimtech.hu\/\">e-mailben<\/a>!<\/p>","protected":false},"excerpt":{"rendered":"<p>A k\u00f6vetkez\u0151 korm\u00e1nyunk a GT3 sz\u00e9ri\u00e1ban, amit a Ferrari 488 GT3 korm\u00e1nya ihletett. A korm\u00e1ny Plug&amp;Play, teh\u00e1t semmif\u00e9le kalibr\u00e1l\u00e1sra, plusz szoftverre nincs sz\u00fcks\u00e9g. A PC-be dugva az felismeri a korm\u00e1nyt, \u00e9s a j\u00e1t\u00e9kban azonnal haszn\u00e1lhat\u00f3. Elektronika &#8211; 11 darab taktilis, pr\u00e9mium gomb &#8211; 2 darab enk\u00f3der, +\/- ir\u00e1nnyal &#8211; 3 darab 3 \u00e1ll\u00e1s\u00fa kapcsol\u00f3, amivel &#8230; <a title=\"GT3 488\" class=\"read-more\" href=\"https:\/\/mtsimtech.hu\/en\/product\/gt488\/\">Read more<span class=\"screen-reader-text\">GT3 488<\/span><\/a><\/p>","protected":false},"featured_media":3021,"template":"","meta":[],"product_brand":[],"product_cat":[83,77],"product_tag":[90,91,89,78],"class_list":{"0":"post-3019","1":"product","2":"type-product","3":"status-publish","4":"has-post-thumbnail","6":"product_cat-elektronikas-kormany-kormany-elektronika","7":"product_cat-kormanyok","8":"product_tag-dtm","9":"product_tag-electronic","10":"product_tag-gt","11":"product_tag-kormany","13":"first","14":"onbackorder","15":"shipping-taxable","16":"purchasable","17":"product-type-variable"},"_links":{"self":[{"href":"https:\/\/mtsimtech.hu\/en\/wp-json\/wp\/v2\/product\/3019","targetHints":{"allow":["GET"]}}],"collection":[{"href":"https:\/\/mtsimtech.hu\/en\/wp-json\/wp\/v2\/product"}],"about":[{"href":"https:\/\/mtsimtech.hu\/en\/wp-json\/wp\/v2\/types\/product"}],"wp:featuredmedia":[{"embeddable":true,"href":"https:\/\/mtsimtech.hu\/en\/wp-json\/wp\/v2\/media\/3021"}],"wp:attachment":[{"href":"https:\/\/mtsimtech.hu\/en\/wp-json\/wp\/v2\/media?parent=3019"}],"wp:term":[{"taxonomy":"product_brand","embeddable":true,"href":"https:\/\/mtsimtech.hu\/en\/wp-json\/wp\/v2\/product_brand?post=3019"},{"taxonomy":"product_cat","embeddable":true,"href":"https:\/\/mtsimtech.hu\/en\/wp-json\/wp\/v2\/product_cat?post=3019"},{"taxonomy":"product_tag","embeddable":true,"href":"https:\/\/mtsimtech.hu\/en\/wp-json\/wp\/v2\/product_tag?post=3019"}],"curies":[{"name":"wp","href":"https:\/\/api.w.org\/{rel}","templated":true}]}}