{"id":3698,"date":"2022-07-20T09:54:26","date_gmt":"2022-07-20T09:54:26","guid":{"rendered":"https:\/\/mtsimtech.hu\/?post_type=product&#038;p=3698"},"modified":"2023-11-18T08:50:24","modified_gmt":"2023-11-18T08:50:24","slug":"kezifek-asztali-tarto","status":"publish","type":"product","link":"https:\/\/mtsimtech.hu\/en\/product\/kezifek-asztali-tarto\/","title":{"rendered":"Desktop mount for WRC simulator handbrake"},"content":{"rendered":"<p>3D nyomtatott Asztali r\u00f6gz\u00edt\u0151 WRC szimul\u00e1tor k\u00e9zif\u00e9k\u00fcnkh\u00f6z (https:\/\/mtsimtech.hu\/product\/wrc-szimulator-kezifek a sz\u00fcks\u00e9ges csavarokkal.<\/p>","protected":false},"excerpt":{"rendered":"<p>3D nyomtatott Asztali r\u00f6gz\u00edt\u0151 WRC szimul\u00e1tor k\u00e9zif\u00e9k\u00fcnkh\u00f6z (https:\/\/mtsimtech.hu\/product\/wrc-szimulator-kezifek a sz\u00fcks\u00e9ges csavarokkal.<\/p>","protected":false},"featured_media":5656,"template":"","meta":[],"product_brand":[],"product_cat":[137,135],"product_tag":[99],"class_list":{"0":"post-3698","1":"product","2":"type-product","3":"status-publish","4":"has-post-thumbnail","6":"product_cat-kezifekek","7":"product_cat-kiegeszitok","8":"product_tag-handbrake","10":"first","11":"instock","12":"shipping-taxable","13":"purchasable","14":"product-type-simple"},"_links":{"self":[{"href":"https:\/\/mtsimtech.hu\/en\/wp-json\/wp\/v2\/product\/3698","targetHints":{"allow":["GET"]}}],"collection":[{"href":"https:\/\/mtsimtech.hu\/en\/wp-json\/wp\/v2\/product"}],"about":[{"href":"https:\/\/mtsimtech.hu\/en\/wp-json\/wp\/v2\/types\/product"}],"wp:featuredmedia":[{"embeddable":true,"href":"https:\/\/mtsimtech.hu\/en\/wp-json\/wp\/v2\/media\/5656"}],"wp:attachment":[{"href":"https:\/\/mtsimtech.hu\/en\/wp-json\/wp\/v2\/media?parent=3698"}],"wp:term":[{"taxonomy":"product_brand","embeddable":true,"href":"https:\/\/mtsimtech.hu\/en\/wp-json\/wp\/v2\/product_brand?post=3698"},{"taxonomy":"product_cat","embeddable":true,"href":"https:\/\/mtsimtech.hu\/en\/wp-json\/wp\/v2\/product_cat?post=3698"},{"taxonomy":"product_tag","embeddable":true,"href":"https:\/\/mtsimtech.hu\/en\/wp-json\/wp\/v2\/product_tag?post=3698"}],"curies":[{"name":"wp","href":"https:\/\/api.w.org\/{rel}","templated":true}]}}