{"id":4294,"date":"2022-11-29T18:18:32","date_gmt":"2022-11-29T18:18:32","guid":{"rendered":"https:\/\/mtsimtech.hu\/?post_type=product&#038;p=4294"},"modified":"2025-06-18T09:13:09","modified_gmt":"2025-06-18T09:13:09","slug":"f1-classic-thrustmaster-edition","status":"publish","type":"product","link":"https:\/\/mtsimtech.hu\/en\/product\/f1-classic-thrustmaster-edition\/","title":{"rendered":"F1 Classic Thrustmaster Edition"},"content":{"rendered":"<p>A korm\u00e1ny az eredeti T300 korm\u00e1ny elektronik\u00e1j\u00e1ra illeszkedik, \u00edgy a gombok el\u00e9rhet\u0151ek maradnak.<br \/>\nAJ\u00c1ND\u00c9K 36 darabos gombmatricaszett!<\/p>\n<p>Mindegyik vari\u00e1ci\u00f3hoz 1 db 3D-s log\u00f3 j\u00e1r, felragasztva a korm\u00e1nyra.<\/p>\n<p>A k\u00e9p csak illusztr\u00e1ci\u00f3 , a korm\u00e1ny haszn\u00e1lat\u00e1hoz rendelkezned kell a Thrustmaster T300 gy\u00e1ri korm\u00e1ny\u00e1val (vagy m\u00e1s hasonl\u00f3 kialak\u00edt\u00e1s\u00fa pl. Ferrari Alcantara korm\u00e1nnyal).<\/p>\n<p><strong>Compatibility:<\/strong><\/p>\n<p>T300 gy\u00e1ri perec, Ferrari Alcantara<\/p>\n<p>B\u00e1rmilyen platformon (PC,PS,XBOX)<\/p>\n<p><strong>Warranty:<\/strong><\/p>\n<p>1 \u00e9v<\/p>","protected":false},"excerpt":{"rendered":"<p>A korm\u00e1ny az eredeti T300 korm\u00e1ny elektronik\u00e1j\u00e1ra illeszkedik, \u00edgy a gombok el\u00e9rhet\u0151ek maradnak. AJ\u00c1ND\u00c9K 36 darabos gombmatricaszett! Mindegyik vari\u00e1ci\u00f3hoz 1 db 3D-s log\u00f3 j\u00e1r, felragasztva a korm\u00e1nyra. A k\u00e9p csak illusztr\u00e1ci\u00f3 , a korm\u00e1ny haszn\u00e1lat\u00e1hoz rendelkezned kell a Thrustmaster T300 gy\u00e1ri korm\u00e1ny\u00e1val (vagy m\u00e1s hasonl\u00f3 kialak\u00edt\u00e1s\u00fa pl. Ferrari Alcantara korm\u00e1nnyal). Kompatibilit\u00e1s: T300 gy\u00e1ri perec, Ferrari &#8230; <a title=\"F1 Classic Thrustmaster Edition\" class=\"read-more\" href=\"https:\/\/mtsimtech.hu\/en\/product\/f1-classic-thrustmaster-edition\/\">Read more<span class=\"screen-reader-text\">F1 Classic Thrustmaster Edition<\/span><\/a><\/p>","protected":false},"featured_media":4299,"template":"","meta":[],"product_brand":[],"product_cat":[141],"product_tag":[],"class_list":{"0":"post-4294","1":"product","2":"type-product","3":"status-publish","4":"has-post-thumbnail","6":"product_cat-thrustmaster-add-on-kormanyok","8":"first","9":"instock","10":"shipping-taxable","11":"purchasable","12":"product-type-variable"},"_links":{"self":[{"href":"https:\/\/mtsimtech.hu\/en\/wp-json\/wp\/v2\/product\/4294","targetHints":{"allow":["GET"]}}],"collection":[{"href":"https:\/\/mtsimtech.hu\/en\/wp-json\/wp\/v2\/product"}],"about":[{"href":"https:\/\/mtsimtech.hu\/en\/wp-json\/wp\/v2\/types\/product"}],"wp:featuredmedia":[{"embeddable":true,"href":"https:\/\/mtsimtech.hu\/en\/wp-json\/wp\/v2\/media\/4299"}],"wp:attachment":[{"href":"https:\/\/mtsimtech.hu\/en\/wp-json\/wp\/v2\/media?parent=4294"}],"wp:term":[{"taxonomy":"product_brand","embeddable":true,"href":"https:\/\/mtsimtech.hu\/en\/wp-json\/wp\/v2\/product_brand?post=4294"},{"taxonomy":"product_cat","embeddable":true,"href":"https:\/\/mtsimtech.hu\/en\/wp-json\/wp\/v2\/product_cat?post=4294"},{"taxonomy":"product_tag","embeddable":true,"href":"https:\/\/mtsimtech.hu\/en\/wp-json\/wp\/v2\/product_tag?post=4294"}],"curies":[{"name":"wp","href":"https:\/\/api.w.org\/{rel}","templated":true}]}}