{"id":4573,"date":"2023-01-19T11:59:50","date_gmt":"2023-01-19T11:59:50","guid":{"rendered":"https:\/\/mtsimtech.hu\/?post_type=product&#038;p=4573"},"modified":"2023-07-27T19:25:56","modified_gmt":"2023-07-27T19:25:56","slug":"logitech-gazpedal-mod","status":"publish","type":"product","link":"https:\/\/mtsimtech.hu\/en\/product\/logitech-gazpedal-mod\/","title":{"rendered":"Logitech throttle mod"},"content":{"rendered":"<p>A g\u00e1zped\u00e1l-modot beszerelve a gy\u00e1ri rug\u00f3 el\u0151fesz\u00edt\u00e9s\u00e9t n\u00f6velj\u00fck meg, \u00edgy nagyobb er\u0151 kell a ped\u00e1l kezdeti lenyom\u00e1s\u00e1hoz. Az el\u0151fesz\u00edt\u00e9s 4 fokozatban \u00e1ll\u00edthat\u00f3.<\/p>","protected":false},"excerpt":{"rendered":"<p>A g\u00e1zped\u00e1l-modot beszerelve a gy\u00e1ri rug\u00f3 el\u0151fesz\u00edt\u00e9s\u00e9t n\u00f6velj\u00fck meg, \u00edgy nagyobb er\u0151 kell a ped\u00e1l kezdeti lenyom\u00e1s\u00e1hoz. Az el\u0151fesz\u00edt\u00e9s 4 fokozatban \u00e1ll\u00edthat\u00f3.<\/p>","protected":false},"featured_media":4565,"template":"","meta":[],"product_brand":[],"product_cat":[84],"product_tag":[94,93,92],"class_list":{"0":"post-4573","1":"product","2":"type-product","3":"status-publish","4":"has-post-thumbnail","6":"product_cat-pedal","7":"product_tag-brakemod","8":"product_tag-fekmod","9":"product_tag-logitech","11":"first","12":"instock","13":"shipping-taxable","14":"purchasable","15":"product-type-simple"},"_links":{"self":[{"href":"https:\/\/mtsimtech.hu\/en\/wp-json\/wp\/v2\/product\/4573","targetHints":{"allow":["GET"]}}],"collection":[{"href":"https:\/\/mtsimtech.hu\/en\/wp-json\/wp\/v2\/product"}],"about":[{"href":"https:\/\/mtsimtech.hu\/en\/wp-json\/wp\/v2\/types\/product"}],"wp:featuredmedia":[{"embeddable":true,"href":"https:\/\/mtsimtech.hu\/en\/wp-json\/wp\/v2\/media\/4565"}],"wp:attachment":[{"href":"https:\/\/mtsimtech.hu\/en\/wp-json\/wp\/v2\/media?parent=4573"}],"wp:term":[{"taxonomy":"product_brand","embeddable":true,"href":"https:\/\/mtsimtech.hu\/en\/wp-json\/wp\/v2\/product_brand?post=4573"},{"taxonomy":"product_cat","embeddable":true,"href":"https:\/\/mtsimtech.hu\/en\/wp-json\/wp\/v2\/product_cat?post=4573"},{"taxonomy":"product_tag","embeddable":true,"href":"https:\/\/mtsimtech.hu\/en\/wp-json\/wp\/v2\/product_tag?post=4573"}],"curies":[{"name":"wp","href":"https:\/\/api.w.org\/{rel}","templated":true}]}}