{"id":4577,"date":"2020-01-19T12:21:44","date_gmt":"2020-01-19T12:21:44","guid":{"rendered":"https:\/\/mtsimtech.hu\/?post_type=product&#038;p=4577"},"modified":"2025-02-10T09:03:10","modified_gmt":"2025-02-10T09:03:10","slug":"thrustmaster-quick-release-feszito-gyuru","status":"publish","type":"product","link":"https:\/\/mtsimtech.hu\/en\/product\/thrustmaster-quick-release-feszito-gyuru\/","title":{"rendered":"Thrustmaster Quick-release tensioner ring"},"content":{"rendered":"<p>Felszerel\u00e9s\u00e9vel a\u00a0 Thrustmaster Quick Release rendszert tudjuk a gy\u00e1ri megold\u00e1sn\u00e1l k\u00e9nyelmesebben, \u00e9s er\u0151sebben r\u00f6gz\u00edteni.<\/p>\n<p>Tapasztalatunk szerint a gy\u00e1ri tengelyre mer\u0151leges csavar mindenk\u00e9ppen sz\u00fcks\u00e9ges a rezg\u00e9sek miatti lazul\u00e1s elker\u00fcl\u00e9s\u00e9re, ha m\u00e1r nincs meg, akkor rendelheted ezzel egy\u00fctt is.<\/p>","protected":false},"excerpt":{"rendered":"<p>Felszerel\u00e9s\u00e9vel a\u00a0 Thrustmaster Quick Release rendszert tudjuk a gy\u00e1ri megold\u00e1sn\u00e1l k\u00e9nyelmesebben, \u00e9s er\u0151sebben r\u00f6gz\u00edteni. Tapasztalatunk szerint a gy\u00e1ri tengelyre mer\u0151leges csavar mindenk\u00e9ppen sz\u00fcks\u00e9ges a rezg\u00e9sek miatti lazul\u00e1s elker\u00fcl\u00e9s\u00e9re, ha m\u00e1r nincs meg, akkor rendelheted ezzel egy\u00fctt is.<\/p>","protected":false},"featured_media":4569,"template":"","meta":[],"product_brand":[],"product_cat":[139,77],"product_tag":[108,110,203,78,205,204,95],"class_list":{"0":"post-4577","1":"product","2":"type-product","3":"status-publish","4":"has-post-thumbnail","6":"product_cat-kormany-adapterek","7":"product_cat-kormanyok","8":"product_tag-70mm","9":"product_tag-adapter","10":"product_tag-drift","11":"product_tag-kormany","12":"product_tag-quick-release","13":"product_tag-t300","14":"product_tag-thrustmaster","16":"first","17":"instock","18":"shipping-taxable","19":"purchasable","20":"product-type-variable"},"_links":{"self":[{"href":"https:\/\/mtsimtech.hu\/en\/wp-json\/wp\/v2\/product\/4577","targetHints":{"allow":["GET"]}}],"collection":[{"href":"https:\/\/mtsimtech.hu\/en\/wp-json\/wp\/v2\/product"}],"about":[{"href":"https:\/\/mtsimtech.hu\/en\/wp-json\/wp\/v2\/types\/product"}],"wp:featuredmedia":[{"embeddable":true,"href":"https:\/\/mtsimtech.hu\/en\/wp-json\/wp\/v2\/media\/4569"}],"wp:attachment":[{"href":"https:\/\/mtsimtech.hu\/en\/wp-json\/wp\/v2\/media?parent=4577"}],"wp:term":[{"taxonomy":"product_brand","embeddable":true,"href":"https:\/\/mtsimtech.hu\/en\/wp-json\/wp\/v2\/product_brand?post=4577"},{"taxonomy":"product_cat","embeddable":true,"href":"https:\/\/mtsimtech.hu\/en\/wp-json\/wp\/v2\/product_cat?post=4577"},{"taxonomy":"product_tag","embeddable":true,"href":"https:\/\/mtsimtech.hu\/en\/wp-json\/wp\/v2\/product_tag?post=4577"}],"curies":[{"name":"wp","href":"https:\/\/api.w.org\/{rel}","templated":true}]}}