{"id":5332,"date":"2023-09-20T09:24:04","date_gmt":"2023-09-20T09:24:04","guid":{"rendered":"https:\/\/mtsimtech.hu\/?post_type=product&#038;p=5332"},"modified":"2025-09-22T07:28:21","modified_gmt":"2025-09-22T07:28:21","slug":"gorgo-fix","status":"publish","type":"product","link":"https:\/\/mtsimtech.hu\/en\/product\/gorgo-fix\/","title":{"rendered":"Wheel roller fix"},"content":{"rendered":"<ul>\n<li>A cockpit, vagy sz\u00e9k g\u00f6rg\u0151i al\u00e1 helyezve nem engedi azokat gurulni, \u00edgy f\u00e9l perc alatt r\u00f6gz\u00edteni tudod \u0151ket, hogy ne cs\u00fasszanak el j\u00e1t\u00e9k alatt.<\/li>\n<li>A talpai gum\u00edrozottak, \u00edgy b\u00e1rmilyen fel\u00fcleten (sz\u0151nyeg, parketta, lin\u00f3leum) biztos marad.<\/li>\n<li><strong>Egy sz\u00e9k r\u00f6gz\u00edt\u00e9s\u00e9hez legal\u00e1bb 3 db fix aj\u00e1nlott!<\/strong><\/li>\n<\/ul>","protected":false},"excerpt":{"rendered":"<p>A cockpit, vagy sz\u00e9k g\u00f6rg\u0151i al\u00e1 helyezve nem engedi azokat gurulni, \u00edgy f\u00e9l perc alatt r\u00f6gz\u00edteni tudod \u0151ket, hogy ne cs\u00fasszanak el j\u00e1t\u00e9k alatt. A talpai gum\u00edrozottak, \u00edgy b\u00e1rmilyen fel\u00fcleten (sz\u0151nyeg, parketta, lin\u00f3leum) biztos marad. Egy sz\u00e9k r\u00f6gz\u00edt\u00e9s\u00e9hez legal\u00e1bb 3 db fix aj\u00e1nlott!<\/p>","protected":false},"featured_media":5333,"template":"","meta":[],"product_brand":[],"product_cat":[101],"product_tag":[],"class_list":{"0":"post-5332","1":"product","2":"type-product","3":"status-publish","4":"has-post-thumbnail","6":"product_cat-egyeb","8":"first","9":"instock","10":"shipping-taxable","11":"purchasable","12":"product-type-variable"},"_links":{"self":[{"href":"https:\/\/mtsimtech.hu\/en\/wp-json\/wp\/v2\/product\/5332","targetHints":{"allow":["GET"]}}],"collection":[{"href":"https:\/\/mtsimtech.hu\/en\/wp-json\/wp\/v2\/product"}],"about":[{"href":"https:\/\/mtsimtech.hu\/en\/wp-json\/wp\/v2\/types\/product"}],"wp:featuredmedia":[{"embeddable":true,"href":"https:\/\/mtsimtech.hu\/en\/wp-json\/wp\/v2\/media\/5333"}],"wp:attachment":[{"href":"https:\/\/mtsimtech.hu\/en\/wp-json\/wp\/v2\/media?parent=5332"}],"wp:term":[{"taxonomy":"product_brand","embeddable":true,"href":"https:\/\/mtsimtech.hu\/en\/wp-json\/wp\/v2\/product_brand?post=5332"},{"taxonomy":"product_cat","embeddable":true,"href":"https:\/\/mtsimtech.hu\/en\/wp-json\/wp\/v2\/product_cat?post=5332"},{"taxonomy":"product_tag","embeddable":true,"href":"https:\/\/mtsimtech.hu\/en\/wp-json\/wp\/v2\/product_tag?post=5332"}],"curies":[{"name":"wp","href":"https:\/\/api.w.org\/{rel}","templated":true}]}}