{"id":5941,"date":"2024-01-03T13:43:23","date_gmt":"2024-01-03T13:43:23","guid":{"rendered":"https:\/\/mtsimtech.hu\/?post_type=product&#038;p=5941"},"modified":"2024-10-15T07:40:42","modified_gmt":"2024-10-15T07:40:42","slug":"wrc-szimulator-kezifek-hall-szenzor","status":"publish","type":"product","link":"https:\/\/mtsimtech.hu\/en\/product\/wrc-szimulator-kezifek-hall-szenzor\/","title":{"rendered":"Hall sensor kit for simulator handbrake"},"content":{"rendered":"<p><span style=\"color: #000000;\">A k\u00e9szlet seg\u00edts\u00e9g\u00e9vel a kor\u00e1bban forgalmazott potm\u00e9teres WRC szimul\u00e1tor k\u00e9zif\u00e9k \u00e1talak\u00edthat\u00f3 hall-szenzoross\u00e1.<\/span><\/p>\n<p><span style=\"color: #000000;\"><strong>Key features:<\/strong><\/span><\/p>\n<ul>\n<li><span style=\"color: #000000;\">Hall szenzor alap\u00fa m\u0171k\u00f6d\u00e9s: A sokkal strapab\u00edr\u00f3bb hall szenzor miatt nem kell agg\u00f3dnod az elkoszol\u00f3d\u00e1s\/elkop\u00e1s miatt<\/span><\/li>\n<li><span style=\"color: #000000;\">Beh\u00faz\u00e1s m\u00e9rt\u00e9k\u00e9vel ar\u00e1nyos f\u00e9ker\u0151, nem csup\u00e1n gombk\u00e9nt funkcion\u00e1l<\/span><\/li>\n<li><span style=\"color: #000000;\">Automatically recognised by your computer, no need to install any software<br \/>\n<\/span><\/li>\n<li>1,5m hossz\u00fa USB k\u00e1bel<\/li>\n<\/ul>\n<p><span style=\"color: #000000;\"><strong>A csomag tartalmazza:<\/strong><\/span><\/p>\n<ul>\n<li><span style=\"color: #000000;\">A hall szenzort elektronik\u00e1val a m\u0171anyag h\u00e1zban<\/span><\/li>\n<li><span style=\"color: #000000;\">A h\u00e1z r\u00f6gz\u00edt\u00e9s\u00e9hez sz\u00fcks\u00e9ges csavarokat<\/span><\/li>\n<li><span style=\"color: #000000;\">A tengelyre r\u00f6gz\u00edthet\u0151 m\u00e1gnest<\/span><\/li>\n<li>Opcion\u00e1lis:\n<ul>\n<li>Rug\u00f3 szett<\/li>\n<li>Munkahenger kiv\u00e1lt\u00f3 h\u00e1tlap \u00e9s tengely<\/li>\n<\/ul>\n<\/li>\n<\/ul>\n<p><span style=\"color: #000000;\"><strong>Compatibility:<\/strong> A term\u00e9k csak PC-vel kompatibilis, konzolokkal nem m\u0171k\u00f6dik.<\/span><\/p>\n<p><span style=\"color: #000000;\"><strong>Warranty:<\/strong> 1 year.<\/span><\/p>","protected":false},"excerpt":{"rendered":"<p>A k\u00e9szlet seg\u00edts\u00e9g\u00e9vel a kor\u00e1bban forgalmazott potm\u00e9teres WRC szimul\u00e1tor k\u00e9zif\u00e9k \u00e1talak\u00edthat\u00f3 hall-szenzoross\u00e1. F\u0151bb tulajdons\u00e1gai: Hall szenzor alap\u00fa m\u0171k\u00f6d\u00e9s: A sokkal strapab\u00edr\u00f3bb hall szenzor miatt nem kell agg\u00f3dnod az elkoszol\u00f3d\u00e1s\/elkop\u00e1s miatt Beh\u00faz\u00e1s m\u00e9rt\u00e9k\u00e9vel ar\u00e1nyos f\u00e9ker\u0151, nem csup\u00e1n gombk\u00e9nt funkcion\u00e1l Automatikusan felismeri a sz\u00e1m\u00edt\u00f3g\u00e9p, nem sz\u00fcks\u00e9ges k\u00fcl\u00f6n szoftvert telep\u00edteni hozz\u00e1 1,5m hossz\u00fa USB k\u00e1bel A csomag tartalmazza: &#8230; <a title=\"Hall sensor kit for simulator handbrake\" class=\"read-more\" href=\"https:\/\/mtsimtech.hu\/en\/product\/wrc-szimulator-kezifek-hall-szenzor\/\">Read more<span class=\"screen-reader-text\">Hall sensor kit for simulator handbrake<\/span><\/a><\/p>","protected":false},"featured_media":7184,"template":"","meta":[],"product_brand":[],"product_cat":[137,135],"product_tag":[99],"class_list":{"0":"post-5941","1":"product","2":"type-product","3":"status-publish","4":"has-post-thumbnail","6":"product_cat-kezifekek","7":"product_cat-kiegeszitok","8":"product_tag-handbrake","10":"first","11":"instock","12":"shipping-taxable","13":"purchasable","14":"product-type-variable","15":"has-default-attributes"},"_links":{"self":[{"href":"https:\/\/mtsimtech.hu\/en\/wp-json\/wp\/v2\/product\/5941","targetHints":{"allow":["GET"]}}],"collection":[{"href":"https:\/\/mtsimtech.hu\/en\/wp-json\/wp\/v2\/product"}],"about":[{"href":"https:\/\/mtsimtech.hu\/en\/wp-json\/wp\/v2\/types\/product"}],"wp:featuredmedia":[{"embeddable":true,"href":"https:\/\/mtsimtech.hu\/en\/wp-json\/wp\/v2\/media\/7184"}],"wp:attachment":[{"href":"https:\/\/mtsimtech.hu\/en\/wp-json\/wp\/v2\/media?parent=5941"}],"wp:term":[{"taxonomy":"product_brand","embeddable":true,"href":"https:\/\/mtsimtech.hu\/en\/wp-json\/wp\/v2\/product_brand?post=5941"},{"taxonomy":"product_cat","embeddable":true,"href":"https:\/\/mtsimtech.hu\/en\/wp-json\/wp\/v2\/product_cat?post=5941"},{"taxonomy":"product_tag","embeddable":true,"href":"https:\/\/mtsimtech.hu\/en\/wp-json\/wp\/v2\/product_tag?post=5941"}],"curies":[{"name":"wp","href":"https:\/\/api.w.org\/{rel}","templated":true}]}}