{"id":6256,"date":"2024-04-19T19:33:25","date_gmt":"2024-04-19T19:33:25","guid":{"rendered":"https:\/\/mtsimtech.hu\/?post_type=product&#038;p=6256"},"modified":"2026-01-04T19:04:33","modified_gmt":"2026-01-04T19:04:33","slug":"tablet-tarto","status":"publish","type":"product","link":"https:\/\/mtsimtech.hu\/en\/product\/tablet-tarto\/","title":{"rendered":"Tablet stand for table or cockpit"},"content":{"rendered":"<p>Ha egy plusz kijelz\u0151t vagy fel\u00fcletet szeretn\u00e9l a setupodhoz, tableted is haszn\u00e1lhatod!<br \/>\nA <a href=\"https:\/\/www.simhubdash.com\/\">SimHub<\/a> seg\u00edts\u00e9g\u00e9vel WiFin kereszt\u00fcl sz\u00e1mtalan kijelz\u0151elrendez\u00e9s k\u00f6z\u00fcl v\u00e1laszthatsz!<\/p>\n<p>A tablettart\u00f3 sz\u00e9less\u00e9ge, magass\u00e1ga valamint a d\u0151l\u00e9ssz\u00f6ge (0-10-20\u00b0) is \u00e1ll\u00edthat\u00f3, \u00edgy be\u00e1ll\u00edthatod az optim\u00e1lis helyzet\u00e9t.<\/p>\n<p>A csomag tartalmazza a tablettart\u00f3t, annak csavarjaival, valamint egy 1.5-es imbusz kulcsot a r\u00f6gz\u00edt\u00e9shez.<\/p>\n<p>A tart\u00f3 minimum 19 (8&#8243; tablet) \u00e9s maximum 36 cm (14&#8243; tablet) sz\u00e9les eszk\u00f6zt k\u00e9pes befogni.<\/p>","protected":false},"excerpt":{"rendered":"<p>Ha egy plusz kijelz\u0151t vagy fel\u00fcletet szeretn\u00e9l a setupodhoz, tableted is haszn\u00e1lhatod! A SimHub seg\u00edts\u00e9g\u00e9vel WiFin kereszt\u00fcl sz\u00e1mtalan kijelz\u0151elrendez\u00e9s k\u00f6z\u00fcl v\u00e1laszthatsz! A tablettart\u00f3 sz\u00e9less\u00e9ge, magass\u00e1ga valamint a d\u0151l\u00e9ssz\u00f6ge (0-10-20\u00b0) is \u00e1ll\u00edthat\u00f3, \u00edgy be\u00e1ll\u00edthatod az optim\u00e1lis helyzet\u00e9t. A csomag tartalmazza a tablettart\u00f3t, annak csavarjaival, valamint egy 1.5-es imbusz kulcsot a r\u00f6gz\u00edt\u00e9shez. A tart\u00f3 minimum 19 (8&#8243; &#8230; <a title=\"Tablet stand for table or cockpit\" class=\"read-more\" href=\"https:\/\/mtsimtech.hu\/en\/product\/tablet-tarto\/\">Read more<span class=\"screen-reader-text\">Tablet stand for table or cockpit<\/span><\/a><\/p>","protected":false},"featured_media":5461,"template":"","meta":[],"product_brand":[],"product_cat":[138],"product_tag":[],"class_list":{"0":"post-6256","1":"product","2":"type-product","3":"status-publish","4":"has-post-thumbnail","6":"product_cat-telefontartok","8":"first","9":"instock","10":"shipping-taxable","11":"purchasable","12":"product-type-variable"},"_links":{"self":[{"href":"https:\/\/mtsimtech.hu\/en\/wp-json\/wp\/v2\/product\/6256","targetHints":{"allow":["GET"]}}],"collection":[{"href":"https:\/\/mtsimtech.hu\/en\/wp-json\/wp\/v2\/product"}],"about":[{"href":"https:\/\/mtsimtech.hu\/en\/wp-json\/wp\/v2\/types\/product"}],"wp:featuredmedia":[{"embeddable":true,"href":"https:\/\/mtsimtech.hu\/en\/wp-json\/wp\/v2\/media\/5461"}],"wp:attachment":[{"href":"https:\/\/mtsimtech.hu\/en\/wp-json\/wp\/v2\/media?parent=6256"}],"wp:term":[{"taxonomy":"product_brand","embeddable":true,"href":"https:\/\/mtsimtech.hu\/en\/wp-json\/wp\/v2\/product_brand?post=6256"},{"taxonomy":"product_cat","embeddable":true,"href":"https:\/\/mtsimtech.hu\/en\/wp-json\/wp\/v2\/product_cat?post=6256"},{"taxonomy":"product_tag","embeddable":true,"href":"https:\/\/mtsimtech.hu\/en\/wp-json\/wp\/v2\/product_tag?post=6256"}],"curies":[{"name":"wp","href":"https:\/\/api.w.org\/{rel}","templated":true}]}}