{"id":6377,"date":"2024-05-06T06:25:12","date_gmt":"2024-05-06T06:25:12","guid":{"rendered":"https:\/\/mtsimtech.hu\/?post_type=product&#038;p=6377"},"modified":"2026-01-31T20:32:04","modified_gmt":"2026-01-31T20:32:04","slug":"csl-v2-fekmod","status":"publish","type":"product","link":"https:\/\/mtsimtech.hu\/en\/product\/csl-v2-fekmod\/","title":{"rendered":"Fanatec CSL Elite V1 and V2 brake mod"},"content":{"rendered":"<p><span style=\"font-weight: 500;\">A f\u00e9kmod beszerel\u00e9s\u00e9vel realisztikusabb, \u00e9s pontosabb f\u00e9khat\u00e1s \u00e9rhet\u0151 el a rugalmas anyagnak k\u00f6sz\u00f6nhet\u0151en.<\/span> <span style=\"font-weight: 500;\"><br \/>\n<\/span><\/p>\n<p><span style=\"font-weight: 500;\">Ez a szett 2 f\u00e9le kem\u00e9nys\u00e9get tartalmaz.<\/span><\/p>\n<p><span style=\"color: #000000;\"><strong>Warranty:<\/strong> 1 year.<\/span><\/p>","protected":false},"excerpt":{"rendered":"<p>A f\u00e9kmod beszerel\u00e9s\u00e9vel realisztikusabb, \u00e9s pontosabb f\u00e9khat\u00e1s \u00e9rhet\u0151 el a rugalmas anyagnak k\u00f6sz\u00f6nhet\u0151en. Ez a szett 2 f\u00e9le kem\u00e9nys\u00e9get tartalmaz. Garancia: 1 \u00e9v.<\/p>","protected":false},"featured_media":10792,"template":"","meta":[],"product_brand":[],"product_cat":[84],"product_tag":[94,295,119,93],"class_list":{"0":"post-6377","1":"product","2":"type-product","3":"status-publish","4":"has-post-thumbnail","6":"product_cat-pedal","7":"product_tag-brakemod","8":"product_tag-csl-elite","9":"product_tag-fanatec","10":"product_tag-fekmod","12":"first","13":"instock","14":"shipping-taxable","15":"purchasable","16":"product-type-simple"},"_links":{"self":[{"href":"https:\/\/mtsimtech.hu\/en\/wp-json\/wp\/v2\/product\/6377","targetHints":{"allow":["GET"]}}],"collection":[{"href":"https:\/\/mtsimtech.hu\/en\/wp-json\/wp\/v2\/product"}],"about":[{"href":"https:\/\/mtsimtech.hu\/en\/wp-json\/wp\/v2\/types\/product"}],"wp:featuredmedia":[{"embeddable":true,"href":"https:\/\/mtsimtech.hu\/en\/wp-json\/wp\/v2\/media\/10792"}],"wp:attachment":[{"href":"https:\/\/mtsimtech.hu\/en\/wp-json\/wp\/v2\/media?parent=6377"}],"wp:term":[{"taxonomy":"product_brand","embeddable":true,"href":"https:\/\/mtsimtech.hu\/en\/wp-json\/wp\/v2\/product_brand?post=6377"},{"taxonomy":"product_cat","embeddable":true,"href":"https:\/\/mtsimtech.hu\/en\/wp-json\/wp\/v2\/product_cat?post=6377"},{"taxonomy":"product_tag","embeddable":true,"href":"https:\/\/mtsimtech.hu\/en\/wp-json\/wp\/v2\/product_tag?post=6377"}],"curies":[{"name":"wp","href":"https:\/\/api.w.org\/{rel}","templated":true}]}}