{"id":6640,"date":"2024-07-15T08:35:21","date_gmt":"2024-07-15T08:35:21","guid":{"rendered":"https:\/\/mtsimtech.hu\/?post_type=product&#038;p=6640"},"modified":"2025-08-22T15:32:27","modified_gmt":"2025-08-22T15:32:27","slug":"rugok","status":"publish","type":"product","link":"https:\/\/mtsimtech.hu\/en\/product\/rugok\/","title":{"rendered":"Springs, elastomers (pedals, handbrake)"},"content":{"rendered":"<p>A rug\u00f3k nem pontosan egyeznek meg a gy\u00e1ri rug\u00f3kkal (mert az nem beszerezhet\u0151), de minden esetben egy kompatibilis alternat\u00edv ny\u00fajtanak.<\/p>\n<p>Ha b\u00e1rmi k\u00e9rd\u00e9sed lenne vel\u00fck kapcsolatban, vagy nem tal\u00e1lod amit keresel, vedd fel vel\u00fcnk a kapcsolatot <a href=\"mailto:mtsimtech@gmail.com\">emailen<\/a>, or the <a href=\"https:\/\/mtsimtech.hu\/en\/kapcsolat\/\">form<\/a> kereszt\u00fcl.<\/p>","protected":false},"excerpt":{"rendered":"<p>A rug\u00f3k nem pontosan egyeznek meg a gy\u00e1ri rug\u00f3kkal (mert az nem beszerezhet\u0151), de minden esetben egy kompatibilis alternat\u00edv ny\u00fajtanak. Ha b\u00e1rmi k\u00e9rd\u00e9sed lenne vel\u00fck kapcsolatban, vagy nem tal\u00e1lod amit keresel, vedd fel vel\u00fcnk a kapcsolatot emailen, vagy az \u0171rlapon kereszt\u00fcl.<\/p>","protected":false},"featured_media":7185,"template":"","meta":[],"product_brand":[],"product_cat":[101,137,84],"product_tag":[],"class_list":{"0":"post-6640","1":"product","2":"type-product","3":"status-publish","4":"has-post-thumbnail","6":"product_cat-egyeb","7":"product_cat-kezifekek","8":"product_cat-pedal","10":"first","11":"instock","12":"shipping-taxable","13":"purchasable","14":"product-type-variable"},"_links":{"self":[{"href":"https:\/\/mtsimtech.hu\/en\/wp-json\/wp\/v2\/product\/6640","targetHints":{"allow":["GET"]}}],"collection":[{"href":"https:\/\/mtsimtech.hu\/en\/wp-json\/wp\/v2\/product"}],"about":[{"href":"https:\/\/mtsimtech.hu\/en\/wp-json\/wp\/v2\/types\/product"}],"wp:featuredmedia":[{"embeddable":true,"href":"https:\/\/mtsimtech.hu\/en\/wp-json\/wp\/v2\/media\/7185"}],"wp:attachment":[{"href":"https:\/\/mtsimtech.hu\/en\/wp-json\/wp\/v2\/media?parent=6640"}],"wp:term":[{"taxonomy":"product_brand","embeddable":true,"href":"https:\/\/mtsimtech.hu\/en\/wp-json\/wp\/v2\/product_brand?post=6640"},{"taxonomy":"product_cat","embeddable":true,"href":"https:\/\/mtsimtech.hu\/en\/wp-json\/wp\/v2\/product_cat?post=6640"},{"taxonomy":"product_tag","embeddable":true,"href":"https:\/\/mtsimtech.hu\/en\/wp-json\/wp\/v2\/product_tag?post=6640"}],"curies":[{"name":"wp","href":"https:\/\/api.w.org\/{rel}","templated":true}]}}