{"id":6664,"date":"2024-07-18T07:22:28","date_gmt":"2024-07-18T07:22:28","guid":{"rendered":"https:\/\/mtsimtech.hu\/?post_type=product&#038;p=6664"},"modified":"2024-09-21T08:49:00","modified_gmt":"2024-09-21T08:49:00","slug":"thrustmaster-3x60mm-3x175inch-quick-release-adapter","status":"publish","type":"product","link":"https:\/\/mtsimtech.hu\/en\/product\/thrustmaster-3x60mm-3x175inch-quick-release-adapter\/","title":{"rendered":"Thrustmaster &#8211; 3x60mm &#038; 3&#215;1.75&#8243; &#8211; Quick-release adapter"},"content":{"rendered":"<p>Thrustmaster Quick-release b\u00e1zisokra teszi lehet\u0151v\u00e9, 3 csavaros 60mm-es illetve 1.75&#8243;-es oszt\u00f3k\u00f6r\u0171 korm\u00e1nyok (pl. teheraut\u00f3 &#8211; Freightliner\/Kenworth\/Peterbilt &#8211; fa korm\u00e1nyok, illetve gokart korm\u00e1nyok) felszerel\u00e9s\u00e9t.<\/p>\n<p>A szett tartalmazza a korm\u00e1ny felszerel\u00e9s\u00e9hez sz\u00fcks\u00e9ges csavarokat \u00e9s rejtett csavarany\u00e1kat.<\/p>","protected":false},"excerpt":{"rendered":"<p>Thrustmaster Quick-release b\u00e1zisokra teszi lehet\u0151v\u00e9, 3 csavaros 60mm-es illetve 1.75&#8243;-es oszt\u00f3k\u00f6r\u0171 korm\u00e1nyok (pl. teheraut\u00f3 &#8211; Freightliner\/Kenworth\/Peterbilt &#8211; fa korm\u00e1nyok, illetve gokart korm\u00e1nyok) felszerel\u00e9s\u00e9t. A szett tartalmazza a korm\u00e1ny felszerel\u00e9s\u00e9hez sz\u00fcks\u00e9ges csavarokat \u00e9s rejtett csavarany\u00e1kat.<\/p>","protected":false},"featured_media":1842,"template":"","meta":[],"product_brand":[],"product_cat":[139,77],"product_tag":[108,110,109,78,95],"class_list":{"0":"post-6664","1":"product","2":"type-product","3":"status-publish","4":"has-post-thumbnail","6":"product_cat-kormany-adapterek","7":"product_cat-kormanyok","8":"product_tag-70mm","9":"product_tag-adapter","10":"product_tag-dirft","11":"product_tag-kormany","12":"product_tag-thrustmaster","14":"first","15":"instock","16":"shipping-taxable","17":"purchasable","18":"product-type-simple"},"_links":{"self":[{"href":"https:\/\/mtsimtech.hu\/en\/wp-json\/wp\/v2\/product\/6664","targetHints":{"allow":["GET"]}}],"collection":[{"href":"https:\/\/mtsimtech.hu\/en\/wp-json\/wp\/v2\/product"}],"about":[{"href":"https:\/\/mtsimtech.hu\/en\/wp-json\/wp\/v2\/types\/product"}],"wp:featuredmedia":[{"embeddable":true,"href":"https:\/\/mtsimtech.hu\/en\/wp-json\/wp\/v2\/media\/1842"}],"wp:attachment":[{"href":"https:\/\/mtsimtech.hu\/en\/wp-json\/wp\/v2\/media?parent=6664"}],"wp:term":[{"taxonomy":"product_brand","embeddable":true,"href":"https:\/\/mtsimtech.hu\/en\/wp-json\/wp\/v2\/product_brand?post=6664"},{"taxonomy":"product_cat","embeddable":true,"href":"https:\/\/mtsimtech.hu\/en\/wp-json\/wp\/v2\/product_cat?post=6664"},{"taxonomy":"product_tag","embeddable":true,"href":"https:\/\/mtsimtech.hu\/en\/wp-json\/wp\/v2\/product_tag?post=6664"}],"curies":[{"name":"wp","href":"https:\/\/api.w.org\/{rel}","templated":true}]}}