{"id":9668,"date":"2024-11-29T17:00:40","date_gmt":"2024-11-29T17:00:40","guid":{"rendered":"https:\/\/mtsimtech.hu\/?post_type=product&#038;p=9668"},"modified":"2026-01-09T10:42:05","modified_gmt":"2026-01-09T10:42:05","slug":"logitech-load-cell","status":"publish","type":"product","link":"https:\/\/mtsimtech.hu\/en\/product\/logitech-load-cell\/","title":{"rendered":"Logitech G29\/G920\/G923 load-cell"},"content":{"rendered":"<p>A <strong>load-cell szenzor a ped\u00e1l lenyom\u00e1s\u00e1nak er\u0151ss\u00e9g\u00e9t<\/strong> <strong>\u00e9rz\u00e9keli<\/strong>, and it outputs a proportional signal, making it easier to build muscle memory during braking. (The factory potentiometer only outputs a signal proportional to the traveled distance.<\/p>\n<p>A szenzor teljesen karbantart\u00e1smentes, valamint az eredeti potm\u00e9tert sz\u00fcks\u00e9gtelenn\u00e9 teszi, \u00edgy azt ak\u00e1r \u00e1tszerelheted m\u00e1sik ped\u00e1ln\u00e1l l\u00e9v\u0151, elkoszol\u00f3dott szenzor hely\u00e9re is.<\/p>\n<p>A beszerel\u00e9s\u00e9hez a ped\u00e1lt meg kell bontani, ehhez instrukci\u00f3kat a term\u00e9k k\u00e9zik\u00f6nyv\u00e9ben tal\u00e1lsz.<\/p>\n<p>A dobozon tal\u00e1lhat\u00f3 k\u00e9t \u00e1ll\u00edt\u00f3 csavar seg\u00edts\u00e9g\u00e9vel tudod a szenzor 0 szintj\u00e9t \u00e9s az \u00e9rz\u00e9kenys\u00e9g\u00e9t \u00e1ll\u00edtani, \u00edgy nem sz\u00fcks\u00e9ges semmilyen k\u00fcls\u0151 szoftver hozz\u00e1, valamint <strong>PC, PlayStation \u00e9s XBOX kompatibilis<\/strong>.<br \/>\nA dobozban tal\u00e1lhat\u00f3 m\u00e1gnes seg\u00edts\u00e9g\u00e9vel annak r\u00f6gz\u00edt\u00e9s\u00e9vel nem kell bajl\u00f3dni, egyszer\u0171en tapaszd fel a ped\u00e1l mechanik\u00e1ra.<br \/>\nA szenzor egy 50kg-os loadcell.<\/p>\n<p><strong>Vari\u00e1ci\u00f3k<\/strong>:<\/p>\n<ul>\n<li>F\u00e9kmod n\u00e9lk\u00fcl, a f\u00e9k\u00fat \u00edgy \u00e9p\u00fcl fel vele:<br \/>\n&#8212;&#8212;spring with even resistance&#8212;&#8211;<\/li>\n<li>Rally f\u00e9kmod: egy puha elasztomer, melyet a gy\u00e1ri rug\u00f3ba kell tekerni, a f\u00e9k\u00fat \u00edgy \u00e9p\u00fcl fel vele:<br \/>\nspring with even resistance-|\u2014soft elastomer, continuously increasing resistance\u2014-<\/li>\n<li>Formula f\u00e9kmod: egy kem\u00e9nyebb elasztomer, melyet a gy\u00e1ri rug\u00f3ba kell tekerni, a f\u00e9k\u00fat \u00edgy \u00e9p\u00fcl fel vele:<br \/>\nspring with even resistance-|\u2014harder elastomer, continuously increasing resistance\u2014-<\/li>\n<li>F\u00e9kmod szett: egy puh\u00e1bb \u00e9s egy kem\u00e9nyebb elasztomer, melyek k\u00f6z\u00fcl az egyiket(!) a gy\u00e1ri rug\u00f3ba kell tekerni, a f\u00e9k\u00fat \u00edgy \u00e9p\u00fcl fel vele:<br \/>\nspring with even resistance-|\u2014softer\/harder elastomer, continuously increasing resistance\u2014-<\/li>\n<li>Elasztomer szett: 3 f\u00e9le elasztomert tartalmaz, melyek egyre kem\u00e9nyebbek (S\/M\/H, az el\u0151z\u0151ekkel \u00f6sszevetve a Rally f\u00e9kmod ~M, m\u00edg a Formula f\u00e9kmod ~H kem\u00e9nys\u00e9g\u0171ek rug\u00f3val egy\u00fctt szerelve), valamint egy t\u00f6m\u00f6r m\u0171anyagot, a f\u00e9k\u00fat \u00edgy 6 k\u00fcl\u00f6nb\u00f6z\u0151 kombin\u00e1ci\u00f3ban \u00e1ll\u00edthat\u00f3 vele:<br \/>\n&#8212;S\/M\/H elastomer gradually increasing resistance\/solid plastic&#8212;|&#8212;S\/M\/H elastomer gradually increasing resistance\/solid plastic&#8212;<\/li>\n<\/ul>\n<p><strong>Compatibility<\/strong>:<br \/>\nLogitech G29, G920, G923 (PS \u00e9s XBOX verzi\u00f3 is)<\/p>\n<p><strong>Platformok<\/strong>:<br \/>\nPS, PC, XBOX<\/p>\n<p><strong>Warranty:<br \/>\n<\/strong>1 year<\/p>","protected":false},"excerpt":{"rendered":"<p>Logitech G29, G920, G923 ped\u00e1ljaival kompatibilis load cell k\u00e9szlet. PC, Playstation \u00e9s XBox kompatibilis. F\u00e9ker\u0151vel ar\u00e1nyos jelet ad, karbantart\u00e1smentes.<\/p>","protected":false},"featured_media":9719,"template":"","meta":[],"product_brand":[],"product_cat":[84],"product_tag":[206,92,207,208],"class_list":{"0":"post-9668","1":"product","2":"type-product","3":"status-publish","4":"has-post-thumbnail","6":"product_cat-pedal","7":"product_tag-loadcell","8":"product_tag-logitech","9":"product_tag-pedal","10":"product_tag-upgrade","12":"first","13":"instock","14":"shipping-taxable","15":"purchasable","16":"product-type-variable"},"_links":{"self":[{"href":"https:\/\/mtsimtech.hu\/en\/wp-json\/wp\/v2\/product\/9668","targetHints":{"allow":["GET"]}}],"collection":[{"href":"https:\/\/mtsimtech.hu\/en\/wp-json\/wp\/v2\/product"}],"about":[{"href":"https:\/\/mtsimtech.hu\/en\/wp-json\/wp\/v2\/types\/product"}],"wp:featuredmedia":[{"embeddable":true,"href":"https:\/\/mtsimtech.hu\/en\/wp-json\/wp\/v2\/media\/9719"}],"wp:attachment":[{"href":"https:\/\/mtsimtech.hu\/en\/wp-json\/wp\/v2\/media?parent=9668"}],"wp:term":[{"taxonomy":"product_brand","embeddable":true,"href":"https:\/\/mtsimtech.hu\/en\/wp-json\/wp\/v2\/product_brand?post=9668"},{"taxonomy":"product_cat","embeddable":true,"href":"https:\/\/mtsimtech.hu\/en\/wp-json\/wp\/v2\/product_cat?post=9668"},{"taxonomy":"product_tag","embeddable":true,"href":"https:\/\/mtsimtech.hu\/en\/wp-json\/wp\/v2\/product_tag?post=9668"}],"curies":[{"name":"wp","href":"https:\/\/api.w.org\/{rel}","templated":true}]}}