{"id":9713,"date":"2024-11-28T18:00:21","date_gmt":"2024-11-28T18:00:21","guid":{"rendered":"https:\/\/mtsimtech.hu\/?post_type=product&#038;p=9713"},"modified":"2025-11-26T17:03:12","modified_gmt":"2025-11-26T17:03:12","slug":"logitech-fek-kuplung-osszekoto","status":"publish","type":"product","link":"https:\/\/mtsimtech.hu\/en\/product\/logitech-fek-kuplung-osszekoto\/","title":{"rendered":"Logitech brake-clutch connector"},"content":{"rendered":"<p><span style=\"font-weight: 500;\">Ha szeretn\u00e9d, hogy az automata v\u00e1lt\u00f3s aut\u00f3kra jellemz\u0151, sz\u00e9lesebb f\u00e9kped\u00e1lod legyen, akkor az \u00f6sszek\u00f6t\u0151 seg\u00edts\u00e9g\u00e9vel a f\u00e9k \u00e9s kuplung ped\u00e1lt egyszerre nyomhatod (\u00edgy a rug\u00f3k ellen\u00e1ll\u00e1sa is \u00f6sszead\u00f3dik).<\/span><\/p>\n<p><strong>A felszerel\u00e9shez sz\u00fcks\u00e9ges csavarok a csomag r\u00e9sz\u00e9t k\u00e9pezik.<\/strong><\/p>\n<p><span style=\"color: #000000;\"><strong>Warranty:<\/strong> 1 year.<\/span><\/p>","protected":false},"excerpt":{"rendered":"<p>Logitech G29, G920, G923, G27, G25 f\u00e9k kuplung \u00f6sszek\u00f6t\u0151<\/p>","protected":false},"featured_media":10595,"template":"","meta":[],"product_brand":[],"product_cat":[84],"product_tag":[99],"class_list":{"0":"post-9713","1":"product","2":"type-product","3":"status-publish","4":"has-post-thumbnail","6":"product_cat-pedal","7":"product_tag-handbrake","9":"first","10":"instock","11":"shipping-taxable","12":"purchasable","13":"product-type-simple"},"_links":{"self":[{"href":"https:\/\/mtsimtech.hu\/en\/wp-json\/wp\/v2\/product\/9713","targetHints":{"allow":["GET"]}}],"collection":[{"href":"https:\/\/mtsimtech.hu\/en\/wp-json\/wp\/v2\/product"}],"about":[{"href":"https:\/\/mtsimtech.hu\/en\/wp-json\/wp\/v2\/types\/product"}],"wp:featuredmedia":[{"embeddable":true,"href":"https:\/\/mtsimtech.hu\/en\/wp-json\/wp\/v2\/media\/10595"}],"wp:attachment":[{"href":"https:\/\/mtsimtech.hu\/en\/wp-json\/wp\/v2\/media?parent=9713"}],"wp:term":[{"taxonomy":"product_brand","embeddable":true,"href":"https:\/\/mtsimtech.hu\/en\/wp-json\/wp\/v2\/product_brand?post=9713"},{"taxonomy":"product_cat","embeddable":true,"href":"https:\/\/mtsimtech.hu\/en\/wp-json\/wp\/v2\/product_cat?post=9713"},{"taxonomy":"product_tag","embeddable":true,"href":"https:\/\/mtsimtech.hu\/en\/wp-json\/wp\/v2\/product_tag?post=9713"}],"curies":[{"name":"wp","href":"https:\/\/api.w.org\/{rel}","templated":true}]}}